{"id":63651,"date":"2023-02-15T10:41:18","date_gmt":"2023-02-15T09:41:18","guid":{"rendered":"https:\/\/pgwear.net\/?post_type=product&#038;p=63651"},"modified":"2026-03-20T14:30:00","modified_gmt":"2026-03-20T13:30:00","slug":"t-shirt-basic-no-respect-navy","status":"publish","type":"product","link":"https:\/\/pgwear.net\/de\/p\/t-shirt-basic-no-respect-navy\/","title":{"rendered":"T-shirt &#8220;Basic&#8221; No Respect Navy"},"content":{"rendered":"<p>Stelle deine eigene Basisgarderobe with <a href=\"https:\/\/pgwear.net\/de\/tag\/no-respect-de\/\">NO RESPECT<\/a>&#8211; Produkten her! L\u00e4ssiges, absolut minimalistisches <a href=\"https:\/\/pgwear.net\/de\/c\/t-shirts-de\/\">T-Shirt<\/a> <a href=\"https:\/\/pgwear.net\/de\/material\/100-baumwolle-de-2\/\">aus Baumwolle<\/a>, das auf der Vorderseite <a href=\"https:\/\/pgwear.net\/de\/feature\/balaclava-motiv\/\">mit dem Sturmhaubenlogo<\/a> verziert ist. Dieser Artikel ist ein perfektes St\u00fcck f\u00fcr die Garderobe jedes Fu\u00dfballfans (und nicht nur!), um ihn sowohl auf der Stra\u00dfe, als auch im Stadion zu tragen! Erh\u00e4ltlich in drei Farbversionen.<\/p>\n","protected":false},"excerpt":{"rendered":"<p>Stelle deine eigene Basisgarderobe with NO RESPECT- Produkten her! L\u00e4ssiges, absolut minimalistisches T-Shirt aus Baumwolle, das auf der Vorderseite mit dem Sturmhaubenlogo verziert ist.<\/p>\n","protected":false},"featured_media":63614,"template":"","meta":{"_acf_changed":false},"product_brand":[],"product_cat":[658,3613,660],"product_tag":[1976],"class_list":{"0":"post-63651","1":"product","2":"type-product","3":"status-publish","4":"has-post-thumbnail","6":"product_cat-neuheiten","7":"product_cat-no-respect-de","8":"product_cat-t-shirts-de","9":"product_tag-no-respect-de","10":"pa_gramatura-180-gr-m2-de","11":"pa_kolor-marineblau","12":"pa_kroj-klassisch","13":"pa_material-100-baumwolle-de-2","14":"pa_rozmiar-l-de","15":"pa_rozmiar-m-de-2","16":"pa_rozmiar-s-de","17":"pa_rozmiar-xl-de","18":"pa_rozmiar-xxl-de","19":"pa_rozmiar-xxxl-de","20":"feature-balaclava-motiv","22":"first","23":"instock","24":"taxable","25":"shipping-taxable","26":"purchasable","27":"product-type-variable"},"acf":[],"_links":{"self":[{"href":"https:\/\/pgwear.net\/de\/wp-json\/wp\/v2\/product\/63651","targetHints":{"allow":["GET"]}}],"collection":[{"href":"https:\/\/pgwear.net\/de\/wp-json\/wp\/v2\/product"}],"about":[{"href":"https:\/\/pgwear.net\/de\/wp-json\/wp\/v2\/types\/product"}],"wp:featuredmedia":[{"embeddable":true,"href":"https:\/\/pgwear.net\/de\/wp-json\/wp\/v2\/media\/63614"}],"wp:attachment":[{"href":"https:\/\/pgwear.net\/de\/wp-json\/wp\/v2\/media?parent=63651"}],"wp:term":[{"taxonomy":"product_brand","embeddable":true,"href":"https:\/\/pgwear.net\/de\/wp-json\/wp\/v2\/product_brand?post=63651"},{"taxonomy":"product_cat","embeddable":true,"href":"https:\/\/pgwear.net\/de\/wp-json\/wp\/v2\/product_cat?post=63651"},{"taxonomy":"product_tag","embeddable":true,"href":"https:\/\/pgwear.net\/de\/wp-json\/wp\/v2\/product_tag?post=63651"}],"curies":[{"name":"wp","href":"https:\/\/api.w.org\/{rel}","templated":true}]}}