{"id":66407,"date":"2023-03-01T10:56:14","date_gmt":"2023-03-01T09:56:14","guid":{"rendered":"https:\/\/pgwear.net\/p\/sweatshirt-basic-raglan-olive-melange\/"},"modified":"2026-02-25T09:00:00","modified_gmt":"2026-02-25T08:00:00","slug":"sweatshirt-basic-raglan-olive-melange","status":"publish","type":"product","link":"https:\/\/pgwear.net\/de\/p\/sweatshirt-basic-raglan-olive-melange\/","title":{"rendered":"Sweatshirt &#8220;Basic Raglan&#8221; Olive Melange"},"content":{"rendered":"<p>Das minimalistische Sweatshirt ist ein Must-Have in der Garderobe jedes Ultras, Hooligans oder gew\u00f6hnliches Fu\u00dfballfans! Es passt zu jedem Outfit, egal wo du bist, zuhause oder ausw\u00e4rts, auf Spiel oder Date, auf der Stra\u00dfe oder im Stadion! F\u00fcr k\u00e4ltere Abende mit Freunden in der Kneipe oder f\u00fcr ein l\u00e4ngeres Ausw\u00e4rtsspiel. Schnapp dir das Sweatshirt RAGLAN von PGWEAR ULTRAS SHOP!<\/p>\n","protected":false},"excerpt":{"rendered":"<p>Das minimalistische Sweatshirt ist ein Must-Have in der Garderobe jedes Ultras, Hooligans oder gew\u00f6hnliches Fu\u00dfballfans!<\/p>\n","protected":false},"featured_media":66110,"template":"","meta":{"_acf_changed":false},"product_brand":[],"product_cat":[658,3559,610],"product_tag":[3841,3279,2839],"class_list":{"0":"post-66407","1":"product","2":"type-product","3":"status-publish","4":"has-post-thumbnail","6":"product_cat-neuheiten","7":"product_cat-sweatshirts-de","8":"product_cat-sweatshirts","9":"product_tag-blue-monday","10":"product_tag-letzte-chance","11":"product_tag-sale-de","12":"pa_gramatura-290-gr-m2-de","13":"pa_kolekcja-fruhling-sommer-2023","14":"pa_kolor-olivgruen-de","15":"pa_kroj-raglan-de","16":"pa_material-100-baumwolle-de-2","17":"pa_rozmiar-l-de","18":"pa_rozmiar-m-de-2","19":"pa_rozmiar-s-de","20":"pa_rozmiar-xl-de","21":"pa_rozmiar-xxl-de","22":"pa_rozmiar-xxxl-de","24":"first","25":"instock","26":"sale","27":"taxable","28":"shipping-taxable","29":"purchasable","30":"product-type-variable"},"acf":[],"_links":{"self":[{"href":"https:\/\/pgwear.net\/de\/wp-json\/wp\/v2\/product\/66407","targetHints":{"allow":["GET"]}}],"collection":[{"href":"https:\/\/pgwear.net\/de\/wp-json\/wp\/v2\/product"}],"about":[{"href":"https:\/\/pgwear.net\/de\/wp-json\/wp\/v2\/types\/product"}],"wp:featuredmedia":[{"embeddable":true,"href":"https:\/\/pgwear.net\/de\/wp-json\/wp\/v2\/media\/66110"}],"wp:attachment":[{"href":"https:\/\/pgwear.net\/de\/wp-json\/wp\/v2\/media?parent=66407"}],"wp:term":[{"taxonomy":"product_brand","embeddable":true,"href":"https:\/\/pgwear.net\/de\/wp-json\/wp\/v2\/product_brand?post=66407"},{"taxonomy":"product_cat","embeddable":true,"href":"https:\/\/pgwear.net\/de\/wp-json\/wp\/v2\/product_cat?post=66407"},{"taxonomy":"product_tag","embeddable":true,"href":"https:\/\/pgwear.net\/de\/wp-json\/wp\/v2\/product_tag?post=66407"}],"curies":[{"name":"wp","href":"https:\/\/api.w.org\/{rel}","templated":true}]}}