{"id":67530,"date":"2023-03-08T08:42:46","date_gmt":"2023-03-08T07:42:46","guid":{"rendered":"https:\/\/pgwear.net\/?post_type=product&#038;p=67530"},"modified":"2025-12-02T12:39:48","modified_gmt":"2025-12-02T11:39:48","slug":"track-top-boss-navy","status":"publish","type":"product","link":"https:\/\/pgwear.net\/de\/p\/track-top-boss-navy\/","title":{"rendered":"Track Top &#8220;Boss&#8221; Navy"},"content":{"rendered":"<p>Die ikonische Trainingsjacke wurde ab den 80er Jahren bei Fu\u00dfball-Casuals beliebt und ist auch heute noch ein zeitloser Klassiker! Diesmal wurde die Jacke aus dem hochwertigsten Stoff, der eine Mischung aus Baumwolle und Polyester produziert. Tragekomfort, W\u00e4rme (an k\u00e4lteren Fr\u00fchlings- oder Sommertagen) und Stil garantiert von PGWEAR ULTRAS SHOP! W\u00e4hle deine geliebte Farbvariante aus sechs verf\u00fcgbaren und trage dieses Produkt stolz sowohl auf der Stra\u00dfe als auch im Stadion!<\/p>\n","protected":false},"excerpt":{"rendered":"<p>Die ikonische Trainingsjacke wurde ab den 80er Jahren bei Fu\u00dfball-Casuals beliebt und ist auch heute noch ein zeitloser Klassiker!<\/p>\n","protected":false},"featured_media":67619,"template":"","meta":{"_acf_changed":false},"product_brand":[],"product_cat":[658,610,3565],"product_tag":[2127],"class_list":{"0":"post-67530","1":"product","2":"type-product","3":"status-publish","4":"has-post-thumbnail","6":"product_cat-neuheiten","7":"product_cat-sweatshirts","8":"product_cat-trainingsjacken","9":"product_tag-retro-de","10":"pa_gramatura-280-gr-m2-de","11":"pa_kolekcja-fruhling-sommer-2023","12":"pa_kolor-marineblau","13":"pa_kroj-klassisch","14":"pa_material-40-polyester-de","15":"pa_material-60-baumwolle","16":"pa_rozmiar-l-de","17":"pa_rozmiar-m-de-2","18":"pa_rozmiar-s-de","19":"pa_rozmiar-xl-de","20":"pa_rozmiar-xxl-de","21":"pa_rozmiar-xxxl-de","23":"first","24":"outofstock","25":"taxable","26":"shipping-taxable","27":"product-type-variable"},"acf":[],"_links":{"self":[{"href":"https:\/\/pgwear.net\/de\/wp-json\/wp\/v2\/product\/67530","targetHints":{"allow":["GET"]}}],"collection":[{"href":"https:\/\/pgwear.net\/de\/wp-json\/wp\/v2\/product"}],"about":[{"href":"https:\/\/pgwear.net\/de\/wp-json\/wp\/v2\/types\/product"}],"wp:featuredmedia":[{"embeddable":true,"href":"https:\/\/pgwear.net\/de\/wp-json\/wp\/v2\/media\/67619"}],"wp:attachment":[{"href":"https:\/\/pgwear.net\/de\/wp-json\/wp\/v2\/media?parent=67530"}],"wp:term":[{"taxonomy":"product_brand","embeddable":true,"href":"https:\/\/pgwear.net\/de\/wp-json\/wp\/v2\/product_brand?post=67530"},{"taxonomy":"product_cat","embeddable":true,"href":"https:\/\/pgwear.net\/de\/wp-json\/wp\/v2\/product_cat?post=67530"},{"taxonomy":"product_tag","embeddable":true,"href":"https:\/\/pgwear.net\/de\/wp-json\/wp\/v2\/product_tag?post=67530"}],"curies":[{"name":"wp","href":"https:\/\/api.w.org\/{rel}","templated":true}]}}