{"id":70196,"date":"2023-03-16T09:51:25","date_gmt":"2023-03-16T08:51:25","guid":{"rendered":"https:\/\/pgwear.net\/p\/full-face-jacke-bastion-sand\/"},"modified":"2026-04-04T23:02:44","modified_gmt":"2026-04-04T21:02:44","slug":"aw23-full-face-jacke-bastion-sand","status":"publish","type":"product","link":"https:\/\/pgwear.net\/de\/p\/aw23-full-face-jacke-bastion-sand\/","title":{"rendered":"Full Face Softshell Jacke &#8220;Bastion&#8221; Sand"},"content":{"rendered":"<p>Die einzigartige und bekannte <a href=\"https:\/\/pgwear.net\/de\/c\/jacken\/\">Jacke von PGWEAR<\/a> ist perfekt f\u00fcr jeden, vom gelegentlichen Stadionbesucher bis zum Hardcore-Fu\u00dfballfan und Ultras! Kurtka &#8220;Bastion&#8221; nie tylko ogrzeje Ci\u0119 w ch\u0142odne czy deszczowe dni na trybunach, ale tak\u017ce ochroni Twoj\u0105 twarz przed policj\u0105 i kamerami dzi\u0119ki <a href=\"https:\/\/pgwear.net\/de\/feature\/integrierte-sturmhaube\/\">wszytej w ko\u0142nierz kominiarce<\/a>! Ozdobiona naszym logo z przodu oraz sk\u00f3rzanym logo na r\u0119kawie. Die Jacke verf\u00fcgt \u00fcber <a href=\"https:\/\/pgwear.net\/de\/feature\/grose-tasche\/\">eine gro\u00dfe, ger\u00e4umige K\u00e4ngurutasche<\/a> auf der Vorderseite, in der du Pyrot verstecken kannst! Diese Farbvariante ist perfekt, wenn du solche Teams wie SG Dynamo Dresden, FC Carl Zeiss Jena, 1. FC Lokomotive Leipzig, AIK Fotboll usw. unterst\u00fczt.<\/p>\n","protected":false},"excerpt":{"rendered":"<p>Die einzigartige und bekannte Jacke von PGWEAR ist perfekt f\u00fcr jeden, vom gelegentlichen Stadionbesucher bis zum Hardcore-Fu\u00dfballfan und Ultras!<\/p>\n","protected":false},"featured_media":92156,"template":"","meta":{"_acf_changed":false},"product_brand":[],"product_cat":[656,3589],"product_tag":[2299,2839],"class_list":{"0":"post-70196","1":"product","2":"type-product","3":"status-publish","4":"has-post-thumbnail","6":"product_cat-jacken","7":"product_cat-softshelljacken","8":"product_tag-herbst-winter-2023","9":"product_tag-sale-de","10":"pa_gramatura-320gr-m2-de","11":"pa_kolekcja-herbst-winter-2023","12":"pa_kolor-sand-de","13":"pa_kroj-klassisch","14":"pa_material-100-polyester-de-3","15":"pa_nadruk-drytex-logo-auf-der-ruckseite","16":"pa_nadruk-reflektierendes-logo-auf-der-rechten-schulter","17":"pa_rozmiar-l-de","18":"pa_rozmiar-m-de-2","19":"pa_rozmiar-s-de","20":"pa_rozmiar-xl-de","21":"pa_rozmiar-xxl-de","22":"pa_rozmiar-xxxl-de","23":"feature-grose-tasche","24":"feature-integrierte-sturmhaube","25":"feature-versteckte-tasche","27":"first","28":"outofstock","29":"taxable","30":"shipping-taxable","31":"product-type-variable"},"acf":[],"_links":{"self":[{"href":"https:\/\/pgwear.net\/de\/wp-json\/wp\/v2\/product\/70196","targetHints":{"allow":["GET"]}}],"collection":[{"href":"https:\/\/pgwear.net\/de\/wp-json\/wp\/v2\/product"}],"about":[{"href":"https:\/\/pgwear.net\/de\/wp-json\/wp\/v2\/types\/product"}],"wp:featuredmedia":[{"embeddable":true,"href":"https:\/\/pgwear.net\/de\/wp-json\/wp\/v2\/media\/92156"}],"wp:attachment":[{"href":"https:\/\/pgwear.net\/de\/wp-json\/wp\/v2\/media?parent=70196"}],"wp:term":[{"taxonomy":"product_brand","embeddable":true,"href":"https:\/\/pgwear.net\/de\/wp-json\/wp\/v2\/product_brand?post=70196"},{"taxonomy":"product_cat","embeddable":true,"href":"https:\/\/pgwear.net\/de\/wp-json\/wp\/v2\/product_cat?post=70196"},{"taxonomy":"product_tag","embeddable":true,"href":"https:\/\/pgwear.net\/de\/wp-json\/wp\/v2\/product_tag?post=70196"}],"curies":[{"name":"wp","href":"https:\/\/api.w.org\/{rel}","templated":true}]}}