{"id":70372,"date":"2023-03-16T09:51:14","date_gmt":"2023-03-16T08:51:14","guid":{"rendered":"https:\/\/pgwear.net\/p\/mask-softshell-parka-harbour-sand\/"},"modified":"2026-02-23T14:52:00","modified_gmt":"2026-02-23T13:52:00","slug":"aw23-mask-softshell-parka-harbour-sand","status":"publish","type":"product","link":"https:\/\/pgwear.net\/de\/p\/aw23-mask-softshell-parka-harbour-sand\/","title":{"rendered":"Mask Softshell Parka &#8220;Harbour&#8221; Sand"},"content":{"rendered":"<p>Erstmals im PGWEAR Ultras Shop &#8211; Eine Premiere im PGWEAR ultras Shop &#8211; eine <a href=\"https:\/\/pgwear.net\/de\/c\/jacken\/\">Parka-Jacke<\/a> aus hochwertigem Softshell-Material &#8211; Drytex by PGWEAR! Dank dieses Produkts kannst du dich auf zwei Dinge verlassen \u2013 du wirst nie nass und immer gut aussehen. Der &#8220;Harbour&#8221; Parka passt perfekt zu jedem Freizeitoutfit, egal ob du im Stadion oder &#8230; im Theater bist! Die <a href=\"https:\/\/pgwear.net\/de\/feature\/integrierte-maske\/\">in den Kragen integrierte Maske<\/a> ist eine gro\u00dfartige L\u00f6sung f\u00fcr alle Ultras und sorgt f\u00fcr Anonymit\u00e4t vor der <a href=\"https:\/\/pgwear.net\/de\/feature\/acab-de\/\">Akab<\/a>. Das Produkt ist in 3 Farben erh\u00e4ltlich.<\/p>\n","protected":false},"excerpt":{"rendered":"<p>.<\/p>\n","protected":false},"featured_media":91937,"template":"","meta":{"_acf_changed":false},"product_brand":[],"product_cat":[3589],"product_tag":[2299,2839],"class_list":{"0":"post-70372","1":"product","2":"type-product","3":"status-publish","4":"has-post-thumbnail","6":"product_cat-softshelljacken","7":"product_tag-herbst-winter-2023","8":"product_tag-sale-de","9":"pa_gramatura-320gr-m2-de","10":"pa_kolekcja-herbst-winter-2023","11":"pa_kolor-sand-de","12":"pa_kroj-klassisch","13":"pa_material-100-polyester-de-3","14":"pa_nadruk-drytex-logo-auf-der-ruckseite","15":"pa_rozmiar-l-de","16":"pa_rozmiar-m-de-2","17":"pa_rozmiar-s-de","18":"pa_rozmiar-xl-de","19":"pa_rozmiar-xxl-de","20":"pa_rozmiar-xxxl-de","21":"feature-integrierte-maske","22":"feature-versteckte-tasche","23":"feature-wasserdichte","25":"first","26":"instock","27":"taxable","28":"shipping-taxable","29":"purchasable","30":"product-type-variable"},"acf":[],"_links":{"self":[{"href":"https:\/\/pgwear.net\/de\/wp-json\/wp\/v2\/product\/70372","targetHints":{"allow":["GET"]}}],"collection":[{"href":"https:\/\/pgwear.net\/de\/wp-json\/wp\/v2\/product"}],"about":[{"href":"https:\/\/pgwear.net\/de\/wp-json\/wp\/v2\/types\/product"}],"wp:featuredmedia":[{"embeddable":true,"href":"https:\/\/pgwear.net\/de\/wp-json\/wp\/v2\/media\/91937"}],"wp:attachment":[{"href":"https:\/\/pgwear.net\/de\/wp-json\/wp\/v2\/media?parent=70372"}],"wp:term":[{"taxonomy":"product_brand","embeddable":true,"href":"https:\/\/pgwear.net\/de\/wp-json\/wp\/v2\/product_brand?post=70372"},{"taxonomy":"product_cat","embeddable":true,"href":"https:\/\/pgwear.net\/de\/wp-json\/wp\/v2\/product_cat?post=70372"},{"taxonomy":"product_tag","embeddable":true,"href":"https:\/\/pgwear.net\/de\/wp-json\/wp\/v2\/product_tag?post=70372"}],"curies":[{"name":"wp","href":"https:\/\/api.w.org\/{rel}","templated":true}]}}