{"id":70449,"date":"2023-03-16T09:51:10","date_gmt":"2023-03-16T08:51:10","guid":{"rendered":"https:\/\/pgwear.net\/p\/ninja-hoodie-combat-black-yellow\/"},"modified":"2026-03-25T17:50:01","modified_gmt":"2026-03-25T16:50:01","slug":"aw23-ninja-hoodie-combat-black-yellow","status":"publish","type":"product","link":"https:\/\/pgwear.net\/de\/p\/aw23-ninja-hoodie-combat-black-yellow\/","title":{"rendered":"Ninja Hoodie &#8220;Combat&#8221; Black Yellow"},"content":{"rendered":"<p>Der klassische schwarz-gelbe <a href=\"https:\/\/pgwear.net\/de\/c\/sweatshirts\/\">Hoodie<\/a>, von dem jeder tr\u00e4umt, besonders Fans von Mannschaften wie SG Dynamo Dresden, FC Carl Zeiss Jena, 1. FC Lokomotive Leipzig, AIK Fotboll usw.! Die Ninja-Kapuze ist das herausragende Merkmal dieses Produkts! Du kannst dir sicher sein, dass dein Gesicht mit diesem Sweatshirt sowohl auf der Stra\u00dfe als auch auf der Trib\u00fcne ausreichend vor Gegnern, Polizei oder Kameras gesch\u00fctzt ist!<\/p>\n","protected":false},"excerpt":{"rendered":"<p>Der klassische schwarz-gelbe Kapuzenpullover, von dem jeder tr\u00e4umt, besonders Fans von Teams wie SG Dynamo Dresden, FC Carl Zeiss Jena, 1. FC Lokomotive Leipzig, AIK Fotboll usw.!<\/p>\n","protected":false},"featured_media":91849,"template":"","meta":{"_acf_changed":false},"product_brand":[],"product_cat":[610,3561,3563],"product_tag":[3841,2299,3279,2839],"class_list":{"0":"post-70449","1":"product","2":"type-product","3":"status-publish","4":"has-post-thumbnail","6":"product_cat-sweatshirts","7":"product_cat-kapuzenpullover","8":"product_cat-kapuzenpullover-mit-sturmhaube","9":"product_tag-blue-monday","10":"product_tag-herbst-winter-2023","11":"product_tag-letzte-chance","12":"product_tag-sale-de","13":"pa_gramatura-280-gr-m2-de","14":"pa_kolekcja-herbst-winter-2023","15":"pa_kolor-schwarz-gelb","16":"pa_kroj-klassisch","17":"pa_material-100-baumwolle-de-2","18":"pa_rozmiar-l-de","19":"pa_rozmiar-m-de-2","20":"pa_rozmiar-s-de","21":"pa_rozmiar-xl-de","22":"pa_rozmiar-xxl-de","23":"pa_rozmiar-xxxl-de","24":"feature-grose-tasche","25":"feature-integrierte-sturmhaube","27":"first","28":"instock","29":"sale","30":"taxable","31":"shipping-taxable","32":"purchasable","33":"product-type-variable"},"acf":[],"_links":{"self":[{"href":"https:\/\/pgwear.net\/de\/wp-json\/wp\/v2\/product\/70449","targetHints":{"allow":["GET"]}}],"collection":[{"href":"https:\/\/pgwear.net\/de\/wp-json\/wp\/v2\/product"}],"about":[{"href":"https:\/\/pgwear.net\/de\/wp-json\/wp\/v2\/types\/product"}],"wp:featuredmedia":[{"embeddable":true,"href":"https:\/\/pgwear.net\/de\/wp-json\/wp\/v2\/media\/91849"}],"wp:attachment":[{"href":"https:\/\/pgwear.net\/de\/wp-json\/wp\/v2\/media?parent=70449"}],"wp:term":[{"taxonomy":"product_brand","embeddable":true,"href":"https:\/\/pgwear.net\/de\/wp-json\/wp\/v2\/product_brand?post=70449"},{"taxonomy":"product_cat","embeddable":true,"href":"https:\/\/pgwear.net\/de\/wp-json\/wp\/v2\/product_cat?post=70449"},{"taxonomy":"product_tag","embeddable":true,"href":"https:\/\/pgwear.net\/de\/wp-json\/wp\/v2\/product_tag?post=70449"}],"curies":[{"name":"wp","href":"https:\/\/api.w.org\/{rel}","templated":true}]}}