{"id":70846,"date":"2023-03-16T09:50:51","date_gmt":"2023-03-16T08:50:51","guid":{"rendered":"https:\/\/pgwear.net\/p\/full-face-kapuzenpullover-tornado-mustard\/"},"modified":"2026-02-05T08:53:06","modified_gmt":"2026-02-05T07:53:06","slug":"aw23-full-face-kapuzenpullover-tornado-mustard","status":"publish","type":"product","link":"https:\/\/pgwear.net\/de\/p\/aw23-full-face-kapuzenpullover-tornado-mustard\/","title":{"rendered":"Full Face Kapuzenpullover &#8220;Tornado&#8221; Mustard"},"content":{"rendered":"<p>Legend\u00e4rer PGWEAR-Hoodie mit durchgehendem Rei\u00dfverschluss, in die Kapuze eingen\u00e4hter Sturmhaube und ger\u00e4umigen Seitentaschen. Hergestellt aus Materialien h\u00f6chster Qualit\u00e4t mit Liebe zum Detail! Egal, woh du dich befindest, zu Hause oder unterwegs, dieses Produkt sch\u00fctzt vor Polizei und CCTV-Kameras, sowohl auf der Stra\u00dfe als auch im Stadion! W\u00e4hle diese Farbvariante, wenn du Fu\u00dfballvereine wie SG Dynamo Dresden, FC Carl Zeiss Jena, 1. FC Lokomotive Leipzig, AIK Fotboll usw. unterst\u00fctzt.<\/p>\n","protected":false},"excerpt":{"rendered":"<p>Legend\u00e4rer PGWEAR-Hoodie mit durchgehendem Rei\u00dfverschluss, in die Kapuze eingen\u00e4hter Sturmhaube und ger\u00e4umigen Seitentaschen. Hergestellt aus Materialien h\u00f6chster Qualit\u00e4t mit Liebe zum Detail!<\/p>\n","protected":false},"featured_media":90098,"template":"","meta":{"_acf_changed":false},"product_brand":[],"product_cat":[610,3561,3563],"product_tag":[2299,3279,2839],"class_list":{"0":"post-70846","1":"product","2":"type-product","3":"status-publish","4":"has-post-thumbnail","6":"product_cat-sweatshirts","7":"product_cat-kapuzenpullover","8":"product_cat-kapuzenpullover-mit-sturmhaube","9":"product_tag-herbst-winter-2023","10":"product_tag-letzte-chance","11":"product_tag-sale-de","12":"pa_gramatura-280-gr-m2-de","13":"pa_kolor-gelb","14":"pa_kroj-klassisch","15":"pa_material-100-baumwolle-de-2","16":"pa_rozmiar-l-de","17":"pa_rozmiar-m-de-2","18":"pa_rozmiar-s-de","19":"pa_rozmiar-xl-de","20":"pa_rozmiar-xxl-de","21":"pa_rozmiar-xxxl-de","22":"feature-grose-tasche","23":"feature-integrierte-sturmhaube","25":"first","26":"outofstock","27":"taxable","28":"shipping-taxable","29":"product-type-variable"},"acf":[],"_links":{"self":[{"href":"https:\/\/pgwear.net\/de\/wp-json\/wp\/v2\/product\/70846","targetHints":{"allow":["GET"]}}],"collection":[{"href":"https:\/\/pgwear.net\/de\/wp-json\/wp\/v2\/product"}],"about":[{"href":"https:\/\/pgwear.net\/de\/wp-json\/wp\/v2\/types\/product"}],"wp:featuredmedia":[{"embeddable":true,"href":"https:\/\/pgwear.net\/de\/wp-json\/wp\/v2\/media\/90098"}],"wp:attachment":[{"href":"https:\/\/pgwear.net\/de\/wp-json\/wp\/v2\/media?parent=70846"}],"wp:term":[{"taxonomy":"product_brand","embeddable":true,"href":"https:\/\/pgwear.net\/de\/wp-json\/wp\/v2\/product_brand?post=70846"},{"taxonomy":"product_cat","embeddable":true,"href":"https:\/\/pgwear.net\/de\/wp-json\/wp\/v2\/product_cat?post=70846"},{"taxonomy":"product_tag","embeddable":true,"href":"https:\/\/pgwear.net\/de\/wp-json\/wp\/v2\/product_tag?post=70846"}],"curies":[{"name":"wp","href":"https:\/\/api.w.org\/{rel}","templated":true}]}}