{"id":70967,"date":"2023-03-16T09:50:46","date_gmt":"2023-03-16T08:50:46","guid":{"rendered":"https:\/\/pgwear.net\/p\/full-face-kapuzenpullover-hands-black\/"},"modified":"2026-03-17T23:54:39","modified_gmt":"2026-03-17T22:54:39","slug":"full-face-kapuzenpullover-hands-schwarz","status":"publish","type":"product","link":"https:\/\/pgwear.net\/de\/p\/full-face-kapuzenpullover-hands-schwarz\/","title":{"rendered":"Full Face Kapuzenpullover &#8220;Hands&#8221; Schwarz"},"content":{"rendered":"<p>Unz\u00e4hlige Male in Anfield geh\u00f6rt und gesehen, landet der ber\u00fchmte Slogan auf dem T-Shirt von PGWEAR. YOU&#8217;LL NEVER WALK ALONE \u2013 der Satz, der sich unter Ultras und Fu\u00dfballfans auf der ganzen Welt weit verbreitet hat, ist heute einer der wesentlichen Bestandteile der Ultras-Kultur! Egal ob gute oder schlechte Zeiten sind, der geliebte Verein wird immer von den engagiertesten Fans unterst\u00fctzt! Klassische Passform, beeindruckender Aufdruck auf der Vorderseite und Sturmhaube in der Kapuze lassen niemanden gleichg\u00fcltig!<\/p>\n","protected":false},"excerpt":{"rendered":"<p>Unz\u00e4hlige Male in Anfield geh\u00f6rt und gesehen, landet der ber\u00fchmte Slogan auf dem T-Shirt von PGWEAR. YOU&#8217;LL NEVER WALK ALONE \u2013 der Satz, der sich unter Ultras und Fu\u00dfballfans auf der ganzen Welt weit verbreitet hat, ist heute einer der wesentlichen Bestandteile der Ultras-Kultur!<\/p>\n","protected":false},"featured_media":89970,"template":"","meta":{"_acf_changed":false},"product_brand":[],"product_cat":[610,3561,3563],"product_tag":[2299,3279,2839],"class_list":{"0":"post-70967","1":"product","2":"type-product","3":"status-publish","4":"has-post-thumbnail","6":"product_cat-sweatshirts","7":"product_cat-kapuzenpullover","8":"product_cat-kapuzenpullover-mit-sturmhaube","9":"product_tag-herbst-winter-2023","10":"product_tag-letzte-chance","11":"product_tag-sale-de","12":"pa_gramatura-340-gr-m2-de","13":"pa_kolekcja-herbst-winter-2023","14":"pa_kolor-schwarz","15":"pa_kroj-klassisch","16":"pa_material-100-baumwolle-de-2","17":"pa_nadruk-grosser-brustaufdruck","18":"pa_rozmiar-l-de","19":"pa_rozmiar-m-de-2","20":"pa_rozmiar-s-de","21":"pa_rozmiar-xl-de","22":"pa_rozmiar-xxl-de","23":"pa_rozmiar-xxxl-de","24":"feature-integrierte-sturmhaube","25":"feature-youll-never-walk-alone-de","27":"first","28":"instock","29":"sale","30":"taxable","31":"shipping-taxable","32":"purchasable","33":"product-type-variable"},"acf":[],"_links":{"self":[{"href":"https:\/\/pgwear.net\/de\/wp-json\/wp\/v2\/product\/70967","targetHints":{"allow":["GET"]}}],"collection":[{"href":"https:\/\/pgwear.net\/de\/wp-json\/wp\/v2\/product"}],"about":[{"href":"https:\/\/pgwear.net\/de\/wp-json\/wp\/v2\/types\/product"}],"wp:featuredmedia":[{"embeddable":true,"href":"https:\/\/pgwear.net\/de\/wp-json\/wp\/v2\/media\/89970"}],"wp:attachment":[{"href":"https:\/\/pgwear.net\/de\/wp-json\/wp\/v2\/media?parent=70967"}],"wp:term":[{"taxonomy":"product_brand","embeddable":true,"href":"https:\/\/pgwear.net\/de\/wp-json\/wp\/v2\/product_brand?post=70967"},{"taxonomy":"product_cat","embeddable":true,"href":"https:\/\/pgwear.net\/de\/wp-json\/wp\/v2\/product_cat?post=70967"},{"taxonomy":"product_tag","embeddable":true,"href":"https:\/\/pgwear.net\/de\/wp-json\/wp\/v2\/product_tag?post=70967"}],"curies":[{"name":"wp","href":"https:\/\/api.w.org\/{rel}","templated":true}]}}