{"id":70996,"date":"2023-03-16T09:50:44","date_gmt":"2023-03-16T08:50:44","guid":{"rendered":"https:\/\/pgwear.net\/p\/full-face-kapuzenpullover-avanti-ultras-black\/"},"modified":"2026-03-16T09:13:29","modified_gmt":"2026-03-16T08:13:29","slug":"aw23-full-face-kapuzenpullover-avanti-ultras-black","status":"publish","type":"product","link":"https:\/\/pgwear.net\/de\/p\/aw23-full-face-kapuzenpullover-avanti-ultras-black\/","title":{"rendered":"Full Face-Kapuzenpullover \u201cAvanti Ultras\u201d Navy"},"content":{"rendered":"<p>Jede aktive Trib\u00fcne im Stadion besteht mehr oder weniger aus diesen drei Arten von Menschen: Gelegenheits-Fu\u00dfballfans, hingebungsvolle Ultras und eingefleischte Fu\u00dfball-Hooligans. Unsere Bewegung kann nicht gut funktionieren, wenn uns mindestens eine dieser Gruppen fehlt! Daf\u00fcr steht der Aufdruck auf dem PGWEAR Full-Face-Hoodie. Klassische Passform, beeindruckender Aufdruck auf der Vorderseite und Sturmhaube in der Kapuze lassen niemanden gleichg\u00fcltig! AVANTI ULTRAS!<\/p>\n","protected":false},"excerpt":{"rendered":"<p>Jede aktive Trib\u00fcne im Stadion besteht mehr oder weniger aus diesen drei Arten von Menschen: Gelegenheits-Fu\u00dfballfans, hingebungsvolle Ultras und eingefleischte Fu\u00dfball-Hooligans.<\/p>\n","protected":false},"featured_media":89937,"template":"","meta":{"_acf_changed":false},"product_brand":[],"product_cat":[610,3561,3563],"product_tag":[3841,2299,3279,2839],"class_list":{"0":"post-70996","1":"product","2":"type-product","3":"status-publish","4":"has-post-thumbnail","6":"product_cat-sweatshirts","7":"product_cat-kapuzenpullover","8":"product_cat-kapuzenpullover-mit-sturmhaube","9":"product_tag-blue-monday","10":"product_tag-herbst-winter-2023","11":"product_tag-letzte-chance","12":"product_tag-sale-de","13":"pa_gramatura-340-gr-m2-de","14":"pa_kolekcja-herbst-winter-2023","15":"pa_kolor-marineblau","16":"pa_kroj-klassisch","17":"pa_material-100-baumwolle-de-2","18":"pa_nadruk-grosser-brustaufdruck","19":"pa_rozmiar-l-de","20":"pa_rozmiar-m-de-2","21":"pa_rozmiar-s-de","22":"pa_rozmiar-xl-de","23":"pa_rozmiar-xxl-de","24":"pa_rozmiar-xxxl-de","25":"feature-die-aufschrift-ultras","26":"feature-integrierte-sturmhaube","28":"first","29":"instock","30":"sale","31":"taxable","32":"shipping-taxable","33":"purchasable","34":"product-type-variable"},"acf":[],"_links":{"self":[{"href":"https:\/\/pgwear.net\/de\/wp-json\/wp\/v2\/product\/70996","targetHints":{"allow":["GET"]}}],"collection":[{"href":"https:\/\/pgwear.net\/de\/wp-json\/wp\/v2\/product"}],"about":[{"href":"https:\/\/pgwear.net\/de\/wp-json\/wp\/v2\/types\/product"}],"wp:featuredmedia":[{"embeddable":true,"href":"https:\/\/pgwear.net\/de\/wp-json\/wp\/v2\/media\/89937"}],"wp:attachment":[{"href":"https:\/\/pgwear.net\/de\/wp-json\/wp\/v2\/media?parent=70996"}],"wp:term":[{"taxonomy":"product_brand","embeddable":true,"href":"https:\/\/pgwear.net\/de\/wp-json\/wp\/v2\/product_brand?post=70996"},{"taxonomy":"product_cat","embeddable":true,"href":"https:\/\/pgwear.net\/de\/wp-json\/wp\/v2\/product_cat?post=70996"},{"taxonomy":"product_tag","embeddable":true,"href":"https:\/\/pgwear.net\/de\/wp-json\/wp\/v2\/product_tag?post=70996"}],"curies":[{"name":"wp","href":"https:\/\/api.w.org\/{rel}","templated":true}]}}