{"id":71049,"date":"2023-03-16T09:50:42","date_gmt":"2023-03-16T08:50:42","guid":{"rendered":"https:\/\/pgwear.net\/p\/full-face-kapuzenpullover-never-walk-alone-black\/"},"modified":"2026-03-12T12:00:16","modified_gmt":"2026-03-12T11:00:16","slug":"aw23-full-face-kapuzenpullover-never-walk-alone-black","status":"publish","type":"product","link":"https:\/\/pgwear.net\/de\/p\/aw23-full-face-kapuzenpullover-never-walk-alone-black\/","title":{"rendered":"Full Face Kapuzenpullover \u201cNever Walk Alone\u201d Schwarz"},"content":{"rendered":"<p>Der ber\u00fchmte Slogan, der mit Anfield verbunden ist, ist jedem Fu\u00dfballfan sehr gut bekannt! Die Idee, die der st\u00e4rkste Teil der Ultras-Bewegung ist! Dieses Mal wird sie auf dem PGWEAR Full-Face-Hoodie pr\u00e4sentiert! Klassische Passform, beeindruckender Aufdruck auf Vorder- und R\u00fcckseite und Sturmhaube in der Kapuze lassen niemanden gleichg\u00fcltig! YOU&#8217;LL NEVER WALK ALONE!<\/p>\n","protected":false},"excerpt":{"rendered":"<p>Der ber\u00fchmte Slogan, der mit Anfield verbunden ist, ist jedem Fu\u00dfballfan sehr gut bekannt! Die Idee, die der st\u00e4rkste Teil der Ultras-Bewegung ist!<\/p>\n","protected":false},"featured_media":89883,"template":"","meta":{"_acf_changed":false},"product_brand":[],"product_cat":[610],"product_tag":[3841,2299,3279,2839],"class_list":{"0":"post-71049","1":"product","2":"type-product","3":"status-publish","4":"has-post-thumbnail","6":"product_cat-sweatshirts","7":"product_tag-blue-monday","8":"product_tag-herbst-winter-2023","9":"product_tag-letzte-chance","10":"product_tag-sale-de","11":"pa_gramatura-340-gr-m2-de","12":"pa_kolekcja-herbst-winter-2023","13":"pa_kolor-schwarz","14":"pa_kroj-klassisch","15":"pa_material-100-baumwolle-de-2","16":"pa_nadruk-grosser-brustaufdruck","17":"pa_nadruk-grosser-rueckenaufdruck","18":"pa_rozmiar-l-de","19":"pa_rozmiar-m-de-2","20":"pa_rozmiar-s-de","21":"pa_rozmiar-xl-de","22":"pa_rozmiar-xxl-de","23":"pa_rozmiar-xxxl-de","24":"feature-balaclava-motiv","25":"feature-integrierte-sturmhaube","26":"feature-youll-never-walk-alone-de","28":"first","29":"instock","30":"sale","31":"taxable","32":"shipping-taxable","33":"purchasable","34":"product-type-variable"},"acf":[],"_links":{"self":[{"href":"https:\/\/pgwear.net\/de\/wp-json\/wp\/v2\/product\/71049","targetHints":{"allow":["GET"]}}],"collection":[{"href":"https:\/\/pgwear.net\/de\/wp-json\/wp\/v2\/product"}],"about":[{"href":"https:\/\/pgwear.net\/de\/wp-json\/wp\/v2\/types\/product"}],"wp:featuredmedia":[{"embeddable":true,"href":"https:\/\/pgwear.net\/de\/wp-json\/wp\/v2\/media\/89883"}],"wp:attachment":[{"href":"https:\/\/pgwear.net\/de\/wp-json\/wp\/v2\/media?parent=71049"}],"wp:term":[{"taxonomy":"product_brand","embeddable":true,"href":"https:\/\/pgwear.net\/de\/wp-json\/wp\/v2\/product_brand?post=71049"},{"taxonomy":"product_cat","embeddable":true,"href":"https:\/\/pgwear.net\/de\/wp-json\/wp\/v2\/product_cat?post=71049"},{"taxonomy":"product_tag","embeddable":true,"href":"https:\/\/pgwear.net\/de\/wp-json\/wp\/v2\/product_tag?post=71049"}],"curies":[{"name":"wp","href":"https:\/\/api.w.org\/{rel}","templated":true}]}}