{"id":71369,"date":"2023-03-16T09:50:39","date_gmt":"2023-03-16T08:50:39","guid":{"rendered":"https:\/\/pgwear.net\/p\/sweatshirt-passion-is-not-a-crime-black\/"},"modified":"2026-03-22T18:11:47","modified_gmt":"2026-03-22T17:11:47","slug":"aw23-sweatshirt-passion-is-not-a-crime-black","status":"publish","type":"product","link":"https:\/\/pgwear.net\/de\/p\/aw23-sweatshirt-passion-is-not-a-crime-black\/","title":{"rendered":"Sweatshirt \u201cPassion is not a crime\u201d Schwarz"},"content":{"rendered":"<p>Die Unterst\u00fctzung der geliebten Mannschaft heim oder ausw\u00e4rts durch lautes Singen, Fahnenschwingen,Tifos auf der Trib\u00fcne, das Abrennen von Pyro &#8230; das ist unsere Leidenschaft! Und unsere LEIDENSCHAFT IST KEIN VERBRECHEN! Verbreite diese Botschaft auf der Stra\u00dfe und im Stadion, indem du dieses PGWEAR-Sweatshirt tragen wirst!<\/p>\n","protected":false},"excerpt":{"rendered":"<p>Die Unterst\u00fctzung der geliebten Mannschaft heim oder ausw\u00e4rts durch lautes Singen, Fahnenschwingen,Tifos auf der Trib\u00fcne, das Abrennen von Pyro &#8230; das ist unsere Leidenschaft!<\/p>\n","protected":false},"featured_media":89844,"template":"","meta":{"_acf_changed":false},"product_brand":[],"product_cat":[610],"product_tag":[3841,2299,3279],"class_list":{"0":"post-71369","1":"product","2":"type-product","3":"status-publish","4":"has-post-thumbnail","6":"product_cat-sweatshirts","7":"product_tag-blue-monday","8":"product_tag-herbst-winter-2023","9":"product_tag-letzte-chance","10":"pa_gramatura-290-gr-m2-de","11":"pa_kolekcja-herbst-winter-2023","12":"pa_kolor-schwarz","13":"pa_kroj-raglan-de","14":"pa_material-100-baumwolle-de-2","15":"pa_nadruk-grosser-brustaufdruck","16":"pa_rozmiar-l-de","17":"pa_rozmiar-m-de-2","18":"pa_rozmiar-s-de","19":"pa_rozmiar-xl-de","20":"pa_rozmiar-xxl-de","21":"pa_rozmiar-xxxl-de","22":"feature-pyro-thema","24":"first","25":"instock","26":"sale","27":"taxable","28":"shipping-taxable","29":"purchasable","30":"product-type-variable"},"acf":[],"_links":{"self":[{"href":"https:\/\/pgwear.net\/de\/wp-json\/wp\/v2\/product\/71369","targetHints":{"allow":["GET"]}}],"collection":[{"href":"https:\/\/pgwear.net\/de\/wp-json\/wp\/v2\/product"}],"about":[{"href":"https:\/\/pgwear.net\/de\/wp-json\/wp\/v2\/types\/product"}],"wp:featuredmedia":[{"embeddable":true,"href":"https:\/\/pgwear.net\/de\/wp-json\/wp\/v2\/media\/89844"}],"wp:attachment":[{"href":"https:\/\/pgwear.net\/de\/wp-json\/wp\/v2\/media?parent=71369"}],"wp:term":[{"taxonomy":"product_brand","embeddable":true,"href":"https:\/\/pgwear.net\/de\/wp-json\/wp\/v2\/product_brand?post=71369"},{"taxonomy":"product_cat","embeddable":true,"href":"https:\/\/pgwear.net\/de\/wp-json\/wp\/v2\/product_cat?post=71369"},{"taxonomy":"product_tag","embeddable":true,"href":"https:\/\/pgwear.net\/de\/wp-json\/wp\/v2\/product_tag?post=71369"}],"curies":[{"name":"wp","href":"https:\/\/api.w.org\/{rel}","templated":true}]}}