{"id":71402,"date":"2023-03-16T09:50:38","date_gmt":"2023-03-16T08:50:38","guid":{"rendered":"https:\/\/pgwear.net\/p\/pullover-anonymous-black\/"},"modified":"2026-01-23T12:26:23","modified_gmt":"2026-01-23T11:26:23","slug":"aw23-pullover-clive-schwarz","status":"publish","type":"product","link":"https:\/\/pgwear.net\/de\/p\/aw23-pullover-clive-schwarz\/","title":{"rendered":"Sweater \u201cClive\u201d Schwarz"},"content":{"rendered":"<p>F\u00fcr k\u00e4ltere Abende mit treuen Freunden im Pub oder f\u00fcr ein l\u00e4ngeres Ausw\u00e4rtsspiel. Dieses minimalistische Casual-Bekleidungselement passt zu jedem Outfit, egal ob heim oder ausw\u00e4rts, beim Spiel oder Date, auf der Stra\u00dfe oder im Stadion! Trage den Pullover CLIVE \u00fcberall!<\/p>\n","protected":false},"excerpt":{"rendered":"<p>F\u00fcr k\u00e4ltere Abende mit treuen Freunden im Pub oder f\u00fcr ein l\u00e4ngeres Ausw\u00e4rtsspiel.<\/p>\n","protected":false},"featured_media":92661,"template":"","meta":{"_acf_changed":false},"product_brand":[],"product_cat":[451],"product_tag":[2299],"class_list":{"0":"post-71402","1":"product","2":"type-product","3":"status-publish","4":"has-post-thumbnail","6":"product_cat-pullover","7":"product_tag-herbst-winter-2023","8":"pa_gramatura-290-gr-m2-de","9":"pa_kolekcja-herbst-winter-2023","10":"pa_kolor-schwarz","11":"pa_kroj-klassisch","12":"pa_material-50-baumwolle","13":"pa_material-50-polyester-de","14":"pa_rozmiar-l-de","15":"pa_rozmiar-m-de-2","16":"pa_rozmiar-s-de","17":"pa_rozmiar-xl-de","18":"pa_rozmiar-xxl-de","19":"pa_rozmiar-xxxl-de","21":"first","22":"instock","23":"taxable","24":"shipping-taxable","25":"purchasable","26":"product-type-variable"},"acf":[],"_links":{"self":[{"href":"https:\/\/pgwear.net\/de\/wp-json\/wp\/v2\/product\/71402","targetHints":{"allow":["GET"]}}],"collection":[{"href":"https:\/\/pgwear.net\/de\/wp-json\/wp\/v2\/product"}],"about":[{"href":"https:\/\/pgwear.net\/de\/wp-json\/wp\/v2\/types\/product"}],"wp:featuredmedia":[{"embeddable":true,"href":"https:\/\/pgwear.net\/de\/wp-json\/wp\/v2\/media\/92661"}],"wp:attachment":[{"href":"https:\/\/pgwear.net\/de\/wp-json\/wp\/v2\/media?parent=71402"}],"wp:term":[{"taxonomy":"product_brand","embeddable":true,"href":"https:\/\/pgwear.net\/de\/wp-json\/wp\/v2\/product_brand?post=71402"},{"taxonomy":"product_cat","embeddable":true,"href":"https:\/\/pgwear.net\/de\/wp-json\/wp\/v2\/product_cat?post=71402"},{"taxonomy":"product_tag","embeddable":true,"href":"https:\/\/pgwear.net\/de\/wp-json\/wp\/v2\/product_tag?post=71402"}],"curies":[{"name":"wp","href":"https:\/\/api.w.org\/{rel}","templated":true}]}}