{"id":71449,"date":"2023-03-16T09:50:37","date_gmt":"2023-03-16T08:50:37","guid":{"rendered":"https:\/\/pgwear.net\/p\/poloshirt-pique-black-grey\/"},"modified":"2026-02-05T10:20:53","modified_gmt":"2026-02-05T09:20:53","slug":"aw23-polo-pique-black-grey","status":"publish","type":"product","link":"https:\/\/pgwear.net\/de\/p\/aw23-polo-pique-black-grey\/","title":{"rendered":"Polo &#8220;Pique&#8221; Schwarz Grau"},"content":{"rendered":"<p>Die Ikone der Casual-Klassiker von den 80ern bis heute \u2013 das Poloshirt! Verziert mit dem PGWEAR-Logo ist es ein perfektes Kleidungsst\u00fcck f\u00fcr jeden Fu\u00dfballfan, das es auf der Stra\u00dfe, im Stadion und \u00fcberall sonst tragen kann! Erh\u00e4ltlich in Schwarz und Grau!<\/p>\n","protected":false},"excerpt":{"rendered":"<p>Die Ikone der Casual-Klassiker von den 80ern bis heute \u2013 das Poloshirt! Verziert mit dem PGWEAR-Logo ist es ein perfektes Kleidungsst\u00fcck f\u00fcr jeden Fu\u00dfballfan<\/p>\n","protected":false},"featured_media":89822,"template":"","meta":{"_acf_changed":false},"product_brand":[],"product_cat":[664],"product_tag":[2299,3279],"class_list":{"0":"post-71449","1":"product","2":"type-product","3":"status-publish","4":"has-post-thumbnail","6":"product_cat-poloshirts","7":"product_tag-herbst-winter-2023","8":"product_tag-letzte-chance","9":"pa_gramatura-210-gr-m2-de","10":"pa_kolekcja-herbst-winter-2023","11":"pa_kolor-schwarz-grau","12":"pa_kroj-klassisch","13":"pa_material-100-baumwolle-de-2","14":"pa_rozmiar-l-de","15":"pa_rozmiar-m-de-2","16":"pa_rozmiar-s-de","17":"pa_rozmiar-xl-de","18":"pa_rozmiar-xxl-de","19":"pa_rozmiar-xxxl-de","21":"first","22":"outofstock","23":"taxable","24":"shipping-taxable","25":"product-type-variable"},"acf":[],"_links":{"self":[{"href":"https:\/\/pgwear.net\/de\/wp-json\/wp\/v2\/product\/71449","targetHints":{"allow":["GET"]}}],"collection":[{"href":"https:\/\/pgwear.net\/de\/wp-json\/wp\/v2\/product"}],"about":[{"href":"https:\/\/pgwear.net\/de\/wp-json\/wp\/v2\/types\/product"}],"wp:featuredmedia":[{"embeddable":true,"href":"https:\/\/pgwear.net\/de\/wp-json\/wp\/v2\/media\/89822"}],"wp:attachment":[{"href":"https:\/\/pgwear.net\/de\/wp-json\/wp\/v2\/media?parent=71449"}],"wp:term":[{"taxonomy":"product_brand","embeddable":true,"href":"https:\/\/pgwear.net\/de\/wp-json\/wp\/v2\/product_brand?post=71449"},{"taxonomy":"product_cat","embeddable":true,"href":"https:\/\/pgwear.net\/de\/wp-json\/wp\/v2\/product_cat?post=71449"},{"taxonomy":"product_tag","embeddable":true,"href":"https:\/\/pgwear.net\/de\/wp-json\/wp\/v2\/product_tag?post=71449"}],"curies":[{"name":"wp","href":"https:\/\/api.w.org\/{rel}","templated":true}]}}