{"id":71496,"date":"2023-03-16T09:50:35","date_gmt":"2023-03-16T08:50:35","guid":{"rendered":"https:\/\/pgwear.net\/p\/poloshirt-pique-mustard\/"},"modified":"2026-02-05T10:20:35","modified_gmt":"2026-02-05T09:20:35","slug":"aw23-polo-pique-mustard","status":"publish","type":"product","link":"https:\/\/pgwear.net\/de\/p\/aw23-polo-pique-mustard\/","title":{"rendered":"Poloshirt &#8220;Pique&#8221; Mustard"},"content":{"rendered":"<p>Die Ikone der Casual-Klassiker von den 80ern bis heute \u2013 das Poloshirt! Verziert mit dem PGWEAR-Logo ist ein perfektes Kleidungsst\u00fcck f\u00fcr jeden Fu\u00dfballfan, das er auf der Stra\u00dfe, im Stadion und \u00fcberall sonst tragen kann! Wird auf den Trib\u00fcnen von SG Dynamo Dresden, FC Carl Zeiss Jena, 1. FC Lokomotive Leipzig, AIK Fotboll usw. unterst\u00fctzt.<\/p>\n","protected":false},"excerpt":{"rendered":"<p>Die Ikone der Casual-Klassiker von den 80ern bis heute \u2013 das Poloshirt! Verziert mit dem PGWEAR-Logo ist ein perfektes Kleidungsst\u00fcck f\u00fcr jeden Fu\u00dfballfan, das er auf der Stra\u00dfe, im Stadion und \u00fcberall sonst tragen kann!<\/p>\n","protected":false},"featured_media":89783,"template":"","meta":{"_acf_changed":false},"product_brand":[],"product_cat":[664],"product_tag":[2299,3279],"class_list":{"0":"post-71496","1":"product","2":"type-product","3":"status-publish","4":"has-post-thumbnail","6":"product_cat-poloshirts","7":"product_tag-herbst-winter-2023","8":"product_tag-letzte-chance","9":"pa_gramatura-210-gr-m2-de","10":"pa_gramatura-schwarz-gelb","11":"pa_kolekcja-herbst-winter-2023","12":"pa_kolor-schwarz-gelb","13":"pa_kroj-klassisch","14":"pa_material-100-baumwolle-de-2","15":"pa_rozmiar-l-de","16":"pa_rozmiar-m-de-2","17":"pa_rozmiar-s-de","18":"pa_rozmiar-xl-de","19":"pa_rozmiar-xxl-de","20":"pa_rozmiar-xxxl-de","22":"first","23":"outofstock","24":"sale","25":"taxable","26":"shipping-taxable","27":"purchasable","28":"product-type-variable"},"acf":[],"_links":{"self":[{"href":"https:\/\/pgwear.net\/de\/wp-json\/wp\/v2\/product\/71496","targetHints":{"allow":["GET"]}}],"collection":[{"href":"https:\/\/pgwear.net\/de\/wp-json\/wp\/v2\/product"}],"about":[{"href":"https:\/\/pgwear.net\/de\/wp-json\/wp\/v2\/types\/product"}],"wp:featuredmedia":[{"embeddable":true,"href":"https:\/\/pgwear.net\/de\/wp-json\/wp\/v2\/media\/89783"}],"wp:attachment":[{"href":"https:\/\/pgwear.net\/de\/wp-json\/wp\/v2\/media?parent=71496"}],"wp:term":[{"taxonomy":"product_brand","embeddable":true,"href":"https:\/\/pgwear.net\/de\/wp-json\/wp\/v2\/product_brand?post=71496"},{"taxonomy":"product_cat","embeddable":true,"href":"https:\/\/pgwear.net\/de\/wp-json\/wp\/v2\/product_cat?post=71496"},{"taxonomy":"product_tag","embeddable":true,"href":"https:\/\/pgwear.net\/de\/wp-json\/wp\/v2\/product_tag?post=71496"}],"curies":[{"name":"wp","href":"https:\/\/api.w.org\/{rel}","templated":true}]}}