{"id":71517,"date":"2023-03-16T09:50:34","date_gmt":"2023-03-16T08:50:34","guid":{"rendered":"https:\/\/pgwear.net\/p\/t-shirt-outfit-black\/"},"modified":"2026-04-02T12:49:28","modified_gmt":"2026-04-02T10:49:28","slug":"t-shirt-outfit-schwarz","status":"publish","type":"product","link":"https:\/\/pgwear.net\/de\/p\/t-shirt-outfit-schwarz\/","title":{"rendered":"T-shirt &#8220;Outfit&#8221; Schwarz"},"content":{"rendered":"<p>Was sind die wichtigsten Kleidungsst\u00fccke f\u00fcr einen Spieltag? Die richtige <a href=\"https:\/\/pgwear.net\/de\/c\/jacken\/\">Jacke<\/a>, die <a href=\"https:\/\/pgwear.net\/de\/c\/mutzen\/\">Baseballm\u00fctze<\/a>, bequeme <a href=\"http:\/\/spodnie%20boj%C3%B3wki\" rel=\"nofollow\">Cargo-Shorts<\/a>, ein stylisches <a href=\"https:\/\/pgwear.net\/de\/c\/t-shirts-de\/\">T-Shirt<\/a> mit Aufdruck im Ultras-Stil und ein Paar gut aussehende Sneaker! Und auch eine kleine Erg\u00e4nzung zu diesem Set \u2013 ein paar <a href=\"https:\/\/pgwear.net\/de\/feature\/pyro-thema\/\">Rauchfackeln<\/a> in den Taschen und Bier in einer Hand!<\/p>\n","protected":false},"excerpt":{"rendered":"<p>Was sind die wichtigsten Kleidungsst\u00fccke f\u00fcr einen Spieltag? Die richtige Jacke, die Baseballm\u00fctze, bequeme Cargo-Shorts, ein stylisches T-Shirt mit Aufdruck im Ultras-Stil und ein Paar gut aussehende Sneaker!<\/p>\n","protected":false},"featured_media":89767,"template":"","meta":{"_acf_changed":false},"product_brand":[],"product_cat":[660],"product_tag":[3841,2299,3279,2839],"class_list":{"0":"post-71517","1":"product","2":"type-product","3":"status-publish","4":"has-post-thumbnail","6":"product_cat-t-shirts-de","7":"product_tag-blue-monday","8":"product_tag-herbst-winter-2023","9":"product_tag-letzte-chance","10":"product_tag-sale-de","11":"pa_gramatura-180-gr-m2-de","12":"pa_kolekcja-herbst-winter-2023","13":"pa_kolor-schwarz","14":"pa_kroj-klassisch","15":"pa_material-100-baumwolle-de-2","16":"pa_rozmiar-l-de","17":"pa_rozmiar-m-de-2","18":"pa_rozmiar-s-de","19":"pa_rozmiar-xl-de","20":"pa_rozmiar-xxl-de","21":"pa_rozmiar-xxxl-de","22":"feature-awayday-de","23":"feature-pyro-thema","25":"first","26":"instock","27":"sale","28":"taxable","29":"shipping-taxable","30":"purchasable","31":"product-type-variable"},"acf":[],"_links":{"self":[{"href":"https:\/\/pgwear.net\/de\/wp-json\/wp\/v2\/product\/71517","targetHints":{"allow":["GET"]}}],"collection":[{"href":"https:\/\/pgwear.net\/de\/wp-json\/wp\/v2\/product"}],"about":[{"href":"https:\/\/pgwear.net\/de\/wp-json\/wp\/v2\/types\/product"}],"wp:featuredmedia":[{"embeddable":true,"href":"https:\/\/pgwear.net\/de\/wp-json\/wp\/v2\/media\/89767"}],"wp:attachment":[{"href":"https:\/\/pgwear.net\/de\/wp-json\/wp\/v2\/media?parent=71517"}],"wp:term":[{"taxonomy":"product_brand","embeddable":true,"href":"https:\/\/pgwear.net\/de\/wp-json\/wp\/v2\/product_brand?post=71517"},{"taxonomy":"product_cat","embeddable":true,"href":"https:\/\/pgwear.net\/de\/wp-json\/wp\/v2\/product_cat?post=71517"},{"taxonomy":"product_tag","embeddable":true,"href":"https:\/\/pgwear.net\/de\/wp-json\/wp\/v2\/product_tag?post=71517"}],"curies":[{"name":"wp","href":"https:\/\/api.w.org\/{rel}","templated":true}]}}