{"id":71760,"date":"2023-03-16T09:50:20","date_gmt":"2023-03-16T08:50:20","guid":{"rendered":"https:\/\/pgwear.net\/p\/t-shirt-adventure-white\/"},"modified":"2026-03-02T21:45:59","modified_gmt":"2026-03-02T20:45:59","slug":"t-shirt-adventure-weis","status":"publish","type":"product","link":"https:\/\/pgwear.net\/de\/p\/t-shirt-adventure-weis\/","title":{"rendered":"T-shirt &#8220;Adventure&#8221; Wei\u00df"},"content":{"rendered":"<p>Gibt es etwas Besseres, als das Wochenende auf das Ausw\u00e4rtsspiel zu vebringen? Und die geliebte Fu\u00dfballmannschaft zu unterst\u00fctzen? Wir snd der Meinung: NEIN! Denn das ist der Geist des Abenteuers! Schnapp dir ein Bier, triff dich mit treuen Freunden, steige in den Bus und bereite dichuf die sch\u00f6nsten Tage vor \u2013 Ausw\u00e4rtstage!<\/p>\n","protected":false},"excerpt":{"rendered":"<p>Gibt es etwas Besseres, als das Wochenende auf das Ausw\u00e4rtsspiel zu vebringen? Und die geliebte Fu\u00dfballmannschaft zu unterst\u00fctzen? Wir snd der Meinung: NEIN!<\/p>\n","protected":false},"featured_media":89523,"template":"","meta":{"_acf_changed":false},"product_brand":[],"product_cat":[660],"product_tag":[3841,2299,3279,2839],"class_list":{"0":"post-71760","1":"product","2":"type-product","3":"status-publish","4":"has-post-thumbnail","6":"product_cat-t-shirts-de","7":"product_tag-blue-monday","8":"product_tag-herbst-winter-2023","9":"product_tag-letzte-chance","10":"product_tag-sale-de","11":"pa_gramatura-180-gr-m2-de","12":"pa_kolekcja-herbst-winter-2023","13":"pa_kolor-weiss","14":"pa_kroj-klassisch","15":"pa_material-100-baumwolle-de-2","16":"pa_nadruk-grosser-brustaufdruck","17":"pa_rozmiar-l-de","18":"pa_rozmiar-m-de-2","19":"pa_rozmiar-s-de","20":"pa_rozmiar-xl-de","21":"pa_rozmiar-xxl-de","22":"pa_rozmiar-xxxl-de","23":"feature-awayday-de","24":"feature-balaclava-motiv","25":"feature-pyro-thema","27":"first","28":"instock","29":"sale","30":"taxable","31":"shipping-taxable","32":"purchasable","33":"product-type-variable"},"acf":[],"_links":{"self":[{"href":"https:\/\/pgwear.net\/de\/wp-json\/wp\/v2\/product\/71760","targetHints":{"allow":["GET"]}}],"collection":[{"href":"https:\/\/pgwear.net\/de\/wp-json\/wp\/v2\/product"}],"about":[{"href":"https:\/\/pgwear.net\/de\/wp-json\/wp\/v2\/types\/product"}],"wp:featuredmedia":[{"embeddable":true,"href":"https:\/\/pgwear.net\/de\/wp-json\/wp\/v2\/media\/89523"}],"wp:attachment":[{"href":"https:\/\/pgwear.net\/de\/wp-json\/wp\/v2\/media?parent=71760"}],"wp:term":[{"taxonomy":"product_brand","embeddable":true,"href":"https:\/\/pgwear.net\/de\/wp-json\/wp\/v2\/product_brand?post=71760"},{"taxonomy":"product_cat","embeddable":true,"href":"https:\/\/pgwear.net\/de\/wp-json\/wp\/v2\/product_cat?post=71760"},{"taxonomy":"product_tag","embeddable":true,"href":"https:\/\/pgwear.net\/de\/wp-json\/wp\/v2\/product_tag?post=71760"}],"curies":[{"name":"wp","href":"https:\/\/api.w.org\/{rel}","templated":true}]}}