{"id":71779,"date":"2023-03-16T09:50:19","date_gmt":"2023-03-16T08:50:19","guid":{"rendered":"https:\/\/pgwear.net\/p\/t-shirt-locals-only-black\/"},"modified":"2026-02-05T17:24:10","modified_gmt":"2026-02-05T16:24:10","slug":"t-shirt-locals-only-schwarz","status":"publish","type":"product","link":"https:\/\/pgwear.net\/de\/p\/t-shirt-locals-only-schwarz\/","title":{"rendered":"T-shirt &#8220;Locals Only&#8221; Schwarz"},"content":{"rendered":"<p>Jede aktive Trib\u00fcne im Stadion besteht mehr oder weniger aus diesen drei Arten von Menschen: Gelegenheits-Fu\u00dfballfans, hingebungsvolle Ultras und eingefleischte Fu\u00dfball-Hooligans. Unsere Bewegung kann nicht gut funktionieren, wenn uns mindestens eine dieser Gruppen fehlt! Daf\u00fcr steht der Aufdruck auf dem PGWEAR-T-Shirt. Klassische Passform, beeindruckender Druck auf der Vorderseite. LOCALS ONLY!<\/p>\n","protected":false},"excerpt":{"rendered":"<p>Jede aktive Trib\u00fcne im Stadion besteht mehr oder weniger aus diesen drei Arten von Menschen: Gelegenheits-Fu\u00dfballfans, hingebungsvolle Ultras und eingefleischte Fu\u00dfball-Hooligans.<\/p>\n","protected":false},"featured_media":89502,"template":"","meta":{"_acf_changed":false},"product_brand":[],"product_cat":[660],"product_tag":[3841,2299,3279,2839],"class_list":{"0":"post-71779","1":"product","2":"type-product","3":"status-publish","4":"has-post-thumbnail","6":"product_cat-t-shirts-de","7":"product_tag-blue-monday","8":"product_tag-herbst-winter-2023","9":"product_tag-letzte-chance","10":"product_tag-sale-de","11":"pa_gramatura-180-gr-m2-de","12":"pa_kolekcja-herbst-winter-2023","13":"pa_kolor-schwarz","14":"pa_kroj-klassisch","15":"pa_material-100-baumwolle-de-2","16":"pa_nadruk-grosser-brustaufdruck","17":"pa_rozmiar-l-de","18":"pa_rozmiar-m-de-2","19":"pa_rozmiar-s-de","20":"pa_rozmiar-xl-de","21":"pa_rozmiar-xxl-de","22":"pa_rozmiar-xxxl-de","24":"first","25":"outofstock","26":"taxable","27":"shipping-taxable","28":"product-type-variable"},"acf":[],"_links":{"self":[{"href":"https:\/\/pgwear.net\/de\/wp-json\/wp\/v2\/product\/71779","targetHints":{"allow":["GET"]}}],"collection":[{"href":"https:\/\/pgwear.net\/de\/wp-json\/wp\/v2\/product"}],"about":[{"href":"https:\/\/pgwear.net\/de\/wp-json\/wp\/v2\/types\/product"}],"wp:featuredmedia":[{"embeddable":true,"href":"https:\/\/pgwear.net\/de\/wp-json\/wp\/v2\/media\/89502"}],"wp:attachment":[{"href":"https:\/\/pgwear.net\/de\/wp-json\/wp\/v2\/media?parent=71779"}],"wp:term":[{"taxonomy":"product_brand","embeddable":true,"href":"https:\/\/pgwear.net\/de\/wp-json\/wp\/v2\/product_brand?post=71779"},{"taxonomy":"product_cat","embeddable":true,"href":"https:\/\/pgwear.net\/de\/wp-json\/wp\/v2\/product_cat?post=71779"},{"taxonomy":"product_tag","embeddable":true,"href":"https:\/\/pgwear.net\/de\/wp-json\/wp\/v2\/product_tag?post=71779"}],"curies":[{"name":"wp","href":"https:\/\/api.w.org\/{rel}","templated":true}]}}