{"id":72556,"date":"2023-03-27T12:26:50","date_gmt":"2023-03-27T10:26:50","guid":{"rendered":"https:\/\/pgwear.net\/p\/sturmhaube-clash-gruen-weiss\/"},"modified":"2026-03-18T23:06:26","modified_gmt":"2026-03-18T22:06:26","slug":"sturmhaube-clash-grun-weiss","status":"publish","type":"product","link":"https:\/\/pgwear.net\/de\/p\/sturmhaube-clash-grun-weiss\/","title":{"rendered":"Sturmhaube &#8220;Clash&#8221; Gr\u00fcn\/Wei\u00df"},"content":{"rendered":"<p>Vermeide das Stadionverbot! Bleibe anonym auf der Stra\u00dfe und im Stadion vor Polizei, CCTV-Kameras oder Feinden! Es gibt nur ein Produkt, die Euch dabei helfen kann! Das ist eine <a href=\"https:\/\/pgwear.net\/de\/c\/sturmhauben\/\">Sturmhaube<\/a>! Unverzichtbares Accessoire f\u00fcr jeden Ultra, Hooligan oder gew\u00f6hnlichen Fu\u00dfballfan! Nicht nur, um das Gesicht richtig zu bedecken, aber auch w\u00e4hrend Tifos ein bisschen Farbe zu verleihen!! Deshalb hat PGWEAR dieses Produkt in so vielen Farben produziert!<\/p>\n","protected":false},"excerpt":{"rendered":"<p>Vermeide das Stadionverbot! Bleibe anonym auf der Stra\u00dfe und im Stadion vor Polizei, CCTV-Kameras oder Feinden!<\/p>\n","protected":false},"featured_media":72550,"template":"","meta":{"_acf_changed":false},"product_brand":[],"product_cat":[658,654,3575],"product_tag":[],"class_list":{"0":"post-72556","1":"product","2":"type-product","3":"status-publish","4":"has-post-thumbnail","6":"product_cat-neuheiten","7":"product_cat-sturmhauben","8":"product_cat-sturmhauben-de","9":"pa_gramatura-180-gr-m2-de","10":"pa_kolor-grun-weis","11":"pa_material-4-lycra-de","12":"pa_material-96-baumwolle","14":"first","15":"instock","16":"taxable","17":"shipping-taxable","18":"purchasable","19":"product-type-simple"},"acf":[],"_links":{"self":[{"href":"https:\/\/pgwear.net\/de\/wp-json\/wp\/v2\/product\/72556","targetHints":{"allow":["GET"]}}],"collection":[{"href":"https:\/\/pgwear.net\/de\/wp-json\/wp\/v2\/product"}],"about":[{"href":"https:\/\/pgwear.net\/de\/wp-json\/wp\/v2\/types\/product"}],"wp:featuredmedia":[{"embeddable":true,"href":"https:\/\/pgwear.net\/de\/wp-json\/wp\/v2\/media\/72550"}],"wp:attachment":[{"href":"https:\/\/pgwear.net\/de\/wp-json\/wp\/v2\/media?parent=72556"}],"wp:term":[{"taxonomy":"product_brand","embeddable":true,"href":"https:\/\/pgwear.net\/de\/wp-json\/wp\/v2\/product_brand?post=72556"},{"taxonomy":"product_cat","embeddable":true,"href":"https:\/\/pgwear.net\/de\/wp-json\/wp\/v2\/product_cat?post=72556"},{"taxonomy":"product_tag","embeddable":true,"href":"https:\/\/pgwear.net\/de\/wp-json\/wp\/v2\/product_tag?post=72556"}],"curies":[{"name":"wp","href":"https:\/\/api.w.org\/{rel}","templated":true}]}}