{"id":72861,"date":"2023-03-16T09:50:07","date_gmt":"2023-03-16T08:50:07","guid":{"rendered":"https:\/\/pgwear.net\/p\/muetze-troublemaker23-olive\/"},"modified":"2026-02-16T13:06:53","modified_gmt":"2026-02-16T12:06:53","slug":"mutze-troublemaker23-olive","status":"publish","type":"product","link":"https:\/\/pgwear.net\/de\/p\/mutze-troublemaker23-olive\/","title":{"rendered":"M\u00fctze \u201cTroublemaker\u201923\u201d Olive"},"content":{"rendered":"<p>Suchst du eine <a href=\"https:\/\/pgwear.net\/de\/c\/mutzen\/\">Kopfbedeckung<\/a>, die dein Gesicht vor K\u00e4lte, Taxi und CCTV-Kameras sch\u00fctzen wird und in der du auf der Stra\u00dfe und im Stadion gut aussehen wirst? Hier kommt der Troublemaker von PGWEAR\u2013 eine M\u00fctze und eine <a href=\"https:\/\/pgwear.net\/de\/c\/sturmhauben\/\">Sturmhaube<\/a> in einem Produkt! PGWEAR Ultras Shop garantiert immer beste Qualit\u00e4t!<\/p>\n","protected":false},"excerpt":{"rendered":"<p>Suchst du eine Kopfbedeckung, die dein Gesicht vor K\u00e4lte, Taxi und CCTV-Kameras sch\u00fctzen wird und in der du auf der Stra\u00dfe und im Stadion gut aussehen wirst?<\/p>\n","protected":false},"featured_media":94627,"template":"","meta":{"_acf_changed":false},"product_brand":[],"product_cat":[3575],"product_tag":[3841,2299,3279,2839],"class_list":{"0":"post-72861","1":"product","2":"type-product","3":"status-publish","4":"has-post-thumbnail","6":"product_cat-sturmhauben-de","7":"product_tag-blue-monday","8":"product_tag-herbst-winter-2023","9":"product_tag-letzte-chance","10":"product_tag-sale-de","11":"pa_kolekcja-herbst-winter-2023","12":"pa_kolor-olivgruen-de","13":"pa_material-100-acryl-de","14":"feature-wintermuetze","16":"first","17":"instock","18":"sale","19":"taxable","20":"shipping-taxable","21":"purchasable","22":"product-type-simple"},"acf":[],"_links":{"self":[{"href":"https:\/\/pgwear.net\/de\/wp-json\/wp\/v2\/product\/72861","targetHints":{"allow":["GET"]}}],"collection":[{"href":"https:\/\/pgwear.net\/de\/wp-json\/wp\/v2\/product"}],"about":[{"href":"https:\/\/pgwear.net\/de\/wp-json\/wp\/v2\/types\/product"}],"wp:featuredmedia":[{"embeddable":true,"href":"https:\/\/pgwear.net\/de\/wp-json\/wp\/v2\/media\/94627"}],"wp:attachment":[{"href":"https:\/\/pgwear.net\/de\/wp-json\/wp\/v2\/media?parent=72861"}],"wp:term":[{"taxonomy":"product_brand","embeddable":true,"href":"https:\/\/pgwear.net\/de\/wp-json\/wp\/v2\/product_brand?post=72861"},{"taxonomy":"product_cat","embeddable":true,"href":"https:\/\/pgwear.net\/de\/wp-json\/wp\/v2\/product_cat?post=72861"},{"taxonomy":"product_tag","embeddable":true,"href":"https:\/\/pgwear.net\/de\/wp-json\/wp\/v2\/product_tag?post=72861"}],"curies":[{"name":"wp","href":"https:\/\/api.w.org\/{rel}","templated":true}]}}