{"id":73067,"date":"2023-03-16T09:50:02","date_gmt":"2023-03-16T08:50:02","guid":{"rendered":"https:\/\/pgwear.net\/p\/muetze-docker-red\/"},"modified":"2026-02-05T09:12:50","modified_gmt":"2026-02-05T08:12:50","slug":"aw23-mutze-docker-red","status":"publish","type":"product","link":"https:\/\/pgwear.net\/de\/p\/aw23-mutze-docker-red\/","title":{"rendered":"M\u00fctze &#8220;Docker&#8221; Red"},"content":{"rendered":"<p>Das ist eine klassische warme Winterm\u00fctze, die deinen Kopf vor kaltem Wetter sch\u00fctzt und,sowohl auf der Stra\u00dfe als auch im Stadion gut aussehen l\u00e4sst! Die Farbe ist perfekt f\u00fcr diejenigen, die Fu\u00dfballvereine wie Feyenoord Rotterdam, Olympiacos FC, Calcio Foggia 1920 usw. unterst\u00fctzen.<\/p>\n","protected":false},"excerpt":{"rendered":"<p>Das ist eine klassische warme Winterm\u00fctze, die deinen Kopf vor kaltem Wetter sch\u00fctzt und,sowohl auf der Stra\u00dfe als auch im Stadion gut aussehen l\u00e4sst!<\/p>\n","protected":false},"featured_media":89266,"template":"","meta":{"_acf_changed":false},"product_brand":[],"product_cat":[652],"product_tag":[3841,2299,3279,2839],"class_list":{"0":"post-73067","1":"product","2":"type-product","3":"status-publish","4":"has-post-thumbnail","6":"product_cat-mutzen","7":"product_tag-blue-monday","8":"product_tag-herbst-winter-2023","9":"product_tag-letzte-chance","10":"product_tag-sale-de","11":"pa_kolekcja-herbst-winter-2023","12":"pa_kolor-rot","13":"pa_material-100-acryl-de","14":"feature-wintermuetze","16":"first","17":"outofstock","18":"sale","19":"taxable","20":"shipping-taxable","21":"purchasable","22":"product-type-simple"},"acf":[],"_links":{"self":[{"href":"https:\/\/pgwear.net\/de\/wp-json\/wp\/v2\/product\/73067","targetHints":{"allow":["GET"]}}],"collection":[{"href":"https:\/\/pgwear.net\/de\/wp-json\/wp\/v2\/product"}],"about":[{"href":"https:\/\/pgwear.net\/de\/wp-json\/wp\/v2\/types\/product"}],"wp:featuredmedia":[{"embeddable":true,"href":"https:\/\/pgwear.net\/de\/wp-json\/wp\/v2\/media\/89266"}],"wp:attachment":[{"href":"https:\/\/pgwear.net\/de\/wp-json\/wp\/v2\/media?parent=73067"}],"wp:term":[{"taxonomy":"product_brand","embeddable":true,"href":"https:\/\/pgwear.net\/de\/wp-json\/wp\/v2\/product_brand?post=73067"},{"taxonomy":"product_cat","embeddable":true,"href":"https:\/\/pgwear.net\/de\/wp-json\/wp\/v2\/product_cat?post=73067"},{"taxonomy":"product_tag","embeddable":true,"href":"https:\/\/pgwear.net\/de\/wp-json\/wp\/v2\/product_tag?post=73067"}],"curies":[{"name":"wp","href":"https:\/\/api.w.org\/{rel}","templated":true}]}}