{"id":73136,"date":"2023-03-16T09:50:00","date_gmt":"2023-03-16T08:50:00","guid":{"rendered":"https:\/\/pgwear.net\/p\/lederguertel-shield-black\/"},"modified":"2026-02-05T10:20:54","modified_gmt":"2026-02-05T09:20:54","slug":"aw23-ledergurtel-shield-black","status":"publish","type":"product","link":"https:\/\/pgwear.net\/de\/p\/aw23-ledergurtel-shield-black\/","title":{"rendered":"Lederg\u00fcrtel &#8220;Shield&#8221; Black"},"content":{"rendered":"<p>Der Ultras-Stil ist der Stil, bei dem l\u00e4ssige \u00c4sthetik auf Funktionalit\u00e4t und Komfort trifft, was sowohl auf der Stra\u00dfe als auch im Stadion notwendig ist! Ohne gutes Accessoire ist er nie komplett. Wir pr\u00e4sentieren stolz den G\u00fcrtel SHIELD von PGWEAR, der die perfekte Erg\u00e4nzung f\u00fcr die Garderobe jedes Fu\u00dfballfans ist! Hergestellt aus echtem Leder mit Greif-Symbol auf der Schnalle.<\/p>\n","protected":false},"excerpt":{"rendered":"<p>Der Ultras-Stil ist der Stil, bei dem l\u00e4ssige \u00c4sthetik auf Funktionalit\u00e4t und Komfort trifft, was sowohl auf der Stra\u00dfe als auch im Stadion notwendig ist!<\/p>\n","protected":false},"featured_media":95257,"template":"","meta":{"_acf_changed":false},"product_brand":[],"product_cat":[3537],"product_tag":[2299,3279,2839],"class_list":{"0":"post-73136","1":"product","2":"type-product","3":"status-publish","4":"has-post-thumbnail","6":"product_cat-guertel","7":"product_tag-herbst-winter-2023","8":"product_tag-letzte-chance","9":"product_tag-sale-de","10":"pa_kolekcja-herbst-winter-2023","11":"pa_material-100-echtes-leder","12":"pa_rozmiar-115cm-de","13":"pa_rozmiar-130cm-de","14":"feature-gurtel","16":"first","17":"outofstock","18":"taxable","19":"shipping-taxable","20":"product-type-variable"},"acf":[],"_links":{"self":[{"href":"https:\/\/pgwear.net\/de\/wp-json\/wp\/v2\/product\/73136","targetHints":{"allow":["GET"]}}],"collection":[{"href":"https:\/\/pgwear.net\/de\/wp-json\/wp\/v2\/product"}],"about":[{"href":"https:\/\/pgwear.net\/de\/wp-json\/wp\/v2\/types\/product"}],"wp:featuredmedia":[{"embeddable":true,"href":"https:\/\/pgwear.net\/de\/wp-json\/wp\/v2\/media\/95257"}],"wp:attachment":[{"href":"https:\/\/pgwear.net\/de\/wp-json\/wp\/v2\/media?parent=73136"}],"wp:term":[{"taxonomy":"product_brand","embeddable":true,"href":"https:\/\/pgwear.net\/de\/wp-json\/wp\/v2\/product_brand?post=73136"},{"taxonomy":"product_cat","embeddable":true,"href":"https:\/\/pgwear.net\/de\/wp-json\/wp\/v2\/product_cat?post=73136"},{"taxonomy":"product_tag","embeddable":true,"href":"https:\/\/pgwear.net\/de\/wp-json\/wp\/v2\/product_tag?post=73136"}],"curies":[{"name":"wp","href":"https:\/\/api.w.org\/{rel}","templated":true}]}}