{"id":73210,"date":"2023-03-16T09:49:59","date_gmt":"2023-03-16T08:49:59","guid":{"rendered":"https:\/\/pgwear.net\/p\/handschuhe-snowstorm-black\/"},"modified":"2026-04-02T16:38:59","modified_gmt":"2026-04-02T14:38:59","slug":"aw23-handschuhe-snowstorm-black","status":"publish","type":"product","link":"https:\/\/pgwear.net\/de\/p\/aw23-handschuhe-snowstorm-black\/","title":{"rendered":"Handschuhe &#8220;Snowstorm&#8221; Black"},"content":{"rendered":"<p>Jeder wei\u00df, dass der Softshell-Stoff eine echte Magie ist! Deshalb hat PGWEAR das begehrteste Accessoire f\u00fcr k\u00e4ltere Tage produziert! Die Softshell-Handschuhe! Lass dir auf der Stra\u00dfe und im Stadion nicht die H\u00e4nde frieren!<\/p>\n","protected":false},"excerpt":{"rendered":"<p>Jeder wei\u00df, dass der Softshell-Stoff eine echte Magie ist! Deshalb hat PGWEAR das begehrteste Accessoire f\u00fcr k\u00e4ltere Tage produziert!<\/p>\n","protected":false},"featured_media":89050,"template":"","meta":{"_acf_changed":false},"product_brand":[],"product_cat":[3545],"product_tag":[2299],"class_list":{"0":"post-73210","1":"product","2":"type-product","3":"status-publish","4":"has-post-thumbnail","6":"product_cat-handschuhe","7":"product_tag-herbst-winter-2023","8":"pa_gramatura-200-gr-m2-de","9":"pa_kolekcja-herbst-winter-2023","10":"pa_kolor-schwarz","11":"pa_material-100-polyester-de-3","12":"feature-handschuhe","14":"first","15":"instock","16":"taxable","17":"shipping-taxable","18":"purchasable","19":"product-type-simple"},"acf":[],"_links":{"self":[{"href":"https:\/\/pgwear.net\/de\/wp-json\/wp\/v2\/product\/73210","targetHints":{"allow":["GET"]}}],"collection":[{"href":"https:\/\/pgwear.net\/de\/wp-json\/wp\/v2\/product"}],"about":[{"href":"https:\/\/pgwear.net\/de\/wp-json\/wp\/v2\/types\/product"}],"wp:featuredmedia":[{"embeddable":true,"href":"https:\/\/pgwear.net\/de\/wp-json\/wp\/v2\/media\/89050"}],"wp:attachment":[{"href":"https:\/\/pgwear.net\/de\/wp-json\/wp\/v2\/media?parent=73210"}],"wp:term":[{"taxonomy":"product_brand","embeddable":true,"href":"https:\/\/pgwear.net\/de\/wp-json\/wp\/v2\/product_brand?post=73210"},{"taxonomy":"product_cat","embeddable":true,"href":"https:\/\/pgwear.net\/de\/wp-json\/wp\/v2\/product_cat?post=73210"},{"taxonomy":"product_tag","embeddable":true,"href":"https:\/\/pgwear.net\/de\/wp-json\/wp\/v2\/product_tag?post=73210"}],"curies":[{"name":"wp","href":"https:\/\/api.w.org\/{rel}","templated":true}]}}