{"id":73390,"date":"2023-03-16T09:50:08","date_gmt":"2023-03-16T08:50:08","guid":{"rendered":"https:\/\/pgwear.net\/p\/softshell-cargohose-company-sand\/"},"modified":"2026-02-19T22:18:13","modified_gmt":"2026-02-19T21:18:13","slug":"softshell-cargohose-company-grau","status":"publish","type":"product","link":"https:\/\/pgwear.net\/de\/p\/softshell-cargohose-company-grau\/","title":{"rendered":"Softshell Cargohose \u201cCompany\u201d Grau"},"content":{"rendered":"<p>Egal, wer du bist: Casual-Tr\u00e4ger, gelegentlicher Stadionbesucher, \u00fcberzeugter Ultra- oder Hardcore-Fu\u00dfball-Hooligan, traditionelle Cargohosen sind das Garderobeteil, das in deiner Garderobe nicht fehlen kann! Dieses Mal pr\u00e4sentiert PGWEAR eine Version dieser Hose speziell f\u00fcr k\u00e4ltere Tage geeingent und aus hochwertigem Softshell-Material gefertigt. Verziert mit PGWEAR-Logo auf den Seitentaschen. Das Produkt ist in zwei Farben erh\u00e4ltlich!<\/p>\n","protected":false},"excerpt":{"rendered":"<p>Egal, wer du bist: Casual-Tr\u00e4ger, gelegentlicher Stadionbesucher, \u00fcberzeugter Ultra- oder Hardcore-Fu\u00dfball-Hooligan, traditionelle Cargohosen sind das Garderobeteil, das in deiner Garderobe nicht fehlen kann!<\/p>\n","protected":false},"featured_media":89430,"template":"","meta":{"_acf_changed":false},"product_brand":[],"product_cat":[425],"product_tag":[2299,2839],"class_list":{"0":"post-73390","1":"product","2":"type-product","3":"status-publish","4":"has-post-thumbnail","6":"product_cat-hosen","7":"product_tag-herbst-winter-2023","8":"product_tag-sale-de","9":"pa_gramatura-180-gr-m2-de","10":"pa_kolekcja-herbst-winter-2023","11":"pa_kolor-grau","12":"pa_kroj-klassisch","13":"pa_material-100-polyester-de-3","14":"pa_rozmiar-l-de","15":"pa_rozmiar-m-de-2","16":"pa_rozmiar-s-de","17":"pa_rozmiar-xl-de","18":"pa_rozmiar-xxl-de","19":"pa_rozmiar-xxxl-de","20":"feature-cargohose","22":"first","23":"instock","24":"sale","25":"taxable","26":"shipping-taxable","27":"purchasable","28":"product-type-variable"},"acf":[],"_links":{"self":[{"href":"https:\/\/pgwear.net\/de\/wp-json\/wp\/v2\/product\/73390","targetHints":{"allow":["GET"]}}],"collection":[{"href":"https:\/\/pgwear.net\/de\/wp-json\/wp\/v2\/product"}],"about":[{"href":"https:\/\/pgwear.net\/de\/wp-json\/wp\/v2\/types\/product"}],"wp:featuredmedia":[{"embeddable":true,"href":"https:\/\/pgwear.net\/de\/wp-json\/wp\/v2\/media\/89430"}],"wp:attachment":[{"href":"https:\/\/pgwear.net\/de\/wp-json\/wp\/v2\/media?parent=73390"}],"wp:term":[{"taxonomy":"product_brand","embeddable":true,"href":"https:\/\/pgwear.net\/de\/wp-json\/wp\/v2\/product_brand?post=73390"},{"taxonomy":"product_cat","embeddable":true,"href":"https:\/\/pgwear.net\/de\/wp-json\/wp\/v2\/product_cat?post=73390"},{"taxonomy":"product_tag","embeddable":true,"href":"https:\/\/pgwear.net\/de\/wp-json\/wp\/v2\/product_tag?post=73390"}],"curies":[{"name":"wp","href":"https:\/\/api.w.org\/{rel}","templated":true}]}}