{"id":77195,"date":"2023-04-19T10:55:22","date_gmt":"2023-04-19T08:55:22","guid":{"rendered":"https:\/\/pgwear.net\/?post_type=product&#038;p=77195"},"modified":"2026-03-23T07:58:23","modified_gmt":"2026-03-23T06:58:23","slug":"aw23se-t-shirt-football-is-my-religion","status":"publish","type":"product","link":"https:\/\/pgwear.net\/de\/p\/aw23se-t-shirt-football-is-my-religion\/","title":{"rendered":"T-shirt &#8220;Football is my Religion&#8221;"},"content":{"rendered":"<p>Eines der legend\u00e4rsten Designs von PGwear ist zur\u00fcck! <a href=\"https:\/\/pgwear.net\/de\/feature\/religion-de\/\">Fu\u00dfball ist unsere Religion!<\/a> Stadion ist unsere Kirche! Das sind die Ideen, die alle Ultras, Hooligans und gew\u00f6hnliche Fu\u00dfballfans gemeinsam haben! Das legend\u00e4re Design von PGWEAR, der bereits zur Ikone geworden ist, kehrt zur\u00fcck! Gott sch\u00fctze die Ultras!<\/p>\n","protected":false},"excerpt":{"rendered":"<p>Eines der legend\u00e4rsten Designs von PGwear ist zur\u00fcck! Fu\u00dfball ist unsere Religion!<\/p>\n","protected":false},"featured_media":77169,"template":"","meta":{"_acf_changed":false},"product_brand":[],"product_cat":[658,660],"product_tag":[],"class_list":{"0":"post-77195","1":"product","2":"type-product","3":"status-publish","4":"has-post-thumbnail","6":"product_cat-neuheiten","7":"product_cat-t-shirts-de","8":"pa_gramatura-180-gr-m2-de","9":"pa_kolekcja-herbst-winter-2023","10":"pa_kolor-schwarz","11":"pa_kroj-klassisch","12":"pa_material-100-baumwolle-de-2","13":"pa_nadruk-grosser-rueckenaufdruck","14":"pa_nadruk-pgwear-aufdruck-links-auf-der-brust","15":"pa_rozmiar-l-de","16":"pa_rozmiar-m-de-2","17":"pa_rozmiar-s-de","18":"pa_rozmiar-xl-de","19":"pa_rozmiar-xxl-de","20":"pa_rozmiar-xxxl-de","21":"feature-religion-de","23":"first","24":"instock","25":"taxable","26":"shipping-taxable","27":"purchasable","28":"product-type-variable"},"acf":[],"_links":{"self":[{"href":"https:\/\/pgwear.net\/de\/wp-json\/wp\/v2\/product\/77195","targetHints":{"allow":["GET"]}}],"collection":[{"href":"https:\/\/pgwear.net\/de\/wp-json\/wp\/v2\/product"}],"about":[{"href":"https:\/\/pgwear.net\/de\/wp-json\/wp\/v2\/types\/product"}],"wp:featuredmedia":[{"embeddable":true,"href":"https:\/\/pgwear.net\/de\/wp-json\/wp\/v2\/media\/77169"}],"wp:attachment":[{"href":"https:\/\/pgwear.net\/de\/wp-json\/wp\/v2\/media?parent=77195"}],"wp:term":[{"taxonomy":"product_brand","embeddable":true,"href":"https:\/\/pgwear.net\/de\/wp-json\/wp\/v2\/product_brand?post=77195"},{"taxonomy":"product_cat","embeddable":true,"href":"https:\/\/pgwear.net\/de\/wp-json\/wp\/v2\/product_cat?post=77195"},{"taxonomy":"product_tag","embeddable":true,"href":"https:\/\/pgwear.net\/de\/wp-json\/wp\/v2\/product_tag?post=77195"}],"curies":[{"name":"wp","href":"https:\/\/api.w.org\/{rel}","templated":true}]}}