{"id":77238,"date":"2023-04-19T12:22:57","date_gmt":"2023-04-19T10:22:57","guid":{"rendered":"https:\/\/pgwear.net\/p\/sturmhaube-netz-fighter\/"},"modified":"2026-03-03T18:39:09","modified_gmt":"2026-03-03T17:39:09","slug":"sturmhaube-netz-fighter","status":"publish","type":"product","link":"https:\/\/pgwear.net\/de\/p\/sturmhaube-netz-fighter\/","title":{"rendered":"Sturmhaube Netz &#8220;Fighter&#8221;"},"content":{"rendered":"<p>Vermeide das Stadionverbot! Bleibe anonym sowohl auf der Stra\u00dfe als im Stadion vor Polizei, CCTV-Kameras oder Feinden! Es gibt nur eine Sache, die Euch dabei helfen kann! Das ist eine <a href=\"https:\/\/pgwear.net\/de\/c\/sturmhauben\/\">Sturmhaube<\/a>! PGWEAR pr\u00e4sentiert stolz die einzigartige Mesh-Sturmhaube mit dem Aufdruck! Die Sicht ist perfekt, sogar wenn die Augen von au\u00dfen vollst\u00e4ndig abgedeckt bleiben! Unverzichtbares Accessoire f\u00fcr jeden Ultra, Hooligan und l\u00e4ssigen Fu\u00dfballfan!<\/p>\n","protected":false},"excerpt":{"rendered":"<p>Vermeide das Stadionverbot! Bleibe anonym sowohl auf der Stra\u00dfe als im Stadion vor Polizei, CCTV-Kameras oder Feinden! Es gibt nur eine Sache, die Euch dabei helfen kann!<\/p>\n","protected":false},"featured_media":77225,"template":"","meta":{"_acf_changed":false},"product_brand":[],"product_cat":[658,3575,654],"product_tag":[],"class_list":{"0":"post-77238","1":"product","2":"type-product","3":"status-publish","4":"has-post-thumbnail","6":"product_cat-neuheiten","7":"product_cat-sturmhauben-de","8":"product_cat-sturmhauben","9":"pa_kolekcja-herbst-winter-2023","10":"pa_kolor-schwarz","11":"pa_material-100-polyester-de-3","12":"feature-fullprint-sturmhaube","14":"first","15":"instock","16":"taxable","17":"shipping-taxable","18":"purchasable","19":"product-type-simple"},"acf":[],"_links":{"self":[{"href":"https:\/\/pgwear.net\/de\/wp-json\/wp\/v2\/product\/77238","targetHints":{"allow":["GET"]}}],"collection":[{"href":"https:\/\/pgwear.net\/de\/wp-json\/wp\/v2\/product"}],"about":[{"href":"https:\/\/pgwear.net\/de\/wp-json\/wp\/v2\/types\/product"}],"wp:featuredmedia":[{"embeddable":true,"href":"https:\/\/pgwear.net\/de\/wp-json\/wp\/v2\/media\/77225"}],"wp:attachment":[{"href":"https:\/\/pgwear.net\/de\/wp-json\/wp\/v2\/media?parent=77238"}],"wp:term":[{"taxonomy":"product_brand","embeddable":true,"href":"https:\/\/pgwear.net\/de\/wp-json\/wp\/v2\/product_brand?post=77238"},{"taxonomy":"product_cat","embeddable":true,"href":"https:\/\/pgwear.net\/de\/wp-json\/wp\/v2\/product_cat?post=77238"},{"taxonomy":"product_tag","embeddable":true,"href":"https:\/\/pgwear.net\/de\/wp-json\/wp\/v2\/product_tag?post=77238"}],"curies":[{"name":"wp","href":"https:\/\/api.w.org\/{rel}","templated":true}]}}