{"id":83218,"date":"2023-05-29T14:13:17","date_gmt":"2023-05-29T12:13:17","guid":{"rendered":"https:\/\/pgwear.net\/p\/t-shirt-beerflare-black\/"},"modified":"2026-03-20T13:58:18","modified_gmt":"2026-03-20T12:58:18","slug":"ss23se-t-shirt-beerflare-black","status":"publish","type":"product","link":"https:\/\/pgwear.net\/de\/p\/ss23se-t-shirt-beerflare-black\/","title":{"rendered":"T-shirt &#8220;Beer&amp;Flare&#8221; Black"},"content":{"rendered":"<p><a href=\"https:\/\/pgwear.net\/de\/feature\/thema-bier\/\">Bier<\/a> und <a href=\"https:\/\/pgwear.net\/de\/feature\/pyro-thema\/\">Fackel<\/a> sind zwei wesentliche Symbole der Ultras-Kultur! Ein Glas Bier bedeutet Spa\u00df, verbrachte Zeit mit treuen Freunden w\u00e4hrend eines <a href=\"https:\/\/pgwear.net\/de\/feature\/awayday-de\/\">Auswartsspiel<\/a> oder in der \u00f6rtlichen Kneipe in der Stadt.<\/p>\n","protected":false},"excerpt":{"rendered":"<p>Fackel pr\u00e4sentiert unsere Leidenschaft, Emotionen und unser Engagement f\u00fcr das Team! Trage dieses T-shirt stolz sowohl auf der Stra\u00dfe als auch im Stadion und zeige dadurch, zu welcher Kultur du geh\u00f6rst!<\/p>\n","protected":false},"featured_media":83195,"template":"","meta":{"_acf_changed":false},"product_brand":[],"product_cat":[658,660],"product_tag":[],"class_list":{"0":"post-83218","1":"product","2":"type-product","3":"status-publish","4":"has-post-thumbnail","6":"product_cat-neuheiten","7":"product_cat-t-shirts-de","8":"pa_gramatura-180-gr-m2-de","9":"pa_kolor-schwarz","10":"pa_material-100-baumwolle-de-2","11":"pa_nadruk-grosser-brustaufdruck","12":"pa_rozmiar-l-de","13":"pa_rozmiar-m-de-2","14":"pa_rozmiar-s-de","15":"pa_rozmiar-xl-de","16":"pa_rozmiar-xxl-de","17":"pa_rozmiar-xxxl-de","18":"feature-1312-de","19":"feature-pyro-thema","20":"feature-thema-bier","22":"first","23":"instock","24":"taxable","25":"shipping-taxable","26":"purchasable","27":"product-type-variable"},"acf":[],"_links":{"self":[{"href":"https:\/\/pgwear.net\/de\/wp-json\/wp\/v2\/product\/83218","targetHints":{"allow":["GET"]}}],"collection":[{"href":"https:\/\/pgwear.net\/de\/wp-json\/wp\/v2\/product"}],"about":[{"href":"https:\/\/pgwear.net\/de\/wp-json\/wp\/v2\/types\/product"}],"wp:featuredmedia":[{"embeddable":true,"href":"https:\/\/pgwear.net\/de\/wp-json\/wp\/v2\/media\/83195"}],"wp:attachment":[{"href":"https:\/\/pgwear.net\/de\/wp-json\/wp\/v2\/media?parent=83218"}],"wp:term":[{"taxonomy":"product_brand","embeddable":true,"href":"https:\/\/pgwear.net\/de\/wp-json\/wp\/v2\/product_brand?post=83218"},{"taxonomy":"product_cat","embeddable":true,"href":"https:\/\/pgwear.net\/de\/wp-json\/wp\/v2\/product_cat?post=83218"},{"taxonomy":"product_tag","embeddable":true,"href":"https:\/\/pgwear.net\/de\/wp-json\/wp\/v2\/product_tag?post=83218"}],"curies":[{"name":"wp","href":"https:\/\/api.w.org\/{rel}","templated":true}]}}