{"id":84369,"date":"2023-06-07T09:54:09","date_gmt":"2023-06-07T07:54:09","guid":{"rendered":"https:\/\/pgwear.net\/p\/fussball-trikot-69\/"},"modified":"2026-03-20T14:31:36","modified_gmt":"2026-03-20T13:31:36","slug":"ss23isd-fussball-trikot-69","status":"publish","type":"product","link":"https:\/\/pgwear.net\/de\/p\/ss23isd-fussball-trikot-69\/","title":{"rendered":"Fu\u00dfball Trikot &#8220;69&#8221;"},"content":{"rendered":"<p>Es spielt keine Rolle, ob du Single, verheiratet oder in einer Beziehung bist, wir wetten, dass du den Internationalen Sextag feierst! Willst du das jedoch richtig machen? Wir haben etwas spezielles f\u00fcr dich! Das neue <a href=\"https:\/\/pgwear.net\/de\/feature\/fusballtrikot\/\">PGWEAR-Trikot<\/a>! Es ist die perfekte Art, diesen besonderen Tag auf der Stra\u00dfe, im Stadion oder im Schlafzimmer zu ehren, mit einem lustigen und skurrilen Design, das die Menschen um dich herum zum L\u00e4cheln bringt. Egal, ob du nach einem Geschenk f\u00fcr deine Liebsten oder sich selbst suchst, dieses Kleidungsst\u00fcck in limitierter Auflage ist die perfekte Wahl f\u00fcr diesen Tag!<\/p>\n","protected":false},"excerpt":{"rendered":"<p>Es spielt keine Rolle, ob du Single, verheiratet oder in einer Beziehung bist, wir wetten, dass du den Internationalen Sextag feierst!<\/p>\n","protected":false},"featured_media":84355,"template":"","meta":{"_acf_changed":false},"product_brand":[],"product_cat":[658,660],"product_tag":[],"class_list":{"0":"post-84369","1":"product","2":"type-product","3":"status-publish","4":"has-post-thumbnail","6":"product_cat-neuheiten","7":"product_cat-t-shirts-de","8":"pa_gramatura-160-gr-m2-de","9":"pa_kolekcja-fruhling-sommer-2023","10":"pa_kolor-schwarz","11":"pa_material-100-polyester-de-3","12":"pa_nadruk-aufdruck-ueber-den-ganzen-ruecken","13":"pa_nadruk-grosser-frontaufdruck","14":"pa_rozmiar-l-de","15":"pa_rozmiar-m-de-2","16":"pa_rozmiar-s-de","17":"pa_rozmiar-xl-de","18":"pa_rozmiar-xxl-de","19":"pa_rozmiar-xxxl-de","20":"feature-fusballtrikot","22":"first","23":"instock","24":"taxable","25":"shipping-taxable","26":"purchasable","27":"product-type-variable"},"acf":[],"_links":{"self":[{"href":"https:\/\/pgwear.net\/de\/wp-json\/wp\/v2\/product\/84369","targetHints":{"allow":["GET"]}}],"collection":[{"href":"https:\/\/pgwear.net\/de\/wp-json\/wp\/v2\/product"}],"about":[{"href":"https:\/\/pgwear.net\/de\/wp-json\/wp\/v2\/types\/product"}],"wp:featuredmedia":[{"embeddable":true,"href":"https:\/\/pgwear.net\/de\/wp-json\/wp\/v2\/media\/84355"}],"wp:attachment":[{"href":"https:\/\/pgwear.net\/de\/wp-json\/wp\/v2\/media?parent=84369"}],"wp:term":[{"taxonomy":"product_brand","embeddable":true,"href":"https:\/\/pgwear.net\/de\/wp-json\/wp\/v2\/product_brand?post=84369"},{"taxonomy":"product_cat","embeddable":true,"href":"https:\/\/pgwear.net\/de\/wp-json\/wp\/v2\/product_cat?post=84369"},{"taxonomy":"product_tag","embeddable":true,"href":"https:\/\/pgwear.net\/de\/wp-json\/wp\/v2\/product_tag?post=84369"}],"curies":[{"name":"wp","href":"https:\/\/api.w.org\/{rel}","templated":true}]}}