{"id":86047,"date":"2023-06-19T08:36:29","date_gmt":"2023-06-19T06:36:29","guid":{"rendered":"https:\/\/pgwear.net\/?post_type=product&#038;p=86047"},"modified":"2026-03-24T12:34:31","modified_gmt":"2026-03-24T11:34:31","slug":"t-shirt-its-my-drug-schwarz","status":"publish","type":"product","link":"https:\/\/pgwear.net\/de\/p\/t-shirt-its-my-drug-schwarz\/","title":{"rendered":"T-shirt &#8220;It&#8217;s my drug&#8221; Schwarz"},"content":{"rendered":"<p><a href=\"https:\/\/pgwear.net\/de\/feature\/thema-bier\/\">Bier<\/a>, <a href=\"https:\/\/pgwear.net\/de\/feature\/against-modern-football-de\/\">Widerstand gegen modernen Fu\u00dfball<\/a> und <a href=\"https:\/\/pgwear.net\/de\/feature\/pyro-thema\/\">Pyro<\/a> \u2013 das sind drei Symbole der Ultras-Kultur, ohne die keine Fanbewegung existiert! Bier symbolisiert eine Zeit mit treuen Freunden bei <a href=\"https:\/\/pgwear.net\/de\/feature\/awayday-de\/\">Ausw\u00e4rtsspielen<\/a> oder in einer \u00f6rtlichen Kneipe. Der AMF-Ball repr\u00e4sentiert alle wichtigen Werte der Fu\u00dfballkultur, die noch nicht durch Geld zerst\u00f6rt wurden. Und das Pyro- ein Symbol unserer Leidenschaft und Liebe zum Jubeln im Stadion! Das sind unsere S\u00fcchte! PGWEAR ULTRAS SHOP garantiert immer beste Qualit\u00e4t! Das Produkt wurde in Europa, in Polen von PGWEAR CUSTOMS hergestellt.<\/p>\n","protected":false},"excerpt":{"rendered":"<p>Bier, Widerstand gegen modernen Fu\u00dfball und Pyro \u2013 das sind drei Symbole der Ultras-Kultur, ohne die keine Fanbewegung existiert!<\/p>\n","protected":false},"featured_media":86141,"template":"","meta":{"_acf_changed":false},"product_brand":[],"product_cat":[658,660],"product_tag":[],"class_list":{"0":"post-86047","1":"product","2":"type-product","3":"status-publish","4":"has-post-thumbnail","6":"product_cat-neuheiten","7":"product_cat-t-shirts-de","8":"pa_gramatura-180-gr-m2-de","9":"pa_kolor-schwarz","10":"pa_kroj-klassisch","11":"pa_material-100-baumwolle-de-2","12":"pa_nadruk-grosser-brustaufdruck","13":"pa_rozmiar-l-de","14":"pa_rozmiar-m-de-2","15":"pa_rozmiar-s-de","16":"pa_rozmiar-xl-de","17":"pa_rozmiar-xxl-de","18":"pa_rozmiar-xxxl-de","19":"feature-ball-thema","20":"feature-pyro-thema","21":"feature-thema-bier","23":"first","24":"instock","25":"taxable","26":"shipping-taxable","27":"purchasable","28":"product-type-variable"},"acf":[],"_links":{"self":[{"href":"https:\/\/pgwear.net\/de\/wp-json\/wp\/v2\/product\/86047","targetHints":{"allow":["GET"]}}],"collection":[{"href":"https:\/\/pgwear.net\/de\/wp-json\/wp\/v2\/product"}],"about":[{"href":"https:\/\/pgwear.net\/de\/wp-json\/wp\/v2\/types\/product"}],"wp:featuredmedia":[{"embeddable":true,"href":"https:\/\/pgwear.net\/de\/wp-json\/wp\/v2\/media\/86141"}],"wp:attachment":[{"href":"https:\/\/pgwear.net\/de\/wp-json\/wp\/v2\/media?parent=86047"}],"wp:term":[{"taxonomy":"product_brand","embeddable":true,"href":"https:\/\/pgwear.net\/de\/wp-json\/wp\/v2\/product_brand?post=86047"},{"taxonomy":"product_cat","embeddable":true,"href":"https:\/\/pgwear.net\/de\/wp-json\/wp\/v2\/product_cat?post=86047"},{"taxonomy":"product_tag","embeddable":true,"href":"https:\/\/pgwear.net\/de\/wp-json\/wp\/v2\/product_tag?post=86047"}],"curies":[{"name":"wp","href":"https:\/\/api.w.org\/{rel}","templated":true}]}}