{"id":87148,"date":"2023-06-28T08:35:56","date_gmt":"2023-06-28T06:35:56","guid":{"rendered":"https:\/\/pgwear.net\/p\/sonnenbrille-glow\/"},"modified":"2026-03-28T01:08:49","modified_gmt":"2026-03-28T00:08:49","slug":"ss23-sonnenbrille-glow","status":"publish","type":"product","link":"https:\/\/pgwear.net\/de\/p\/ss23-sonnenbrille-glow\/","title":{"rendered":"Sonnenbrille &#8220;Glow&#8221;"},"content":{"rendered":"<p>Die Sonnenbrille &#8220;Glow&#8221; unser Vorschlag f\u00fcr den kommenden Sommer. Durch UV400-Filter sch\u00fctzen sie eure Augen vor starkem Sonnenlicht und nat\u00fcrlich vor ACAB und CCTV sowohl auf der Stra\u00dfe als auch im Stadion! Bleibe sicher, stilvoll und anonym!<\/p>\n","protected":false},"excerpt":{"rendered":"<p>Die Sonnenbrille &#8220;Glow&#8221; unser Vorschlag f\u00fcr den kommenden Sommer. Durch UV400-Filter sch\u00fctzen sie eure Augen vor starkem Sonnenlicht und nat\u00fcrlich vor ACAB und CCTV sowohl auf der Stra\u00dfe als auch im Stadion! Bleibe sicher, stilvoll und anonym!<\/p>\n","protected":false},"featured_media":87137,"template":"","meta":{"_acf_changed":false},"product_brand":[],"product_cat":[502,3541,658],"product_tag":[],"class_list":{"0":"post-87148","1":"product","2":"type-product","3":"status-publish","4":"has-post-thumbnail","6":"product_cat-accessories-de","7":"product_cat-andere","8":"product_cat-neuheiten","9":"pa_kolekcja-fruhling-sommer-2023","10":"pa_kolor-schwarz","11":"feature-brille","13":"first","14":"instock","15":"taxable","16":"shipping-taxable","17":"purchasable","18":"product-type-simple"},"acf":[],"_links":{"self":[{"href":"https:\/\/pgwear.net\/de\/wp-json\/wp\/v2\/product\/87148","targetHints":{"allow":["GET"]}}],"collection":[{"href":"https:\/\/pgwear.net\/de\/wp-json\/wp\/v2\/product"}],"about":[{"href":"https:\/\/pgwear.net\/de\/wp-json\/wp\/v2\/types\/product"}],"wp:featuredmedia":[{"embeddable":true,"href":"https:\/\/pgwear.net\/de\/wp-json\/wp\/v2\/media\/87137"}],"wp:attachment":[{"href":"https:\/\/pgwear.net\/de\/wp-json\/wp\/v2\/media?parent=87148"}],"wp:term":[{"taxonomy":"product_brand","embeddable":true,"href":"https:\/\/pgwear.net\/de\/wp-json\/wp\/v2\/product_brand?post=87148"},{"taxonomy":"product_cat","embeddable":true,"href":"https:\/\/pgwear.net\/de\/wp-json\/wp\/v2\/product_cat?post=87148"},{"taxonomy":"product_tag","embeddable":true,"href":"https:\/\/pgwear.net\/de\/wp-json\/wp\/v2\/product_tag?post=87148"}],"curies":[{"name":"wp","href":"https:\/\/api.w.org\/{rel}","templated":true}]}}