{"id":88417,"date":"2023-07-07T12:07:45","date_gmt":"2023-07-07T10:07:45","guid":{"rendered":"https:\/\/pgwear.net\/p\/chino-shorts-solid-schwarz\/"},"modified":"2026-03-04T22:33:47","modified_gmt":"2026-03-04T21:33:47","slug":"ss23se-chino-shorts-solid-schwarz","status":"publish","type":"product","link":"https:\/\/pgwear.net\/de\/p\/ss23se-chino-shorts-solid-schwarz\/","title":{"rendered":"Chino Shorts &#8220;Solid&#8221; Schwarz"},"content":{"rendered":"<p>Diese kurzen, minimalistischen und leichten Casual- Shorts sind die perfekte Wahl f\u00fcr hei\u00dfe Sommertage, an denen du stundenlang mit treuen Freunden in eine gegnerische Stadt zum Fu\u00dfballspiel deiner Mannschaft reisen musst. Ultimativer Komfort und Stil garantiert!<\/p>\n","protected":false},"excerpt":{"rendered":"<p>Diese kurzen, minimalistischen und leichten Casual- Shorts sind die perfekte Wahl f\u00fcr hei\u00dfe Sommertage, an denen du stundenlang mit treuen Freunden in eine gegnerische Stadt zum Fu\u00dfballspiel deiner Mannschaft reisen musst. Ultimativer Komfort und Stil garantiert!<\/p>\n","protected":false},"featured_media":88393,"template":"","meta":{"_acf_changed":false},"product_brand":[],"product_cat":[3595,658,404],"product_tag":[3279],"class_list":{"0":"post-88417","1":"product","2":"type-product","3":"status-publish","4":"has-post-thumbnail","6":"product_cat-chinos","7":"product_cat-neuheiten","8":"product_cat-shorts-de","9":"product_tag-letzte-chance","10":"pa_gramatura-240-gr-m2-de","11":"pa_kolor-schwarz","12":"pa_material-2-elastan-de","13":"pa_material-98-baumwolle","14":"pa_rozmiar-l-de","15":"pa_rozmiar-m-de-2","16":"pa_rozmiar-s-de","17":"pa_rozmiar-xl-de","18":"pa_rozmiar-xxl-de","19":"pa_rozmiar-xxxl-de","21":"first","22":"outofstock","23":"sale","24":"taxable","25":"shipping-taxable","26":"purchasable","27":"product-type-variable"},"acf":[],"_links":{"self":[{"href":"https:\/\/pgwear.net\/de\/wp-json\/wp\/v2\/product\/88417","targetHints":{"allow":["GET"]}}],"collection":[{"href":"https:\/\/pgwear.net\/de\/wp-json\/wp\/v2\/product"}],"about":[{"href":"https:\/\/pgwear.net\/de\/wp-json\/wp\/v2\/types\/product"}],"wp:featuredmedia":[{"embeddable":true,"href":"https:\/\/pgwear.net\/de\/wp-json\/wp\/v2\/media\/88393"}],"wp:attachment":[{"href":"https:\/\/pgwear.net\/de\/wp-json\/wp\/v2\/media?parent=88417"}],"wp:term":[{"taxonomy":"product_brand","embeddable":true,"href":"https:\/\/pgwear.net\/de\/wp-json\/wp\/v2\/product_brand?post=88417"},{"taxonomy":"product_cat","embeddable":true,"href":"https:\/\/pgwear.net\/de\/wp-json\/wp\/v2\/product_cat?post=88417"},{"taxonomy":"product_tag","embeddable":true,"href":"https:\/\/pgwear.net\/de\/wp-json\/wp\/v2\/product_tag?post=88417"}],"curies":[{"name":"wp","href":"https:\/\/api.w.org\/{rel}","templated":true}]}}