{"id":88448,"date":"2023-07-07T12:07:44","date_gmt":"2023-07-07T10:07:44","guid":{"rendered":"https:\/\/pgwear.net\/p\/cargo-shorts-falcon-schwarz\/"},"modified":"2025-12-02T12:19:12","modified_gmt":"2025-12-02T11:19:12","slug":"ss23se-shorts-cargo-falcon-schwarz","status":"publish","type":"product","link":"https:\/\/pgwear.net\/de\/p\/ss23se-shorts-cargo-falcon-schwarz\/","title":{"rendered":"Cargo Shorts &#8220;Falcon&#8221; Schwarz"},"content":{"rendered":"<p>Es ist bekannt, dass die besten Hosen f\u00fcr Fu\u00dfballfans Cargohosen sind! Aber was tun, wenn es drau\u00dfen warm ist und man trotzdem ein paar Sachen in die St\u00e4nde bringen m\u00f6chte? PGWEAR hat die L\u00f6sung: Cargo-Shorts! F\u00fclle die Taschen mit den wichtigsten Accessoires und sieht toll sowohl auf der Stra\u00dfe als auch im Stadion aus!<\/p>\n","protected":false},"excerpt":{"rendered":"<p>Es ist bekannt, dass die besten Hosen f\u00fcr Fu\u00dfballfans Cargohosen sind!<\/p>\n","protected":false},"featured_media":88427,"template":"","meta":{"_acf_changed":false},"product_brand":[],"product_cat":[3593,658,404],"product_tag":[],"class_list":{"0":"post-88448","1":"product","2":"type-product","3":"status-publish","4":"has-post-thumbnail","6":"product_cat-cargoshorts","7":"product_cat-neuheiten","8":"product_cat-shorts-de","9":"pa_gramatura-200-gr-m2-de","10":"pa_kolor-schwarz","11":"pa_material-2-elastan-de","12":"pa_material-98-baumwolle","13":"pa_rozmiar-l-de","14":"pa_rozmiar-m-de-2","15":"pa_rozmiar-s-de","16":"pa_rozmiar-xl-de","17":"pa_rozmiar-xxl-de","18":"pa_rozmiar-xxxl-de","19":"feature-cargohose","21":"first","22":"outofstock","23":"taxable","24":"shipping-taxable","25":"product-type-variable"},"acf":[],"_links":{"self":[{"href":"https:\/\/pgwear.net\/de\/wp-json\/wp\/v2\/product\/88448","targetHints":{"allow":["GET"]}}],"collection":[{"href":"https:\/\/pgwear.net\/de\/wp-json\/wp\/v2\/product"}],"about":[{"href":"https:\/\/pgwear.net\/de\/wp-json\/wp\/v2\/types\/product"}],"wp:featuredmedia":[{"embeddable":true,"href":"https:\/\/pgwear.net\/de\/wp-json\/wp\/v2\/media\/88427"}],"wp:attachment":[{"href":"https:\/\/pgwear.net\/de\/wp-json\/wp\/v2\/media?parent=88448"}],"wp:term":[{"taxonomy":"product_brand","embeddable":true,"href":"https:\/\/pgwear.net\/de\/wp-json\/wp\/v2\/product_brand?post=88448"},{"taxonomy":"product_cat","embeddable":true,"href":"https:\/\/pgwear.net\/de\/wp-json\/wp\/v2\/product_cat?post=88448"},{"taxonomy":"product_tag","embeddable":true,"href":"https:\/\/pgwear.net\/de\/wp-json\/wp\/v2\/product_tag?post=88448"}],"curies":[{"name":"wp","href":"https:\/\/api.w.org\/{rel}","templated":true}]}}