{"id":91427,"date":"2023-07-24T08:42:25","date_gmt":"2023-07-24T06:42:25","guid":{"rendered":"https:\/\/pgwear.net\/p\/t-shirt-sunday-funday\/"},"modified":"2026-03-23T07:58:26","modified_gmt":"2026-03-23T06:58:26","slug":"aw16-t-shirt-sunday-funday","status":"publish","type":"product","link":"https:\/\/pgwear.net\/de\/p\/aw16-t-shirt-sunday-funday\/","title":{"rendered":"T-shirt &#8220;Sunday &#8211; Funday&#8221;"},"content":{"rendered":"<p>Hier ist ein Shirt, das den Geist des Spiels am Sonntag perfekt einf\u00e4ngt! &#8220;Sunday &#8211; Funday&#8221; ist ein Slogan, der nicht nur ins Auge sticht, sondern auch das einf\u00e4ngt, was wir am meisten lieben &#8211; Fu\u00dfballbegeisterung, gemeinsamen Spa\u00df und einen einzigartigen Nervenkitzel jeden Sonntag.<\/p>\n","protected":false},"excerpt":{"rendered":"<p>Hier ist ein Shirt, das den Geist des Spiels am Sonntag perfekt einf\u00e4ngt! &#8220;Sunday &#8211; Funday&#8221; ist ein Slogan, der nicht nur ins Auge sticht, sondern auch das einf\u00e4ngt, was wir am meisten lieben &#8211; Fu\u00dfballbegeisterung, gemeinsamen Spa\u00df und einen einzigartigen Nervenkitzel jeden Sonntag.<\/p>\n","protected":false},"featured_media":91394,"template":"","meta":{"_acf_changed":false},"product_brand":[],"product_cat":[658,660],"product_tag":[],"class_list":{"0":"post-91427","1":"product","2":"type-product","3":"status-publish","4":"has-post-thumbnail","6":"product_cat-neuheiten","7":"product_cat-t-shirts-de","8":"pa_gramatura-180-gr-m2-de","9":"pa_kolekcja-fruhling-sommer-2023","10":"pa_kolor-marineblau","11":"pa_material-100-baumwolle-de-2","12":"pa_nadruk-grosser-brustaufdruck","13":"pa_rozmiar-l-de","14":"pa_rozmiar-m-de-2","15":"pa_rozmiar-s-de","16":"pa_rozmiar-xl-de","17":"pa_rozmiar-xxl-de","18":"pa_rozmiar-xxxl-de","20":"first","21":"instock","22":"taxable","23":"shipping-taxable","24":"purchasable","25":"product-type-variable"},"acf":[],"_links":{"self":[{"href":"https:\/\/pgwear.net\/de\/wp-json\/wp\/v2\/product\/91427","targetHints":{"allow":["GET"]}}],"collection":[{"href":"https:\/\/pgwear.net\/de\/wp-json\/wp\/v2\/product"}],"about":[{"href":"https:\/\/pgwear.net\/de\/wp-json\/wp\/v2\/types\/product"}],"wp:featuredmedia":[{"embeddable":true,"href":"https:\/\/pgwear.net\/de\/wp-json\/wp\/v2\/media\/91394"}],"wp:attachment":[{"href":"https:\/\/pgwear.net\/de\/wp-json\/wp\/v2\/media?parent=91427"}],"wp:term":[{"taxonomy":"product_brand","embeddable":true,"href":"https:\/\/pgwear.net\/de\/wp-json\/wp\/v2\/product_brand?post=91427"},{"taxonomy":"product_cat","embeddable":true,"href":"https:\/\/pgwear.net\/de\/wp-json\/wp\/v2\/product_cat?post=91427"},{"taxonomy":"product_tag","embeddable":true,"href":"https:\/\/pgwear.net\/de\/wp-json\/wp\/v2\/product_tag?post=91427"}],"curies":[{"name":"wp","href":"https:\/\/api.w.org\/{rel}","templated":true}]}}