{"id":92633,"date":"2023-07-28T13:39:42","date_gmt":"2023-07-28T11:39:42","guid":{"rendered":"https:\/\/pgwear.net\/p\/pullover-clive-navy\/"},"modified":"2025-11-05T16:58:56","modified_gmt":"2025-11-05T15:58:56","slug":"pullover-clive-navy","status":"publish","type":"product","link":"https:\/\/pgwear.net\/de\/p\/pullover-clive-navy\/","title":{"rendered":"Pullover \u201cClive\u201d Navy"},"content":{"rendered":"<p>F\u00fcr k\u00e4ltere Abende mit treuen Freunden im Pub oder f\u00fcr ein l\u00e4ngeres <a href=\"https:\/\/pgwear.net\/de\/feature\/awayday-de\/\">Ausw\u00e4rtsspiel<\/a>. Dieses minimalistische Casual-Bekleidungselement passt zu jedem Outfit, egal ob heim oder ausw\u00e4rts, beim Spiel oder Date, auf der Stra\u00dfe oder im Stadion! Trage den Pullover CLIVE \u00fcberall!<\/p>\n","protected":false},"excerpt":{"rendered":"<p>F\u00fcr k\u00e4ltere Abende mit treuen Freunden im Pub oder f\u00fcr ein l\u00e4ngeres Ausw\u00e4rtsspiel.<\/p>\n","protected":false},"featured_media":92642,"template":"","meta":{"_acf_changed":false},"product_brand":[],"product_cat":[451],"product_tag":[2299],"class_list":{"0":"post-92633","1":"product","2":"type-product","3":"status-publish","4":"has-post-thumbnail","6":"product_cat-pullover","7":"product_tag-herbst-winter-2023","8":"pa_gramatura-290-gr-m2-de","9":"pa_kolekcja-herbst-winter-2023","10":"pa_kolor-marineblau","11":"pa_kroj-klassisch","12":"pa_material-50-baumwolle","13":"pa_material-50-polyester-de","14":"pa_rozmiar-l-de","15":"pa_rozmiar-m-de-2","16":"pa_rozmiar-s-de","17":"pa_rozmiar-xl-de","18":"pa_rozmiar-xxl-de","19":"pa_rozmiar-xxxl-de","21":"first","22":"instock","23":"taxable","24":"shipping-taxable","25":"purchasable","26":"product-type-variable"},"acf":[],"_links":{"self":[{"href":"https:\/\/pgwear.net\/de\/wp-json\/wp\/v2\/product\/92633","targetHints":{"allow":["GET"]}}],"collection":[{"href":"https:\/\/pgwear.net\/de\/wp-json\/wp\/v2\/product"}],"about":[{"href":"https:\/\/pgwear.net\/de\/wp-json\/wp\/v2\/types\/product"}],"wp:featuredmedia":[{"embeddable":true,"href":"https:\/\/pgwear.net\/de\/wp-json\/wp\/v2\/media\/92642"}],"wp:attachment":[{"href":"https:\/\/pgwear.net\/de\/wp-json\/wp\/v2\/media?parent=92633"}],"wp:term":[{"taxonomy":"product_brand","embeddable":true,"href":"https:\/\/pgwear.net\/de\/wp-json\/wp\/v2\/product_brand?post=92633"},{"taxonomy":"product_cat","embeddable":true,"href":"https:\/\/pgwear.net\/de\/wp-json\/wp\/v2\/product_cat?post=92633"},{"taxonomy":"product_tag","embeddable":true,"href":"https:\/\/pgwear.net\/de\/wp-json\/wp\/v2\/product_tag?post=92633"}],"curies":[{"name":"wp","href":"https:\/\/api.w.org\/{rel}","templated":true}]}}