{"id":93828,"date":"2023-08-07T13:45:12","date_gmt":"2023-08-07T11:45:12","guid":{"rendered":"https:\/\/pgwear.net\/p\/weste-jared-black\/"},"modified":"2026-04-03T00:45:18","modified_gmt":"2026-04-02T22:45:18","slug":"weste-jared-black","status":"publish","type":"product","link":"https:\/\/pgwear.net\/de\/p\/weste-jared-black\/","title":{"rendered":"Weste &#8220;Jared&#8221; Black"},"content":{"rendered":"<p><a href=\"https:\/\/pgwear.net\/de\/feature\/weste\/\">Die Weste<\/a> \u201eJared\u201c ist ein Produkt, das sich perfekt f\u00fcr den Fr\u00fchlingsanfang und den Herbst eignet. Das Produkt besteht aus <a href=\"https:\/\/pgwear.net\/de\/feature\/wasserdichte\/\">wasserdichtem Stoff<\/a> und verf\u00fcgt \u00fcber zwei <a href=\"https:\/\/pgwear.net\/de\/feature\/grose-tasche\/\">ger\u00e4umige Taschen<\/a> mit Rei\u00dfverschl\u00fcssen. Perfekt zum Tragen mit einem Kapuzenpullover oder einem klassischen Sweatshirt.<\/p>\n","protected":false},"excerpt":{"rendered":"<p>Die Weste \u201eJared\u201c ist ein Produkt, das sich perfekt f\u00fcr den Fr\u00fchlingsanfang und den Herbst eignet. Das Produkt besteht aus wasserdichtem Stoff und verf\u00fcgt \u00fcber zwei ger\u00e4umige Taschen mit Rei\u00dfverschl\u00fcssen. Perfekt zum Tragen mit einem Kapuzenpullover oder einem klassischen Sweatshirt.<\/p>\n","protected":false},"featured_media":93778,"template":"","meta":{"_acf_changed":false},"product_brand":[],"product_cat":[3581],"product_tag":[3841,2299,3279,2839],"class_list":{"0":"post-93828","1":"product","2":"type-product","3":"status-publish","4":"has-post-thumbnail","6":"product_cat-westen","7":"product_tag-blue-monday","8":"product_tag-herbst-winter-2023","9":"product_tag-letzte-chance","10":"product_tag-sale-de","11":"pa_gramatura-120-gr-m2-de","12":"pa_kolekcja-herbst-winter-2023","13":"pa_kolor-schwarz","14":"pa_material-100-polyester-de-3","15":"pa_rozmiar-l-de","16":"pa_rozmiar-m-de-2","17":"pa_rozmiar-s-de","18":"pa_rozmiar-xl-de","19":"pa_rozmiar-xxl-de","20":"pa_rozmiar-xxxl-de","21":"feature-weste","23":"first","24":"instock","25":"sale","26":"taxable","27":"shipping-taxable","28":"purchasable","29":"product-type-variable"},"acf":[],"_links":{"self":[{"href":"https:\/\/pgwear.net\/de\/wp-json\/wp\/v2\/product\/93828","targetHints":{"allow":["GET"]}}],"collection":[{"href":"https:\/\/pgwear.net\/de\/wp-json\/wp\/v2\/product"}],"about":[{"href":"https:\/\/pgwear.net\/de\/wp-json\/wp\/v2\/types\/product"}],"wp:featuredmedia":[{"embeddable":true,"href":"https:\/\/pgwear.net\/de\/wp-json\/wp\/v2\/media\/93778"}],"wp:attachment":[{"href":"https:\/\/pgwear.net\/de\/wp-json\/wp\/v2\/media?parent=93828"}],"wp:term":[{"taxonomy":"product_brand","embeddable":true,"href":"https:\/\/pgwear.net\/de\/wp-json\/wp\/v2\/product_brand?post=93828"},{"taxonomy":"product_cat","embeddable":true,"href":"https:\/\/pgwear.net\/de\/wp-json\/wp\/v2\/product_cat?post=93828"},{"taxonomy":"product_tag","embeddable":true,"href":"https:\/\/pgwear.net\/de\/wp-json\/wp\/v2\/product_tag?post=93828"}],"curies":[{"name":"wp","href":"https:\/\/api.w.org\/{rel}","templated":true}]}}