{"id":9425,"date":"2022-01-21T12:04:54","date_gmt":"2022-01-21T11:04:54","guid":{"rendered":"https:\/\/dev.pgwear.net\/p\/pullover-oak-grey\/"},"modified":"2026-02-05T13:10:18","modified_gmt":"2026-02-05T12:10:18","slug":"pullover-oak-grey","status":"publish","type":"product","link":"https:\/\/pgwear.net\/de\/p\/pullover-oak-grey\/","title":{"rendered":"Pullover &#8220;Oak&#8221; Grey"},"content":{"rendered":"<p>Ein weicher Strickpullover mit hohem Kragen und einem Rei\u00dfverschluss, der dich auf der Stra\u00dfe und im Stadion warm h\u00e4lt. Erh\u00e4ltlich in drei Farbversionen.<\/p>\n","protected":false},"excerpt":{"rendered":"<p>Ein weicher Strickpullover mit hohem Kragen und einem Rei\u00dfverschluss, der dich auf der Stra\u00dfe und im Stadion warm h\u00e4lt.<\/p>\n","protected":false},"featured_media":9398,"template":"","meta":{"_acf_changed":false},"product_brand":[],"product_cat":[451],"product_tag":[],"class_list":{"0":"post-9425","1":"product","2":"type-product","3":"status-publish","4":"has-post-thumbnail","6":"product_cat-pullover","7":"pa_gramatura-340-gr-m2-de","8":"pa_kolekcja-herbst-winter-2021","9":"pa_kolor-grau","10":"pa_material-30-polyester-de","11":"pa_material-70-baumwolle","12":"pa_rozmiar-l-de","13":"pa_rozmiar-m-de-2","14":"pa_rozmiar-s-de","15":"pa_rozmiar-xl-de","16":"pa_rozmiar-xxl-de","17":"pa_rozmiar-xxxl-de","19":"first","20":"instock","21":"taxable","22":"shipping-taxable","23":"purchasable","24":"product-type-variable"},"acf":[],"_links":{"self":[{"href":"https:\/\/pgwear.net\/de\/wp-json\/wp\/v2\/product\/9425","targetHints":{"allow":["GET"]}}],"collection":[{"href":"https:\/\/pgwear.net\/de\/wp-json\/wp\/v2\/product"}],"about":[{"href":"https:\/\/pgwear.net\/de\/wp-json\/wp\/v2\/types\/product"}],"wp:featuredmedia":[{"embeddable":true,"href":"https:\/\/pgwear.net\/de\/wp-json\/wp\/v2\/media\/9398"}],"wp:attachment":[{"href":"https:\/\/pgwear.net\/de\/wp-json\/wp\/v2\/media?parent=9425"}],"wp:term":[{"taxonomy":"product_brand","embeddable":true,"href":"https:\/\/pgwear.net\/de\/wp-json\/wp\/v2\/product_brand?post=9425"},{"taxonomy":"product_cat","embeddable":true,"href":"https:\/\/pgwear.net\/de\/wp-json\/wp\/v2\/product_cat?post=9425"},{"taxonomy":"product_tag","embeddable":true,"href":"https:\/\/pgwear.net\/de\/wp-json\/wp\/v2\/product_tag?post=9425"}],"curies":[{"name":"wp","href":"https:\/\/api.w.org\/{rel}","templated":true}]}}