{"id":95399,"date":"2023-08-17T13:05:48","date_gmt":"2023-08-17T11:05:48","guid":{"rendered":"https:\/\/pgwear.net\/p\/chino-hosen-bronson-sand\/"},"modified":"2026-01-16T21:22:04","modified_gmt":"2026-01-16T20:22:04","slug":"aw23-chino-hosen-bronson-sand","status":"publish","type":"product","link":"https:\/\/pgwear.net\/de\/p\/aw23-chino-hosen-bronson-sand\/","title":{"rendered":"Chino Hosen &#8220;Bronson&#8221; Sand"},"content":{"rendered":"<p>Gestalte mit PGWEAR deine eigene Casual-Garderobe! Chinohosen BRONSON sind ein absolut klassisches und minimalistisches Must-Have! Dieses Kleidungsst\u00fcck ist das perfekte f\u00fcr jeden Fu\u00dfballfan (und nicht nur f\u00fcr ihn!), das sowohl auf der Stra\u00dfe als auch im Stadion und \u00fcberall sonst getragen werden kann!<\/p>\n","protected":false},"excerpt":{"rendered":"<p>Gestalte mit PGWEAR deine eigene Casual-Garderobe! Chinohosen BRONSON sind ein absolut klassisches und minimalistisches Must-Have! Dieses Kleidungsst\u00fcck ist das perfekte f\u00fcr jeden Fu\u00dfballfan (und nicht nur f\u00fcr ihn!), das sowohl auf der Stra\u00dfe als auch im Stadion und \u00fcberall sonst getragen werden kann!<\/p>\n","protected":false},"featured_media":95362,"template":"","meta":{"_acf_changed":false},"product_brand":[],"product_cat":[425],"product_tag":[2299],"class_list":{"0":"post-95399","1":"product","2":"type-product","3":"status-publish","4":"has-post-thumbnail","6":"product_cat-hosen","7":"product_tag-herbst-winter-2023","8":"pa_gramatura-240-gr-m2-de","9":"pa_kolor-beige-de","10":"pa_material-2-elastan-de","11":"pa_material-98-baumwolle","12":"pa_rozmiar-l-de","13":"pa_rozmiar-m-de-2","14":"pa_rozmiar-s-de","15":"pa_rozmiar-xl-de","16":"pa_rozmiar-xxl-de","17":"pa_rozmiar-xxxl-de","19":"first","20":"instock","21":"sale","22":"taxable","23":"shipping-taxable","24":"purchasable","25":"product-type-variable"},"acf":[],"_links":{"self":[{"href":"https:\/\/pgwear.net\/de\/wp-json\/wp\/v2\/product\/95399","targetHints":{"allow":["GET"]}}],"collection":[{"href":"https:\/\/pgwear.net\/de\/wp-json\/wp\/v2\/product"}],"about":[{"href":"https:\/\/pgwear.net\/de\/wp-json\/wp\/v2\/types\/product"}],"wp:featuredmedia":[{"embeddable":true,"href":"https:\/\/pgwear.net\/de\/wp-json\/wp\/v2\/media\/95362"}],"wp:attachment":[{"href":"https:\/\/pgwear.net\/de\/wp-json\/wp\/v2\/media?parent=95399"}],"wp:term":[{"taxonomy":"product_brand","embeddable":true,"href":"https:\/\/pgwear.net\/de\/wp-json\/wp\/v2\/product_brand?post=95399"},{"taxonomy":"product_cat","embeddable":true,"href":"https:\/\/pgwear.net\/de\/wp-json\/wp\/v2\/product_cat?post=95399"},{"taxonomy":"product_tag","embeddable":true,"href":"https:\/\/pgwear.net\/de\/wp-json\/wp\/v2\/product_tag?post=95399"}],"curies":[{"name":"wp","href":"https:\/\/api.w.org\/{rel}","templated":true}]}}