{"id":95637,"date":"2023-08-18T12:58:12","date_gmt":"2023-08-18T10:58:12","guid":{"rendered":"https:\/\/pgwear.net\/p\/guerteltsche-tactical-olive\/"},"modified":"2025-11-05T16:36:00","modified_gmt":"2025-11-05T15:36:00","slug":"aw23-gurteltsche-tactical-olive","status":"publish","type":"product","link":"https:\/\/pgwear.net\/de\/p\/aw23-gurteltsche-tactical-olive\/","title":{"rendered":"G\u00fcrteltsche &#8220;Tactical&#8221; Olive"},"content":{"rendered":"<p>Nimm alle wichtigen Habseligkeiten mit auf die Stra\u00dfe oder ins Stadion und bewahre sie in der PGWEAR G\u00fcrteltasche auf! Dieses <a href=\"https:\/\/pgwear.net\/de\/c\/accessories-de\/\">Accessoire<\/a> vervollst\u00e4ndigt jedes Outfit, vom l\u00e4ssigen Modefreak bis zum Hardcore-Fu\u00dfballfan, Ultras oder Hooligan!<\/p>\n","protected":false},"excerpt":{"rendered":"<p>Nimm alle wichtigen Habseligkeiten mit auf die Stra\u00dfe oder ins Stadion und bewahre sie in der PGWEAR G\u00fcrteltasche auf!<\/p>\n","protected":false},"featured_media":95635,"template":"","meta":{"_acf_changed":false},"product_brand":[],"product_cat":[3549],"product_tag":[2299,2839],"class_list":{"0":"post-95637","1":"product","2":"type-product","3":"status-publish","4":"has-post-thumbnail","6":"product_cat-guerteltaschen","7":"product_tag-herbst-winter-2023","8":"product_tag-sale-de","9":"pa_gramatura-80-gr-m2-de","10":"pa_kolekcja-herbst-winter-2023","11":"pa_kolor-olivgruen-de","12":"pa_material-100-polyester-de-3","14":"first","15":"instock","16":"taxable","17":"shipping-taxable","18":"purchasable","19":"product-type-simple"},"acf":[],"_links":{"self":[{"href":"https:\/\/pgwear.net\/de\/wp-json\/wp\/v2\/product\/95637","targetHints":{"allow":["GET"]}}],"collection":[{"href":"https:\/\/pgwear.net\/de\/wp-json\/wp\/v2\/product"}],"about":[{"href":"https:\/\/pgwear.net\/de\/wp-json\/wp\/v2\/types\/product"}],"wp:featuredmedia":[{"embeddable":true,"href":"https:\/\/pgwear.net\/de\/wp-json\/wp\/v2\/media\/95635"}],"wp:attachment":[{"href":"https:\/\/pgwear.net\/de\/wp-json\/wp\/v2\/media?parent=95637"}],"wp:term":[{"taxonomy":"product_brand","embeddable":true,"href":"https:\/\/pgwear.net\/de\/wp-json\/wp\/v2\/product_brand?post=95637"},{"taxonomy":"product_cat","embeddable":true,"href":"https:\/\/pgwear.net\/de\/wp-json\/wp\/v2\/product_cat?post=95637"},{"taxonomy":"product_tag","embeddable":true,"href":"https:\/\/pgwear.net\/de\/wp-json\/wp\/v2\/product_tag?post=95637"}],"curies":[{"name":"wp","href":"https:\/\/api.w.org\/{rel}","templated":true}]}}