{"id":99053,"date":"2023-10-09T12:48:29","date_gmt":"2023-10-09T10:48:29","guid":{"rendered":"https:\/\/pgwear.net\/?post_type=product&#038;p=99053"},"modified":"2026-03-05T11:39:21","modified_gmt":"2026-03-05T10:39:21","slug":"gurtel-marc-marineblau","status":"publish","type":"product","link":"https:\/\/pgwear.net\/de\/p\/gurtel-marc-marineblau\/","title":{"rendered":"G\u00fcrtel &#8220;Marc&#8221; Navy"},"content":{"rendered":"<p>Der Ultras-Stil ist der Stil, bei dem l\u00e4ssige \u00c4sthetik auf Funktionalit\u00e4t und Komfort trifft, was sowohl auf der Stra\u00dfe als auch im Stadion notwendig ist! Ohne richtiges Accessoire ist er nie komplett. Wir pr\u00e4sentieren stolz den <a href=\"https:\/\/pgwear.net\/de\/feature\/gurtel\/\">Belt<\/a> MARC von PGWEAR Ultras Shop mit einer kleinen versteckten Rei\u00dfverschlusstasche auf der R\u00fcckseite \u2013 die perfekte Erg\u00e4nzung f\u00fcr die Garderobe jedes Fu\u00dfballfans! Erh\u00e4ltlich in drei Farben!<\/p>\n","protected":false},"excerpt":{"rendered":"<p>Der Ultras-Stil ist der Stil, bei dem l\u00e4ssige \u00c4sthetik auf Funktionalit\u00e4t und Komfort trifft, was sowohl auf der Stra\u00dfe als auch im Stadion notwendig ist! Ohne richtiges Accessoire ist er nie komplett.<\/p>\n","protected":false},"featured_media":130088,"template":"","meta":{"_acf_changed":false},"product_brand":[],"product_cat":[658],"product_tag":[2791,3279],"class_list":{"0":"post-99053","1":"product","2":"type-product","3":"status-publish","4":"has-post-thumbnail","6":"product_cat-neuheiten","7":"product_tag-fruhling-sommer-2024","8":"product_tag-letzte-chance","9":"pa_kolekcja-fruhling-sommer-2024","10":"pa_kolor-marineblau","11":"pa_material-100-baumwolle-de-2","12":"pa_rozmiar-115cm-de","13":"pa_rozmiar-130cm-de","14":"feature-gurtel","16":"first","17":"outofstock","18":"taxable","19":"shipping-taxable","20":"product-type-variable"},"acf":[],"_links":{"self":[{"href":"https:\/\/pgwear.net\/de\/wp-json\/wp\/v2\/product\/99053","targetHints":{"allow":["GET"]}}],"collection":[{"href":"https:\/\/pgwear.net\/de\/wp-json\/wp\/v2\/product"}],"about":[{"href":"https:\/\/pgwear.net\/de\/wp-json\/wp\/v2\/types\/product"}],"wp:featuredmedia":[{"embeddable":true,"href":"https:\/\/pgwear.net\/de\/wp-json\/wp\/v2\/media\/130088"}],"wp:attachment":[{"href":"https:\/\/pgwear.net\/de\/wp-json\/wp\/v2\/media?parent=99053"}],"wp:term":[{"taxonomy":"product_brand","embeddable":true,"href":"https:\/\/pgwear.net\/de\/wp-json\/wp\/v2\/product_brand?post=99053"},{"taxonomy":"product_cat","embeddable":true,"href":"https:\/\/pgwear.net\/de\/wp-json\/wp\/v2\/product_cat?post=99053"},{"taxonomy":"product_tag","embeddable":true,"href":"https:\/\/pgwear.net\/de\/wp-json\/wp\/v2\/product_tag?post=99053"}],"curies":[{"name":"wp","href":"https:\/\/api.w.org\/{rel}","templated":true}]}}