{"id":99248,"date":"2023-10-09T12:48:27","date_gmt":"2023-10-09T10:48:27","guid":{"rendered":"https:\/\/pgwear.net\/?post_type=product&#038;p=99248"},"modified":"2026-03-20T18:09:38","modified_gmt":"2026-03-20T17:09:38","slug":"fischerhut-voyager-oliv","status":"publish","type":"product","link":"https:\/\/pgwear.net\/de\/p\/fischerhut-voyager-oliv\/","title":{"rendered":"Fischerhut &#8220;Voyager&#8221; Olive"},"content":{"rendered":"<p>Der absolute Hit der letzten Jahre! <a href=\"https:\/\/pgwear.net\/de\/feature\/fischerhut\/\">Der Fischerhut<\/a>! Hol dir einen von PGWEAR und bedecke deinen Kopf auf der Stra\u00dfe und im Stadion richtig! Das minimalistische Design sorgt daf\u00fcr, dass dieses Produkt zu deinem Top-Accessoirewird! Erh\u00e4ltlich in drei Farbvarianten.<\/p>\n","protected":false},"excerpt":{"rendered":"<p>Der absolute Hit der letzten Jahre! der Fischerhutt! Hol dir einen von PGWEAR und bedecke deinen Kopf auf der Stra\u00dfe und im Stadion richtig!<\/p>\n","protected":false},"featured_media":131974,"template":"","meta":{"_acf_changed":false},"product_brand":[],"product_cat":[3569,652,658],"product_tag":[2791,3279,1976],"class_list":{"0":"post-99248","1":"product","2":"type-product","3":"status-publish","4":"has-post-thumbnail","6":"product_cat-fischerhuete","7":"product_cat-mutzen","8":"product_cat-neuheiten","9":"product_tag-fruhling-sommer-2024","10":"product_tag-letzte-chance","11":"product_tag-no-respect-de","12":"pa_gramatura-100-gr-m2-de","13":"pa_kolekcja-fruhling-sommer-2024","14":"pa_kolor-olivgruen-de","15":"pa_material-100-polyester-de-3","16":"feature-fischerhut","18":"first","19":"instock","20":"sale","21":"taxable","22":"shipping-taxable","23":"purchasable","24":"product-type-simple"},"acf":[],"_links":{"self":[{"href":"https:\/\/pgwear.net\/de\/wp-json\/wp\/v2\/product\/99248","targetHints":{"allow":["GET"]}}],"collection":[{"href":"https:\/\/pgwear.net\/de\/wp-json\/wp\/v2\/product"}],"about":[{"href":"https:\/\/pgwear.net\/de\/wp-json\/wp\/v2\/types\/product"}],"wp:featuredmedia":[{"embeddable":true,"href":"https:\/\/pgwear.net\/de\/wp-json\/wp\/v2\/media\/131974"}],"wp:attachment":[{"href":"https:\/\/pgwear.net\/de\/wp-json\/wp\/v2\/media?parent=99248"}],"wp:term":[{"taxonomy":"product_brand","embeddable":true,"href":"https:\/\/pgwear.net\/de\/wp-json\/wp\/v2\/product_brand?post=99248"},{"taxonomy":"product_cat","embeddable":true,"href":"https:\/\/pgwear.net\/de\/wp-json\/wp\/v2\/product_cat?post=99248"},{"taxonomy":"product_tag","embeddable":true,"href":"https:\/\/pgwear.net\/de\/wp-json\/wp\/v2\/product_tag?post=99248"}],"curies":[{"name":"wp","href":"https:\/\/api.w.org\/{rel}","templated":true}]}}