{"id":99444,"date":"2023-10-09T12:48:47","date_gmt":"2023-10-09T10:48:47","guid":{"rendered":"https:\/\/pgwear.net\/?post_type=product&#038;p=99444"},"modified":"2026-05-01T14:36:46","modified_gmt":"2026-05-01T12:36:46","slug":"cargoshorts-squad-ii-marineblau","status":"publish","type":"product","link":"https:\/\/pgwear.net\/de\/p\/cargoshorts-squad-ii-marineblau\/","title":{"rendered":"Cargo Shorts \u201cSquad II\u201d Navy"},"content":{"rendered":"<p>Diese kurzen, minimalistischen und leichten <a href=\"https:\/\/pgwear.net\/de\/c\/shorts-de\/\">Shorts<\/a> <a href=\"https:\/\/pgwear.net\/de\/material\/100-baumwolle-de-2\/\">aus Baumwolle<\/a> sind die perfekte Wahl f\u00fcr hei\u00dfe Sommertage, an denen du stundenlang mit treuen Freunden in eine gegnerische Stadt zum <a href=\"https:\/\/pgwear.net\/de\/feature\/awayday-de\/\">Ausw\u00e4rtsspiel<\/a> reisen musst. Ultimativer Komfort und Stil garantiert! Erh\u00e4ltlich in vier Farbversionen!<\/p>\n","protected":false},"excerpt":{"rendered":"<p>Diese kurzen, minimalistischen und leichten Shorts aus Baumwolle sind die perfekte Wahl f\u00fcr hei\u00dfe Sommertage, an denen du stundenlang mit treuen Freunden in eine gegnerische Stadt zum Ausw\u00e4rtsspiel reisen musst.<\/p>\n","protected":false},"featured_media":129962,"template":"","meta":{"_acf_changed":false},"product_brand":[],"product_cat":[3593,658,404],"product_tag":[2791],"class_list":{"0":"post-99444","1":"product","2":"type-product","3":"status-publish","4":"has-post-thumbnail","6":"product_cat-cargoshorts","7":"product_cat-neuheiten","8":"product_cat-shorts-de","9":"product_tag-fruhling-sommer-2024","10":"pa_kolor-marineblau","11":"pa_rozmiar-l-de","12":"pa_rozmiar-m-de-2","13":"pa_rozmiar-s-de","14":"pa_rozmiar-xl-de","15":"pa_rozmiar-xxl-de","16":"pa_rozmiar-xxxl-de","18":"first","19":"instock","20":"taxable","21":"shipping-taxable","22":"purchasable","23":"product-type-variable"},"acf":[],"_links":{"self":[{"href":"https:\/\/pgwear.net\/de\/wp-json\/wp\/v2\/product\/99444","targetHints":{"allow":["GET"]}}],"collection":[{"href":"https:\/\/pgwear.net\/de\/wp-json\/wp\/v2\/product"}],"about":[{"href":"https:\/\/pgwear.net\/de\/wp-json\/wp\/v2\/types\/product"}],"wp:featuredmedia":[{"embeddable":true,"href":"https:\/\/pgwear.net\/de\/wp-json\/wp\/v2\/media\/129962"}],"wp:attachment":[{"href":"https:\/\/pgwear.net\/de\/wp-json\/wp\/v2\/media?parent=99444"}],"wp:term":[{"taxonomy":"product_brand","embeddable":true,"href":"https:\/\/pgwear.net\/de\/wp-json\/wp\/v2\/product_brand?post=99444"},{"taxonomy":"product_cat","embeddable":true,"href":"https:\/\/pgwear.net\/de\/wp-json\/wp\/v2\/product_cat?post=99444"},{"taxonomy":"product_tag","embeddable":true,"href":"https:\/\/pgwear.net\/de\/wp-json\/wp\/v2\/product_tag?post=99444"}],"curies":[{"name":"wp","href":"https:\/\/api.w.org\/{rel}","templated":true}]}}