{"id":99554,"date":"2023-10-09T12:48:34","date_gmt":"2023-10-09T10:48:34","guid":{"rendered":"https:\/\/pgwear.net\/?post_type=product&#038;p=99554"},"modified":"2026-02-05T10:51:53","modified_gmt":"2026-02-05T09:51:53","slug":"shorts-react-rot-weiss","status":"publish","type":"product","link":"https:\/\/pgwear.net\/de\/p\/shorts-react-rot-weiss\/","title":{"rendered":"Jogginghose \u201cReact\u201d Rot\/Wei\u00df"},"content":{"rendered":"<p>Es gibt ein Produkt, bei dem Qualit\u00e4t, Stil und Komfort vereint sind! Das sind die Jogginghosen! Egal, wo du dich befindest, auf der Stra\u00dfe, im Stadion oder im Fitnessstudio, Jogginghosen von PGWEAR sind immer die beste Wahl! W\u00e4hle dieLieblingsvariante basierend auf den Farben deiner Fu\u00dfballmannschaft! Dieses hier ist perfekt f\u00fcr Fans von Vereinen wie Union Berlin, Rot Weiss Essen, Chemie Halle, <a href=\"https:\/\/pgwear.net\/de\/fussballteam\/widzew-lodz-de\/\">Widzew \u0141\u00f3d\u017a<\/a>, 1. FC K\u00f6ln, <a href=\"https:\/\/pgwear.net\/de\/fussballteam\/standard-liege-de-2\/\">Standard Li\u00e8ge<\/a>.<\/p>\n","protected":false},"excerpt":{"rendered":"<p>Es gibt ein Produkt, bei dem Qualit\u00e4t, Stil und Komfort vereint sind! Das sind die Jogginghosen! Egal, wo du dich befindest, auf der Stra\u00dfe, im Stadion oder im Fitnessstudio, Jogginghosen von PGWEAR sind immer die beste Wahl!<\/p>\n","protected":false},"featured_media":130005,"template":"","meta":{"_acf_changed":false},"product_brand":[],"product_cat":[3603,658],"product_tag":[3841,2791,3279],"class_list":{"0":"post-99554","1":"product","2":"type-product","3":"status-publish","4":"has-post-thumbnail","6":"product_cat-jogginghosen","7":"product_cat-neuheiten","8":"product_tag-blue-monday","9":"product_tag-fruhling-sommer-2024","10":"product_tag-letzte-chance","11":"pa_gramatura-280-gr-m2-de","12":"pa_kolekcja-fruhling-sommer-2024","13":"pa_kolor-schwarz","14":"pa_kolor-weis-rot","15":"pa_kroj-klassisch","16":"pa_material-100-polyester-de-3","17":"pa_rozmiar-l-de","18":"pa_rozmiar-m-de-2","19":"pa_rozmiar-s-de","20":"pa_rozmiar-xl-de","21":"pa_rozmiar-xxl-de","22":"pa_rozmiar-xxxl-de","24":"first","25":"instock","26":"sale","27":"taxable","28":"shipping-taxable","29":"purchasable","30":"product-type-variable"},"acf":[],"_links":{"self":[{"href":"https:\/\/pgwear.net\/de\/wp-json\/wp\/v2\/product\/99554","targetHints":{"allow":["GET"]}}],"collection":[{"href":"https:\/\/pgwear.net\/de\/wp-json\/wp\/v2\/product"}],"about":[{"href":"https:\/\/pgwear.net\/de\/wp-json\/wp\/v2\/types\/product"}],"wp:featuredmedia":[{"embeddable":true,"href":"https:\/\/pgwear.net\/de\/wp-json\/wp\/v2\/media\/130005"}],"wp:attachment":[{"href":"https:\/\/pgwear.net\/de\/wp-json\/wp\/v2\/media?parent=99554"}],"wp:term":[{"taxonomy":"product_brand","embeddable":true,"href":"https:\/\/pgwear.net\/de\/wp-json\/wp\/v2\/product_brand?post=99554"},{"taxonomy":"product_cat","embeddable":true,"href":"https:\/\/pgwear.net\/de\/wp-json\/wp\/v2\/product_cat?post=99554"},{"taxonomy":"product_tag","embeddable":true,"href":"https:\/\/pgwear.net\/de\/wp-json\/wp\/v2\/product_tag?post=99554"}],"curies":[{"name":"wp","href":"https:\/\/api.w.org\/{rel}","templated":true}]}}