{"id":99974,"date":"2023-09-18T14:12:29","date_gmt":"2023-09-18T12:12:29","guid":{"rendered":"https:\/\/pgwear.net\/p\/t-shirt-never-drink-alone-schwarz\/"},"modified":"2026-02-16T13:12:36","modified_gmt":"2026-02-16T12:12:36","slug":"t-shirt-never-drink-alone-schwarz","status":"publish","type":"product","link":"https:\/\/pgwear.net\/de\/p\/t-shirt-never-drink-alone-schwarz\/","title":{"rendered":"T-shirt &#8220;Never Drink Alone&#8221; Schwarz"},"content":{"rendered":"<p><a href=\"https:\/\/pgwear.net\/de\/feature\/thema-bier\/\">Bier<\/a> ist in der Fu\u00dfballkultur nicht einfach nur ein Getr\u00e4nk! Es wird mit abenteuerlichen <a href=\"https:\/\/pgwear.net\/de\/feature\/awayday-de\/\">Ausw\u00e4rtstagen<\/a>, Freude auf der Trib\u00fcne nach dem Tor, endlosen Stunden mit treuen Freunden in der \u00f6rtlichen Kneipe in Verbindung gebracht &#8230; dieses <a href=\"https:\/\/pgwear.net\/de\/c\/t-shirts-de\/\">T-shirt von PGWEAR<\/a> zeigt den Sinn und die Wichtigkeit der Fandom- und Ultras-Bewegung \u2013 wenn du hier bist, wirst du niemals alleine trinken!<\/p>\n","protected":false},"excerpt":{"rendered":"<p>Bier ist in der Fu\u00dfballkultur nicht einfach nur ein Getr\u00e4nk! Es wird mit abenteuerlichen Ausw\u00e4rtstagen, Freude auf der Trib\u00fcne nach dem Tor, endlosen Stunden mit treuen Freunden in der \u00f6rtlichen Kneipe in Verbindung gebracht &#8230; dieses T-shirt von PGWEAR zeigt den Sinn und die Wichtigkeit der Fandom- und Ultras-Bewegung \u2013 wenn du hier bist, wirst [&#8230;]\n","protected":false},"featured_media":99942,"template":"","meta":{"_acf_changed":false},"product_brand":[],"product_cat":[660],"product_tag":[3841,3279],"class_list":{"0":"post-99974","1":"product","2":"type-product","3":"status-publish","4":"has-post-thumbnail","6":"product_cat-t-shirts-de","7":"product_tag-blue-monday","8":"product_tag-letzte-chance","9":"pa_gramatura-180-gr-m2-de","10":"pa_kolor-schwarz","11":"pa_kroj-klassisch","12":"pa_material-100-baumwolle-de-2","13":"pa_nadruk-grosser-brustaufdruck","14":"pa_rozmiar-l-de","15":"pa_rozmiar-m-de-2","16":"pa_rozmiar-s-de","17":"pa_rozmiar-xl-de","18":"pa_rozmiar-xxl-de","19":"pa_rozmiar-xxxl-de","20":"feature-thema-bier","22":"first","23":"outofstock","24":"taxable","25":"shipping-taxable","26":"product-type-variable"},"acf":[],"_links":{"self":[{"href":"https:\/\/pgwear.net\/de\/wp-json\/wp\/v2\/product\/99974","targetHints":{"allow":["GET"]}}],"collection":[{"href":"https:\/\/pgwear.net\/de\/wp-json\/wp\/v2\/product"}],"about":[{"href":"https:\/\/pgwear.net\/de\/wp-json\/wp\/v2\/types\/product"}],"wp:featuredmedia":[{"embeddable":true,"href":"https:\/\/pgwear.net\/de\/wp-json\/wp\/v2\/media\/99942"}],"wp:attachment":[{"href":"https:\/\/pgwear.net\/de\/wp-json\/wp\/v2\/media?parent=99974"}],"wp:term":[{"taxonomy":"product_brand","embeddable":true,"href":"https:\/\/pgwear.net\/de\/wp-json\/wp\/v2\/product_brand?post=99974"},{"taxonomy":"product_cat","embeddable":true,"href":"https:\/\/pgwear.net\/de\/wp-json\/wp\/v2\/product_cat?post=99974"},{"taxonomy":"product_tag","embeddable":true,"href":"https:\/\/pgwear.net\/de\/wp-json\/wp\/v2\/product_tag?post=99974"}],"curies":[{"name":"wp","href":"https:\/\/api.w.org\/{rel}","templated":true}]}}