{"id":73061,"date":"2023-03-16T09:50:02","date_gmt":"2023-03-16T08:50:02","guid":{"rendered":"https:\/\/pgwear.net\/p\/winter-hat-docker-red\/"},"modified":"2026-02-05T09:06:47","modified_gmt":"2026-02-05T08:06:47","slug":"aw23-winter-hat-docker-red","status":"publish","type":"product","link":"https:\/\/pgwear.net\/en\/p\/aw23-winter-hat-docker-red\/","title":{"rendered":"Winter Hat &#8220;Docker&#8221; Red"},"content":{"rendered":"<p>To klasyczna ciep\u0142a czapka zimowa, kt\u00f3ra ochroni Twoj\u0105 g\u0142ow\u0119 przed ch\u0142odem i b\u0119dzie dobrze wygl\u0105da\u0107 zar\u00f3wno na ulicy, jak i na stadionie! Kolor jest idealny dla tych, kt\u00f3rzy kibicuj\u0105 klubom pi\u0142karskim, takim jak Feyenoord Rotterdam, Olympiakos FC, Calcio Foggia 1920.<\/p>\n","protected":false},"excerpt":{"rendered":"<p>To klasyczna ciep\u0142a czapka zimowa, kt\u00f3ra ochroni Twoj\u0105 g\u0142ow\u0119 przed ch\u0142odem i b\u0119dzie dobrze wygl\u0105da\u0107 zar\u00f3wno na ulicy, jak i na stadionie!<\/p>\n","protected":false},"featured_media":89265,"template":"","meta":{"_acf_changed":false},"product_brand":[],"product_cat":[651],"product_tag":[2298,3840,3278,2838],"class_list":{"0":"post-73061","1":"product","2":"type-product","3":"status-publish","4":"has-post-thumbnail","6":"product_cat-hats","7":"product_tag-autumn-winter-2023","8":"product_tag-blue-monday","9":"product_tag-last-chance","10":"product_tag-sale-en","11":"pa_kolekcja-autumn-winter-2023","12":"pa_kolor-red","13":"pa_material-100-acryl","14":"feature-winter-hat","16":"first","17":"outofstock","18":"sale","19":"taxable","20":"shipping-taxable","21":"purchasable","22":"product-type-simple"},"acf":[],"_links":{"self":[{"href":"https:\/\/pgwear.net\/en\/wp-json\/wp\/v2\/product\/73061","targetHints":{"allow":["GET"]}}],"collection":[{"href":"https:\/\/pgwear.net\/en\/wp-json\/wp\/v2\/product"}],"about":[{"href":"https:\/\/pgwear.net\/en\/wp-json\/wp\/v2\/types\/product"}],"wp:featuredmedia":[{"embeddable":true,"href":"https:\/\/pgwear.net\/en\/wp-json\/wp\/v2\/media\/89265"}],"wp:attachment":[{"href":"https:\/\/pgwear.net\/en\/wp-json\/wp\/v2\/media?parent=73061"}],"wp:term":[{"taxonomy":"product_brand","embeddable":true,"href":"https:\/\/pgwear.net\/en\/wp-json\/wp\/v2\/product_brand?post=73061"},{"taxonomy":"product_cat","embeddable":true,"href":"https:\/\/pgwear.net\/en\/wp-json\/wp\/v2\/product_cat?post=73061"},{"taxonomy":"product_tag","embeddable":true,"href":"https:\/\/pgwear.net\/en\/wp-json\/wp\/v2\/product_tag?post=73061"}],"curies":[{"name":"wp","href":"https:\/\/api.w.org\/{rel}","templated":true}]}}