{"id":12,"date":"2021-11-05T13:37:51","date_gmt":"2021-11-05T12:37:51","guid":{"rendered":"http:\/\/dev.pgwear.net\/?page_id=12"},"modified":"2024-05-28T08:51:05","modified_gmt":"2024-05-28T06:51:05","slug":"wymiana-zwroty","status":"publish","type":"page","link":"https:\/\/pgwear.net\/pl\/wymiana-zwroty\/","title":{"rendered":"Wymiana \/ Zwroty"},"content":{"rendered":"\n\t<section class=\"section\" id=\"section_569965549\">\n\t\t<div class=\"section-bg fill\" >\n\t\t\t\t\t\t\t\t\t\n\t\t\t\n\n\t\t<\/div>\n\n\t\t\n\n\t\t<div class=\"section-content relative\">\n\t\t\t\n\n<div class=\"row\"  id=\"row-1331350875\">\n\n\n\t<div id=\"col-594602348\" class=\"col medium-12 small-12 large-7\"  >\n\t\t\t\t<div class=\"col-inner\" style=\"background-color:rgb(240, 247, 251);\" >\n\t\t\t\n\t\t\t\n\n\t<div id=\"text-2165489773\" class=\"text\">\n\t\t\n\n<h2>Wygodnie zarz\u0105dzaj zwrotami w sekcji Moje Konto<\/h2>\n\t\t\n<style>\n#text-2165489773 {\n  font-size: 1.25rem;\n  text-align: left;\n}\n<\/style>\n\t<\/div>\n\t\n\t<div id=\"text-3000132588\" class=\"text\">\n\t\t\n\n<p>Warto za\u0142o\u017cy\u0107 konto w naszym sklepie - dzi\u0119ki temu w wygodny i szybki spos\u00f3b zam\u00f3wisz zwrot towar\u00f3w lub z\u0142o\u017cysz reklamacj\u0119.<\/p>\n\t\t\n<style>\n#text-3000132588 {\n  text-align: left;\n}\n<\/style>\n\t<\/div>\n\t\n<a href=\"https:\/\/pgwear.net\/pl\/moje-konto\/orders\/\" class=\"button secondary\" >\n\t\t<span>Zam\u00f3w zwrot lub reklamacj\u0119<\/span>\n\t<i class=\"icon-angle-right\" aria-hidden=\"true\"><\/i><\/a>\n\n\n\t<div id=\"gap-770233968\" class=\"gap-element clearfix\" style=\"display:block; height:auto;\">\n\t\t\n<style>\n#gap-770233968 {\n  padding-top: 50px;\n}\n<\/style>\n\t<\/div>\n\t\n\n\n  <div class=\"banner has-hover\" id=\"banner-1739007566\">\n          <div class=\"banner-inner fill\">\n        <div class=\"banner-bg fill\" >\n            <img loading=\"lazy\" decoding=\"async\" width=\"1020\" height=\"680\" src=\"https:\/\/pgwear.net\/wp-content\/uploads\/2023\/04\/pgwear-106-1024x683.jpg\" class=\"bg attachment-large size-large\" alt=\"\" \/>                                    \n                    <\/div>\n\t\t\n        <div class=\"banner-layers container\">\n            <div class=\"fill banner-link\"><\/div>            \n\n\n        <\/div>\n      <\/div>\n\n            \n<style>\n#banner-1739007566 {\n  padding-top: 200px;\n  background-color: rgba(255, 255, 255, 0);\n}\n@media (min-width:550px) {\n  #banner-1739007566 {\n    padding-top: 419px;\n  }\n}\n<\/style>\n  <\/div>\n\n\n\n\t\t<\/div>\n\t\t\t\t\n<style>\n#col-594602348 > .col-inner {\n  padding: 10% 10% 10% 10%;\n}\n<\/style>\n\t<\/div>\n\n\t\n\n\t<div id=\"col-449138611\" class=\"col medium-12 small-12 large-5\"  >\n\t\t\t\t<div class=\"col-inner\"  >\n\t\t\t\n\t\t\t\n\n<div class=\"row align-equal\"  id=\"row-1387488503\">\n\n\n\t<div id=\"col-1031883048\" class=\"col small-12 large-12\"  >\n\t\t\t\t<div class=\"col-inner\" style=\"background-color:rgb(240, 247, 251);\" >\n\t\t\t\n\t\t\t\n\n\t<div class=\"box has-hover   has-hover box-shade dark box-text-bottom\" >\n\n\t\t<div class=\"box-image\" >\n\t\t\t<a href=\"https:\/\/www.pgwear.net\/pdf\/PGWEAR_formularz_zwrotu.pdf\" >\t\t\t<div class=\"image-glow image-cover\" style=\"padding-top:200px;\">\n\t\t\t\t<img loading=\"lazy\" decoding=\"async\" width=\"640\" height=\"427\" src=\"https:\/\/pgwear.net\/wp-content\/uploads\/2023\/04\/form-gf6661a268_640.jpg\" class=\"attachment- size-\" alt=\"\" srcset=\"https:\/\/pgwear.net\/wp-content\/uploads\/2023\/04\/form-gf6661a268_640.jpg 640w, https:\/\/pgwear.net\/wp-content\/uploads\/2023\/04\/form-gf6661a268_640-300x200.jpg 300w\" sizes=\"auto, (max-width: 640px) 100vw, 640px\" \/>\t\t\t\t<div class=\"overlay\" style=\"background-color:rgba(0, 0, 0, 0.43)\"><\/div>\t\t\t\t<div class=\"shade\"><\/div>\t\t\t<\/div>\n\t\t\t<\/a>\t\t<\/div>\n\n\t\t<div class=\"box-text text-left\" >\n\t\t\t<div class=\"box-text-inner\">\n\t\t\t\t\n\n<h2>Nie masz konta?<\/h2>\n<p><a href=\"https:\/\/www.pgwear.net\/pdf\/PGWEAR_formularz_zwrotu.pdf\" target=\"_blank\" rel=\"nofollow noopener\">Pobierz formularz zwrotu.<\/a><\/p>\n\n\t\t\t<\/div>\n\t\t<\/div>\n\t<\/div>\n\t\n\n\t\t<\/div>\n\t\t\t\t\n<style>\n#col-1031883048 > .col-inner {\n  padding: 10% 10% 10% 10%;\n}\n<\/style>\n\t<\/div>\n\n\t\n\n<\/div>\n<div class=\"row\"  id=\"row-934664035\">\n\n\n\t<div id=\"col-1818167470\" class=\"col small-12 large-12\"  >\n\t\t\t\t<div class=\"col-inner\"  >\n\t\t\t\n\t\t\t\n\n<div class=\"row\"  id=\"row-2067616200\">\n\n\n\t<div id=\"col-2118040861\" class=\"col small-12 large-12\"  >\n\t\t\t\t<div class=\"col-inner\" style=\"background-color:rgb(240, 247, 251);\" >\n\t\t\t\n\t\t\t\n\n<h2>Wygodne zwroty tak\u017ce dla kupuj\u0105cych bez konta<\/h2>\n<p>Je\u015bli nie masz konta w naszym sklepie - nic straconego. Skontaktuj si\u0119 z nami i zam\u00f3w przesy\u0142k\u0119 zwrotn\u0105 lub z\u0142\u00f3\u017c reklamacj\u0119.<\/p>\n<div class=\"accordion\">\n\n\t<div id=\"accordion-2480601426\" class=\"accordion-item\">\n\t\t<a id=\"accordion-2480601426-label\" class=\"accordion-title plain\" href=\"#accordion-item-zwrot\" aria-expanded=\"false\" aria-controls=\"accordion-2480601426-content\">\n\t\t\t<button class=\"toggle\" aria-label=\"Prze\u0142\u0105cznik\"><i class=\"icon-angle-down\" aria-hidden=\"true\"><\/i><\/button>\n\t\t\t<span>Zwrot<\/span>\n\t\t<\/a>\n\t\t<div id=\"accordion-2480601426-content\" class=\"accordion-inner\" aria-labelledby=\"accordion-2480601426-label\">\n\t\t\t\n\n<h3><a href=\"https:\/\/www.pgwear.net\/pdf\/PGWEAR_formularz_zwrotu.pdf\" target=\"_blank\" rel=\"nofollow noopener\">Pobierz formularz zwrotu<\/a><\/h3>\n\n\t\t<\/div>\n\t<\/div>\n\t\n\t<div id=\"accordion-1912294908\" class=\"accordion-item\">\n\t\t<a id=\"accordion-1912294908-label\" class=\"accordion-title plain\" href=\"#accordion-item-reklamacja\" aria-expanded=\"false\" aria-controls=\"accordion-1912294908-content\">\n\t\t\t<button class=\"toggle\" aria-label=\"Prze\u0142\u0105cznik\"><i class=\"icon-angle-down\" aria-hidden=\"true\"><\/i><\/button>\n\t\t\t<span>Reklamacja<\/span>\n\t\t<\/a>\n\t\t<div id=\"accordion-1912294908-content\" class=\"accordion-inner\" aria-labelledby=\"accordion-1912294908-label\">\n\t\t\t\n\n<p>Aby z\u0142o\u017cy\u0107 reklamacj\u0119 bez posiadania konta w sklepie, nale\u017cy skontaktowa\u0107 si\u0119 pod adresem: <a href=\"mailto:shop@pgwear.net\">shop@pgwear.net<\/a><\/p>\n\n\t\t<\/div>\n\t<\/div>\n\t\n\n<\/div>\n\n\t\t<\/div>\n\t\t\t\t\n<style>\n#col-2118040861 > .col-inner {\n  padding: 10% 10% 10% 10%;\n}\n<\/style>\n\t<\/div>\n\n\t\n\n<\/div>\n\n\t\t<\/div>\n\t\t\t\t\t<\/div>\n\n\t\n\n<\/div>\n\n\t\t<\/div>\n\t\t\t\t\t<\/div>\n\n\t\n\n<\/div>\n\n\t\t<\/div>\n\n\t\t\n<style>\n#section_569965549 {\n  padding-top: 30px;\n  padding-bottom: 30px;\n}\n<\/style>\n\t<\/section>\n\t\n\n\t<section class=\"section\" id=\"section_2018801498\">\n\t\t<div class=\"section-bg fill\" >\n\t\t\t\t\t\t\t\t\t\n\t\t\t\n\n\t\t<\/div>\n\n\t\t\n\n\t\t<div class=\"section-content relative\">\n\t\t\t\n\t<div id=\"gap-423892267\" class=\"gap-element clearfix\" style=\"display:block; height:auto;\">\n\t\t\n<style>\n#gap-423892267 {\n  padding-top: 30px;\n}\n<\/style>\n\t<\/div>\n\t\n<div class=\"row\"  id=\"row-1122066164\">\n\n\t<div id=\"col-378794070\" class=\"col medium-4 small-12 large-4\"  >\n\t\t\t\t<div class=\"col-inner\"  >\n\t\t\t\n\t\t\t\n\t<div id=\"text-968405996\" class=\"text\">\n\t\t\n<h2>WYSY\u0141KA I ZWROTY<\/h2>\n\t\t\n<style>\n#text-968405996 {\n  font-size: 1.75rem;\n}\n<\/style>\n\t<\/div>\n\t\n\t\t<\/div>\n\t\t\t\t\t<\/div>\n\n\t\n\n\t<div id=\"col-1084159516\" class=\"col medium-8 small-12 large-8\"  >\n\t\t\t\t<div class=\"col-inner\"  >\n\t\t\t\n\t\t\t\n<ul>\n<li class=\"bullet-star\">sklep PGWEAR zapewnia wysy\u0142k\u0119 towar\u00f3w do wszystkich kraj\u00f3w na \u015bwiecie,<\/li>\n<li class=\"bullet-star\"><strong>darmowa dostawa<\/strong> w Polsce dotyczy zam\u00f3wie\u0144 powy\u017cej 200 PLN<\/li>\n<li class=\"bullet-star\"><strong>darmowa dostawa<\/strong> do kraj\u00f3w EU (z wy\u0142\u0105czeniem Cypru, Malty, Grecji, Chorwacji oraz Irlandii) dotyczy zam\u00f3wie\u0144 powy\u017cej 99 EUR<\/li>\n<li class=\"bullet-star\">koszty przesy\u0142ki zakupionych towar\u00f3w zaczynaj\u0105 si\u0119 od 5 EUR &#8211; ostateczny koszt podany jest po dodaniu produkt\u00f3w do koszyka. Koszt zale\u017cy od kraju docelowego i wagi przesy\u0142ki<\/li>\n<li class=\"bullet-star\">klient ma 100 dni na zwrot zakupionego towaru<\/li>\n<li class=\"bullet-star\"><strong>darmowy zwrot<\/strong> obowi\u0105zuje do zam\u00f3wie\u0144 z kraj\u00f3w EU (z wy\u0142\u0105czeniem Cypru, Malty, Grecji, Chorwacji oraz Irlandii) i dotyczy zam\u00f3wie\u0144 powy\u017cej 99 EUR,<\/li>\n<li class=\"bullet-star\">je\u015bli zwrot towar\u00f3w spowoduje obni\u017cenie kwoty zam\u00f3wienia poni\u017cej 99 EUR, zwrot odbywa si\u0119 na koszt konsumenta<\/li>\n<li class=\"bullet-star\">je\u015bli warto\u015b\u0107 zam\u00f3wienia by\u0142a ni\u017csza ni\u017c 99 EUR lub zam\u00f3wienie podchodzi z kraju spoza EU oraz Cypru, Malty, Grecji i Irlandii to klient zobowi\u0105zany jest do odes\u0142ania towaru na sw\u00f3j koszt na adres:<br \/><span class=\"fancy-underline\"><span style=\"color: #282828;\"><em>PGWEAR Prz\u0119dzalniana 8, 15688 Bia\u0142ystok POLSKA<\/em><\/span><\/span><\/li>\n<li class=\"bullet-star\">aby dokona\u0107 zwrotu towaru nale\u017cy skorzysta\u0107 z opcji zwrotu na li\u015bcie zam\u00f3wie\u0144 na koncie klienta w sklepie, lub wype\u0142ni\u0107 formularz zwrotu dost\u0119pny pod adresem: URL Wype\u0142niony formularz nale\u017cy wys\u0142a\u0107 na adres: shop@pgwear.net<\/li>\n<li class=\"bullet-star\">DARMOWA procedura zwrotu odbywa si\u0119 za pomoc\u0105 firm kurierskich: DPD, UPS, GLS w zale\u017cno\u015bci od kraju, kt\u00f3rego dotyczy zwrot.<\/li>\n<\/ul>\n\t\t<\/div>\n\t\t\t\t\t<\/div>\n\n\t\n<\/div>\n\t\t<\/div>\n\n\t\t\n<style>\n#section_2018801498 {\n  padding-top: 30px;\n  padding-bottom: 30px;\n}\n<\/style>\n\t<\/section>\n\t\n\n\t<section class=\"section\" id=\"section_364049592\">\n\t\t<div class=\"section-bg fill\" >\n\t\t\t\t\t\t\t\t\t\n\t\t\t\n\n\t\t<\/div>\n\n\t\t\n\n\t\t<div class=\"section-content relative\">\n\t\t\t\n\t<div id=\"gap-1953307837\" class=\"gap-element clearfix\" style=\"display:block; height:auto;\">\n\t\t\n<style>\n#gap-1953307837 {\n  padding-top: 30px;\n}\n<\/style>\n\t<\/div>\n\t\n<div class=\"row\"  id=\"row-1942720731\">\n\n\t<div id=\"col-241087439\" class=\"col medium-4 small-12 large-4\"  >\n\t\t\t\t<div class=\"col-inner\"  >\n\t\t\t\n\t\t\t\n\t<div id=\"text-3214868529\" class=\"text\">\n\t\t\n<h2>REKLAMACJE<\/h2>\n\t\t\n<style>\n#text-3214868529 {\n  font-size: 1.75rem;\n}\n<\/style>\n\t<\/div>\n\t\n\t\t<\/div>\n\t\t\t\t\t<\/div>\n\n\t\n\n\t<div id=\"col-848142783\" class=\"col medium-8 small-12 large-8\"  >\n\t\t\t\t<div class=\"col-inner\"  >\n\t\t\t\n\t\t\t\n<p>Bardzo nam przykro, \u017ce produkt PGWEAR jest wadliwy lub uszkodzony. Aby dokona\u0107 reklamacji produktu nale\u017cy wype\u0142ni\u0107 formularz zwrotu na koncie klienta w sklepie lub wype\u0142ni\u0107 formularz zwrotu dost\u0119pny pod adresem:\u00a0<a href=\"https:\/\/www.pgwear.net\/pdf\/PGWEAR_formularz_zwrotu.pdf\" target=\"_blank\" rel=\"noopener\"><strong>formularz zwrotu<\/strong><\/a>.<\/p>\n<p>Wype\u0142niony formularz nale\u017cy przes\u0142a\u0107 na adres: <a href=\"mailto:shop@pgwear.net\">shop@pgwear.net<\/a><\/p>\n<p>Dok\u0142adamy wszelkich stara\u0144 aby ka\u017cde zg\u0142oszenie zosta\u0142o rozpatrzone jak najszybciej. O kolejnych krokach poinformujemy Ci\u0119 drog\u0105 mailow\u0105.<\/p>\n\t\t<\/div>\n\t\t\t\t\t<\/div>\n\n\t\n<\/div>\n\t\t<\/div>\n\n\t\t\n<style>\n#section_364049592 {\n  padding-top: 30px;\n  padding-bottom: 30px;\n}\n<\/style>\n\t<\/section>\n\t\n","protected":false},"excerpt":{"rendered":"","protected":false},"author":1,"featured_media":0,"parent":0,"menu_order":0,"comment_status":"closed","ping_status":"closed","template":"page-blank.php","meta":{"_acf_changed":false,"footnotes":""},"class_list":["post-12","page","type-page","status-publish","hentry"],"acf":[],"_links":{"self":[{"href":"https:\/\/pgwear.net\/pl\/wp-json\/wp\/v2\/pages\/12","targetHints":{"allow":["GET"]}}],"collection":[{"href":"https:\/\/pgwear.net\/pl\/wp-json\/wp\/v2\/pages"}],"about":[{"href":"https:\/\/pgwear.net\/pl\/wp-json\/wp\/v2\/types\/page"}],"author":[{"embeddable":true,"href":"https:\/\/pgwear.net\/pl\/wp-json\/wp\/v2\/users\/1"}],"replies":[{"embeddable":true,"href":"https:\/\/pgwear.net\/pl\/wp-json\/wp\/v2\/comments?post=12"}],"version-history":[{"count":0,"href":"https:\/\/pgwear.net\/pl\/wp-json\/wp\/v2\/pages\/12\/revisions"}],"wp:attachment":[{"href":"https:\/\/pgwear.net\/pl\/wp-json\/wp\/v2\/media?parent=12"}],"curies":[{"name":"wp","href":"https:\/\/api.w.org\/{rel}","templated":true}]}}