{"id":142888,"date":"2024-03-18T14:20:39","date_gmt":"2024-03-18T13:20:39","guid":{"rendered":"https:\/\/pgwear.net\/?page_id=142888"},"modified":"2025-12-12T13:28:18","modified_gmt":"2025-12-12T12:28:18","slug":"pouczenie-o-prawie-do-odstapienia-od-umowy","status":"publish","type":"page","link":"https:\/\/pgwear.net\/pl\/pouczenie-o-prawie-do-odstapienia-od-umowy\/","title":{"rendered":"Pouczenie o prawie do odst\u0105pienia od umowy"},"content":{"rendered":"<p><strong>Informacje dotycz\u0105ce korzystania z prawa odst\u0105pienia od umowy oraz wz&oacute;r formularza odst\u0105pienia od umowy <\/strong><\/p>\n<p>Konsumentom przys\u0142uguje 14 dniowe prawo do odst\u0105pienie od umowy. Prawo to przys\u0142uguje r\u00f3wnie\u017c osobom fizycznym zawieraj\u0105cym umow\u0119 bezpo\u015brednio zwi\u0105zan\u0105 z ich dzia\u0142alno\u015bci\u0105 gospodarcz\u0105, gdy z tre\u015bci tej umowy wynika, \u017ce nie ma ona dla tych os\u00f3b charakteru zawodowego wynikaj\u0105cego w szczeg\u00f3lno\u015bci z przedmiotu wykonywanej przez nich dzia\u0142alno\u015bci gospodarczej, udost\u0119pnionego na podstawie przepis\u00f3w o Centralnej Ewidencji i Informacji o Dzia\u0142alno\u015bci Gospodarczej. Pozosta\u0142ym przedsi\u0119biorcom prawo do odst\u0105pienia od umowy nie przys\u0142uguje.<\/p>\n<p><strong>Informacje dotycz\u0105ce korzystania z prawa odst\u0105pienia od umowy<\/strong><\/p>\n<p><strong>Prawo odst\u0105pienia od umowy<\/strong> <\/p>\n<p>Maj\u0105 Pa\u0144stwo prawo odst\u0105pi\u0107 od niniejszej umowy w terminie<br \/>\n            14 dni<br \/>\n            bez podania jakiejkolwiek przyczyny. Termin do odst\u0105pienia od umowy wygasa po up\u0142ywie<br \/>\n            14 dni<br \/>\n            od dnia<br \/>\n            w kt\u00f3rym weszli Pa\u0144stwo w posiadanie towaru lub w kt\u00f3rym osoba trzecia inna ni\u017c przewo\u017anik i wskazana przez Pa\u0144stwa wesz\u0142a w posiadanie towaru.\n            <\/p>\n<p>Aby skorzysta\u0107 z prawa odst\u0105pienia od umowy, musz\u0105 Pa\u0144stwo poinformowa\u0107 nas (PGWEAR Piotr Nierodzik, Ul. Gen. J\u00f3zefa Hallera 33, 15-814 Bia\u0142ystok, Polska, shop@pgwear.net, telefon: +48 881 497 600 o swojej decyzji o odst\u0105pieniu od niniejszej umowy w drodze jednoznacznego o\u015bwiadczenia (na przyk\u0142ad pismo wys\u0142ane poczt\u0105 lub poczt\u0105 elektroniczn\u0105). Mog\u0105 Pa\u0144stwo skorzysta\u0107 z wzoru formularza odst\u0105pienia od umowy, jednak nie jest to obowi\u0105zkowe.\n            <\/p>\n<p>Mog\u0105 Pa\u0144stwo r&oacute;wnie\u017c wype\u0142ni\u0107 i przes\u0142a\u0107 formularz odst\u0105pienia od umowy lub jakiekolwiek inne jednoznaczne o\u015bwiadczenie drog\u0105 elektroniczn\u0105 na naszej stronie internetowej: https:\/\/pgwear.net\/pl\/wymiana-zwroty\/. Je\u017celi skorzystaj\u0105 Pa\u0144stwo z tej mo\u017cliwo\u015bci, prze\u015blemy Pa\u0144stwu niezw\u0142ocznie potwierdzenie otrzymania informacji o odst\u0105pieniu od umowy na trwa\u0142ym no\u015bniku (na przyk\u0142ad poczt\u0105 elektroniczn\u0105).<\/p>\n<p>Aby zachowa\u0107 termin do odst\u0105pienia od umowy, wystarczy, aby wys\u0142ali Pa\u0144stwo informacj\u0119 dotycz\u0105c\u0105 wykonania przys\u0142uguj\u0105cego Pa\u0144stwu prawa odst\u0105pienia od umowy przed up\u0142ywem terminu do odst\u0105pienia od umowy. <\/p>\n<p><strong>Skutki odst\u0105pienia od umowy<\/strong> <\/p>\n<p>W przypadku odst\u0105pienia od niniejszej umowy zwracamy Pa\u0144stwu wszystkie<br \/>\notrzymane od Pa\u0144stwa p\u0142atno\u015bci, z wyj\u0105tkiem dodatkowych koszt\u00f3w wynikaj\u0105cych z wybranego przez Pa\u0144stwa sposobu dostarczenia innego ni\u017c oferowany przez nas, nie p\u00f3\u017aniej ni\u017c 14 dni od dnia, w kt\u00f3rym zostali\u015bmy poinformowani o Pa\u0144stwa decyzji o wykonaniu prawa odst\u0105pienia od niniejszej umowy. Zwrotu p\u0142atno\u015bci dokonamy przy u\u017cyciu takich samych sposob\u00f3w p\u0142atno\u015bci, jakie<br \/>\nzosta\u0142y przez Pa\u0144stwa u\u017cyte w pierwotnej transakcji, chyba \u017ce wyra\u017anie zgodzili\u015bcie si\u0119 Pa\u0144stwo na inne rozwi\u0105zanie; w ka\u017cdym przypadku nie ponios\u0105 Pa\u0144stwo \u017cadnych op\u0142at w zwi\u0105zku z tym zwrotem.\n            <\/p>\n<p>W wypadku skorzystania z naszej etykiety zwrotnej, je\u015bli zwrot towar\u00f3w spowoduje obni\u017cenie kwoty zam\u00f3wienia poni\u017cej 99 EUR, zwrot odbywa si\u0119 na koszt konsumenta.\n            <\/p>\n<p>Odpowiadaj\u0105 Pa\u0144stwo tylko za zmniejszenie warto\u015bci towaru wynikaj\u0105ce z korzystania<br \/>\nz niego w spos\u00f3b inny ni\u017c by\u0142o to konieczne do stwierdzenia charakteru, cech i<br \/>\nfunkcjonowania towaru.\n            <\/p>\n<table style=\"width:100%\" cellspacing=\"1\" cellpadding=\"1\" border=\"1\">\n<tbody>\n<tr>\n<td>\n<p><strong>Wz\u00f3r formularza odst\u0105pienia od umowy<\/strong><\/p>\n<p><em>(formularz ten nale\u017cy wype\u0142ni\u0107 i odes\u0142a\u0107 tylko w przypadku ch\u0119ci odst\u0105pienia od umowy)<\/em><\/p>\n<p>\u2013 Adresat PGWEAR Piotr Nierodzik, Ul. Gen. J\u00f3zefa Hallera 33, Bia\u0142ystok, Polska, shop@pgwear.net.<\/p>\n<p>\u2013 Ja\/My(*) niniejszym informuj\u0119\/informujemy(*) o moim\/naszym odst\u0105pieniu od umowy sprzeda\u017cy nast\u0119puj\u0105cych towar\u00f3w(*)<br \/> umowy dostawy nast\u0119puj\u0105cych towar\u00f3w(*) umowy o dzie\u0142o polegaj\u0105cej na wykonaniu nast\u0119puj\u0105cych towar\u00f3w(*)\/o \u015bwiadczenie nast\u0119puj\u0105cej us\u0142ugi(*)<\/p>\n<p>\u2013 Data zawarcia umowy(*)\/odbioru(*)<\/p>\n<p>\u2013 Imi\u0119 i nazwisko konsumenta(-\u00f3w)<\/p>\n<p>\u2013 Adres konsumenta(-\u00f3w)<\/p>\n<p>\u2013 Podpis konsumenta(-\u00f3w) (tylko je\u017celi formularz jest przesy\u0142any w wersji papierowej)<\/p>\n<p>\u2013 Data<\/p>\n<p>(*) Niepotrzebne skre\u015bli\u0107.<\/p>\n<\/td>\n<\/tr>\n<\/tbody>\n<\/table>\n","protected":false},"excerpt":{"rendered":"<p>Informacje dotycz\u0105ce korzystania z prawa odst\u0105pienia od umowy oraz wz&oacute;r formularza odst\u0105pienia od umowy Konsumentom przys\u0142uguje 14 dniowe prawo do odst\u0105pienie od umowy. Prawo to przys\u0142uguje r\u00f3wnie\u017c osobom fizycznym zawieraj\u0105cym umow\u0119 bezpo\u015brednio zwi\u0105zan\u0105 z ich dzia\u0142alno\u015bci\u0105 gospodarcz\u0105, gdy z tre\u015bci tej umowy wynika, \u017ce nie ma ona dla tych os\u00f3b charakteru zawodowego wynikaj\u0105cego w szczeg\u00f3lno\u015bci [&#8230;]\n","protected":false},"author":48308,"featured_media":0,"parent":0,"menu_order":0,"comment_status":"closed","ping_status":"closed","template":"","meta":{"_acf_changed":false,"footnotes":""},"class_list":["post-142888","page","type-page","status-publish","hentry"],"acf":[],"_links":{"self":[{"href":"https:\/\/pgwear.net\/pl\/wp-json\/wp\/v2\/pages\/142888","targetHints":{"allow":["GET"]}}],"collection":[{"href":"https:\/\/pgwear.net\/pl\/wp-json\/wp\/v2\/pages"}],"about":[{"href":"https:\/\/pgwear.net\/pl\/wp-json\/wp\/v2\/types\/page"}],"author":[{"embeddable":true,"href":"https:\/\/pgwear.net\/pl\/wp-json\/wp\/v2\/users\/48308"}],"replies":[{"embeddable":true,"href":"https:\/\/pgwear.net\/pl\/wp-json\/wp\/v2\/comments?post=142888"}],"version-history":[{"count":1,"href":"https:\/\/pgwear.net\/pl\/wp-json\/wp\/v2\/pages\/142888\/revisions"}],"predecessor-version":[{"id":230474,"href":"https:\/\/pgwear.net\/pl\/wp-json\/wp\/v2\/pages\/142888\/revisions\/230474"}],"wp:attachment":[{"href":"https:\/\/pgwear.net\/pl\/wp-json\/wp\/v2\/media?parent=142888"}],"curies":[{"name":"wp","href":"https:\/\/api.w.org\/{rel}","templated":true}]}}