{"id":241151,"date":"2026-03-23T12:02:11","date_gmt":"2026-03-23T11:02:11","guid":{"rendered":"https:\/\/pgwear.net\/?page_id=241151"},"modified":"2026-03-25T10:12:48","modified_gmt":"2026-03-25T09:12:48","slug":"sample-packi","status":"publish","type":"page","link":"https:\/\/pgwear.net\/pl\/sample-packi\/","title":{"rendered":"Sample packi"},"content":{"rendered":"\n\t<section class=\"section\" id=\"section_303274596\">\n\t\t<div class=\"section-bg fill\" >\n\t\t\t\t\t\t\t\t\t\n\t\t\t\n\n\t\t<\/div>\n\n\t\t\n\n\t\t<div class=\"section-content relative\">\n\t\t\t\n<div class=\"row\"  id=\"row-1945313074\">\n\n\t<div id=\"col-782206229\" class=\"col small-12 large-12\"  >\n\t\t\t\t<div class=\"col-inner\"  >\n\t\t\t\n\t\t\t\n<div class=\"container section-title-container\" ><h3 class=\"section-title section-title-normal\"><b aria-hidden=\"true\"><\/b><span class=\"section-title-main\" >PGWEAR Customs Sample packs<\/span><b aria-hidden=\"true\"><\/b><\/h3><\/div>\n<p>Zanim z\u0142o\u017cysz wi\u0119ksze zam\u00f3wienie w PGWEAR Customs, mo\u017cesz najpierw sprawdzi\u0107 jako\u015b\u0107 naszych produkt\u00f3w na \u017cywo. Zam\u00f3w produkt pr\u00f3bny i otrzymaj jeden z modeli dost\u0119pnych w naszym sklepie \u2013 dzi\u0119ki temu zobaczysz materia\u0142y, wykonanie oraz dopasowanie przed rozpocz\u0119ciem produkcji w\u0142asnej kolekcji. To najprostszy spos\u00f3b, aby upewni\u0107 si\u0119, \u017ce wszystko spe\u0142nia Twoje oczekiwania. Dodatkowo wszystkie produkty pr\u00f3bne wysy\u0142amy ca\u0142kowicie za darmo.<\/p>\n\t\t<\/div>\n\t\t\t\t\t<\/div>\n\n\t\n<\/div>\n\t\t<\/div>\n\n\t\t\n<style>\n#section_303274596 {\n  padding-top: 1px;\n  padding-bottom: 1px;\n}\n<\/style>\n\t<\/section>\n\t\n\t\n  \n    <div class=\"row large-columns-4 medium-columns-3 small-columns-2 row-large has-shadow row-box-shadow-4\" >\n  \n\t     <div class=\"col\" >\n\t\t\t\t\t\t<div class=\"col-inner\">\n\t\t\t\t\t\t\n<div class=\"badge-container absolute left top z-1\">\n\n<\/div>\n\t\t\t\t\t\t<div class=\"product-small box has-hover box-label box-text-bottom\">\n\t\t\t\t\t\t\t<div class=\"box-image\" >\n\t\t\t\t\t\t\t\t<div class=\"image-cover\" style=\"padding-top:154%;\">\n\t\t\t\t\t\t\t\t\t<a href=\"https:\/\/pgwear.net\/pl\/p\/sample-bluza-bez-kaptura\/\" aria-label=\"SAMPLE Bluza bez kaptura\">\n\t\t\t\t\t\t\t\t\t\t<img loading=\"lazy\" decoding=\"async\" width=\"486\" height=\"592\" src=\"https:\/\/pgwear.net\/wp-content\/uploads\/2026\/03\/sweatshirt_upscaled.png\" class=\"attachment-woocommerce_thumbnail size-woocommerce_thumbnail\" alt=\"SAMPLE Bluza bez kaptura\" srcset=\"https:\/\/pgwear.net\/wp-content\/uploads\/2026\/03\/sweatshirt_upscaled.png 486w, https:\/\/pgwear.net\/wp-content\/uploads\/2026\/03\/sweatshirt_upscaled-246x300.png 246w\" sizes=\"auto, (max-width: 486px) 100vw, 486px\" \/>\t\t\t\t\t\t\t\t\t<\/a>\n\t\t\t\t\t\t\t\t\t\t\t\t\t\t\t\t\t\t \t\t\t\t\t\t\t\t<\/div>\n\t\t\t\t\t\t\t\t<div class=\"image-tools top right show-on-hover\">\n\t\t\t\t\t\t\t\t\t\t\t\t\t\t\t\t\t<\/div>\n\t\t\t\t\t\t\t\t\t\t\t\t\t\t\t\t\t<div class=\"image-tools grid-tools text-center hide-for-small bottom hover-slide-in show-on-hover\">\n\t\t\t\t\t\t\t\t\t\t\t\t\t\t\t\t\t\t\t<\/div>\n\t\t\t\t\t\t\t\t\t\t\t\t\t\t\t\t\t\t\t\t\t\t\t<\/div>\n\n\t\t\t\t\t\t\t<div class=\"box-text text-center\" >\n\t\t\t\t\t\t\t\t<div class=\"title-wrapper\"><p class=\"name product-title woocommerce-loop-product__title\"><a href=\"https:\/\/pgwear.net\/pl\/p\/sample-bluza-bez-kaptura\/\" class=\"woocommerce-LoopProduct-link woocommerce-loop-product__link\">SAMPLE Bluza bez kaptura<\/a><\/p><\/div><div class=\"price-wrapper\">\n\t<span class=\"price\"><span class=\"woocommerce-Price-amount amount\"><bdi>73,60&nbsp;<span class=\"woocommerce-Price-currencySymbol\">&#122;&#322;<\/span><\/bdi><\/span><\/span>\n<\/div>\t\t\t\t\t\t\t<\/div>\n\t\t\t\t\t\t<\/div>\n\t\t\t\t\t\t<\/div>\n\t\t\t\t\t<\/div><div class=\"col\" >\n\t\t\t\t\t\t<div class=\"col-inner\">\n\t\t\t\t\t\t\n<div class=\"badge-container absolute left top z-1\">\n\n<\/div>\n\t\t\t\t\t\t<div class=\"product-small box has-hover box-label box-text-bottom\">\n\t\t\t\t\t\t\t<div class=\"box-image\" >\n\t\t\t\t\t\t\t\t<div class=\"image-cover\" style=\"padding-top:154%;\">\n\t\t\t\t\t\t\t\t\t<a href=\"https:\/\/pgwear.net\/pl\/p\/sample-bluza-z-kapturem\/\" aria-label=\"SAMPLE Bluza z kapturem\">\n\t\t\t\t\t\t\t\t\t\t<img loading=\"lazy\" decoding=\"async\" width=\"474\" height=\"592\" src=\"https:\/\/pgwear.net\/wp-content\/uploads\/2026\/03\/hoodie_upscaled.png\" class=\"attachment-woocommerce_thumbnail size-woocommerce_thumbnail\" alt=\"SAMPLE Bluza z kapturem\" srcset=\"https:\/\/pgwear.net\/wp-content\/uploads\/2026\/03\/hoodie_upscaled.png 474w, https:\/\/pgwear.net\/wp-content\/uploads\/2026\/03\/hoodie_upscaled-240x300.png 240w\" sizes=\"auto, (max-width: 474px) 100vw, 474px\" \/>\t\t\t\t\t\t\t\t\t<\/a>\n\t\t\t\t\t\t\t\t\t\t\t\t\t\t\t\t\t\t \t\t\t\t\t\t\t\t<\/div>\n\t\t\t\t\t\t\t\t<div class=\"image-tools top right show-on-hover\">\n\t\t\t\t\t\t\t\t\t\t\t\t\t\t\t\t\t<\/div>\n\t\t\t\t\t\t\t\t\t\t\t\t\t\t\t\t\t<div class=\"image-tools grid-tools text-center hide-for-small bottom hover-slide-in show-on-hover\">\n\t\t\t\t\t\t\t\t\t\t\t\t\t\t\t\t\t\t\t<\/div>\n\t\t\t\t\t\t\t\t\t\t\t\t\t\t\t\t\t\t\t\t\t\t\t<\/div>\n\n\t\t\t\t\t\t\t<div class=\"box-text text-center\" >\n\t\t\t\t\t\t\t\t<div class=\"title-wrapper\"><p class=\"name product-title woocommerce-loop-product__title\"><a href=\"https:\/\/pgwear.net\/pl\/p\/sample-bluza-z-kapturem\/\" class=\"woocommerce-LoopProduct-link woocommerce-loop-product__link\">SAMPLE Bluza z kapturem<\/a><\/p><\/div><div class=\"price-wrapper\">\n\t<span class=\"price\"><span class=\"woocommerce-Price-amount amount\"><bdi>115,00&nbsp;<span class=\"woocommerce-Price-currencySymbol\">&#122;&#322;<\/span><\/bdi><\/span><\/span>\n<\/div>\t\t\t\t\t\t\t<\/div>\n\t\t\t\t\t\t<\/div>\n\t\t\t\t\t\t<\/div>\n\t\t\t\t\t<\/div><div class=\"col\" >\n\t\t\t\t\t\t<div class=\"col-inner\">\n\t\t\t\t\t\t\n<div class=\"badge-container absolute left top z-1\">\n\n<\/div>\n\t\t\t\t\t\t<div class=\"product-small box has-hover box-label box-text-bottom\">\n\t\t\t\t\t\t\t<div class=\"box-image\" >\n\t\t\t\t\t\t\t\t<div class=\"image-cover\" style=\"padding-top:154%;\">\n\t\t\t\t\t\t\t\t\t<a href=\"https:\/\/pgwear.net\/pl\/p\/sample-jedwabny-szalik-z-nadrukiem\/\" aria-label=\"SAMPLE Jedwabny szalik z nadrukiem\">\n\t\t\t\t\t\t\t\t\t\t<img loading=\"lazy\" decoding=\"async\" width=\"492\" height=\"682\" src=\"https:\/\/pgwear.net\/wp-content\/uploads\/2026\/03\/silk_upscaled.png\" class=\"attachment-woocommerce_thumbnail size-woocommerce_thumbnail\" alt=\"SAMPLE Jedwabny szalik z nadrukiem\" srcset=\"https:\/\/pgwear.net\/wp-content\/uploads\/2026\/03\/silk_upscaled.png 492w, https:\/\/pgwear.net\/wp-content\/uploads\/2026\/03\/silk_upscaled-216x300.png 216w\" sizes=\"auto, (max-width: 492px) 100vw, 492px\" \/>\t\t\t\t\t\t\t\t\t<\/a>\n\t\t\t\t\t\t\t\t\t\t\t\t\t\t\t\t\t\t \t\t\t\t\t\t\t\t<\/div>\n\t\t\t\t\t\t\t\t<div class=\"image-tools top right show-on-hover\">\n\t\t\t\t\t\t\t\t\t\t\t\t\t\t\t\t\t<\/div>\n\t\t\t\t\t\t\t\t\t\t\t\t\t\t\t\t\t<div class=\"image-tools grid-tools text-center hide-for-small bottom hover-slide-in show-on-hover\">\n\t\t\t\t\t\t\t\t\t\t\t\t\t\t\t\t\t\t\t<\/div>\n\t\t\t\t\t\t\t\t\t\t\t\t\t\t\t\t\t\t\t\t\t\t\t<\/div>\n\n\t\t\t\t\t\t\t<div class=\"box-text text-center\" >\n\t\t\t\t\t\t\t\t<div class=\"title-wrapper\"><p class=\"name product-title woocommerce-loop-product__title\"><a href=\"https:\/\/pgwear.net\/pl\/p\/sample-jedwabny-szalik-z-nadrukiem\/\" class=\"woocommerce-LoopProduct-link woocommerce-loop-product__link\">SAMPLE Jedwabny szalik z nadrukiem<\/a><\/p><\/div><div class=\"price-wrapper\">\n\t<span class=\"price\"><span class=\"woocommerce-Price-amount amount\"><bdi>23,00&nbsp;<span class=\"woocommerce-Price-currencySymbol\">&#122;&#322;<\/span><\/bdi><\/span><\/span>\n<\/div>\t\t\t\t\t\t\t<\/div>\n\t\t\t\t\t\t<\/div>\n\t\t\t\t\t\t<\/div>\n\t\t\t\t\t<\/div><div class=\"col\" >\n\t\t\t\t\t\t<div class=\"col-inner\">\n\t\t\t\t\t\t\n<div class=\"badge-container absolute left top z-1\">\n\n<\/div>\n\t\t\t\t\t\t<div class=\"product-small box has-hover box-label box-text-bottom\">\n\t\t\t\t\t\t\t<div class=\"box-image\" >\n\t\t\t\t\t\t\t\t<div class=\"image-cover\" style=\"padding-top:154%;\">\n\t\t\t\t\t\t\t\t\t<a href=\"https:\/\/pgwear.net\/pl\/p\/sample-kominiarka\/\" aria-label=\"SAMPLE Kominiarka\">\n\t\t\t\t\t\t\t\t\t\t<img loading=\"lazy\" decoding=\"async\" width=\"600\" height=\"1000\" src=\"https:\/\/pgwear.net\/wp-content\/uploads\/2026\/03\/balaclava_upscaled-600x1000.png\" class=\"attachment-woocommerce_thumbnail size-woocommerce_thumbnail\" alt=\"SAMPLE Kominiarka\" \/>\t\t\t\t\t\t\t\t\t<\/a>\n\t\t\t\t\t\t\t\t\t\t\t\t\t\t\t\t\t\t \t\t\t\t\t\t\t\t<\/div>\n\t\t\t\t\t\t\t\t<div class=\"image-tools top right show-on-hover\">\n\t\t\t\t\t\t\t\t\t\t\t\t\t\t\t\t\t<\/div>\n\t\t\t\t\t\t\t\t\t\t\t\t\t\t\t\t\t<div class=\"image-tools grid-tools text-center hide-for-small bottom hover-slide-in show-on-hover\">\n\t\t\t\t\t\t\t\t\t\t\t\t\t\t\t\t\t\t\t<\/div>\n\t\t\t\t\t\t\t\t\t\t\t\t\t\t\t\t\t\t\t\t\t\t\t<\/div>\n\n\t\t\t\t\t\t\t<div class=\"box-text text-center\" >\n\t\t\t\t\t\t\t\t<div class=\"title-wrapper\"><p class=\"name product-title woocommerce-loop-product__title\"><a href=\"https:\/\/pgwear.net\/pl\/p\/sample-kominiarka\/\" class=\"woocommerce-LoopProduct-link woocommerce-loop-product__link\">SAMPLE Kominiarka<\/a><\/p><\/div><div class=\"price-wrapper\">\n\t<span class=\"price\"><span class=\"woocommerce-Price-amount amount\"><bdi>36,80&nbsp;<span class=\"woocommerce-Price-currencySymbol\">&#122;&#322;<\/span><\/bdi><\/span><\/span>\n<\/div>\t\t\t\t\t\t\t<\/div>\n\t\t\t\t\t\t<\/div>\n\t\t\t\t\t\t<\/div>\n\t\t\t\t\t<\/div><div class=\"col\" >\n\t\t\t\t\t\t<div class=\"col-inner\">\n\t\t\t\t\t\t\n<div class=\"badge-container absolute left top z-1\">\n\n<\/div>\n\t\t\t\t\t\t<div class=\"product-small box has-hover box-label box-text-bottom\">\n\t\t\t\t\t\t\t<div class=\"box-image\" >\n\t\t\t\t\t\t\t\t<div class=\"image-cover\" style=\"padding-top:154%;\">\n\t\t\t\t\t\t\t\t\t<a href=\"https:\/\/pgwear.net\/pl\/p\/sample-koszulka-pilkarska\/\" aria-label=\"SAMPLE Koszulka pi\u0142karska\">\n\t\t\t\t\t\t\t\t\t\t<img loading=\"lazy\" decoding=\"async\" width=\"490\" height=\"566\" src=\"https:\/\/pgwear.net\/wp-content\/uploads\/2026\/03\/football_upscaled.png\" class=\"attachment-woocommerce_thumbnail size-woocommerce_thumbnail\" alt=\"SAMPLE Koszulka pi\u0142karska\" srcset=\"https:\/\/pgwear.net\/wp-content\/uploads\/2026\/03\/football_upscaled.png 490w, https:\/\/pgwear.net\/wp-content\/uploads\/2026\/03\/football_upscaled-260x300.png 260w\" sizes=\"auto, (max-width: 490px) 100vw, 490px\" \/>\t\t\t\t\t\t\t\t\t<\/a>\n\t\t\t\t\t\t\t\t\t\t\t\t\t\t\t\t\t\t \t\t\t\t\t\t\t\t<\/div>\n\t\t\t\t\t\t\t\t<div class=\"image-tools top right show-on-hover\">\n\t\t\t\t\t\t\t\t\t\t\t\t\t\t\t\t\t<\/div>\n\t\t\t\t\t\t\t\t\t\t\t\t\t\t\t\t\t<div class=\"image-tools grid-tools text-center hide-for-small bottom hover-slide-in show-on-hover\">\n\t\t\t\t\t\t\t\t\t\t\t\t\t\t\t\t\t\t\t<\/div>\n\t\t\t\t\t\t\t\t\t\t\t\t\t\t\t\t\t\t\t\t\t\t\t<\/div>\n\n\t\t\t\t\t\t\t<div class=\"box-text text-center\" >\n\t\t\t\t\t\t\t\t<div class=\"title-wrapper\"><p class=\"name product-title woocommerce-loop-product__title\"><a href=\"https:\/\/pgwear.net\/pl\/p\/sample-koszulka-pilkarska\/\" class=\"woocommerce-LoopProduct-link woocommerce-loop-product__link\">SAMPLE Koszulka pi\u0142karska<\/a><\/p><\/div><div class=\"price-wrapper\">\n\t<span class=\"price\"><span class=\"woocommerce-Price-amount amount\"><bdi>55,20&nbsp;<span class=\"woocommerce-Price-currencySymbol\">&#122;&#322;<\/span><\/bdi><\/span><\/span>\n<\/div>\t\t\t\t\t\t\t<\/div>\n\t\t\t\t\t\t<\/div>\n\t\t\t\t\t\t<\/div>\n\t\t\t\t\t<\/div><div class=\"col\" >\n\t\t\t\t\t\t<div class=\"col-inner\">\n\t\t\t\t\t\t\n<div class=\"badge-container absolute left top z-1\">\n\n<\/div>\n\t\t\t\t\t\t<div class=\"product-small box has-hover box-label box-text-bottom\">\n\t\t\t\t\t\t\t<div class=\"box-image\" >\n\t\t\t\t\t\t\t\t<div class=\"image-cover\" style=\"padding-top:154%;\">\n\t\t\t\t\t\t\t\t\t<a href=\"https:\/\/pgwear.net\/pl\/p\/sample-spodenki-cargo\/\" aria-label=\"SAMPLE Spodenki cargo\">\n\t\t\t\t\t\t\t\t\t\t<img loading=\"lazy\" decoding=\"async\" width=\"241\" height=\"282\" src=\"https:\/\/pgwear.net\/wp-content\/uploads\/2026\/03\/cargoshorts.png\" class=\"attachment-woocommerce_thumbnail size-woocommerce_thumbnail\" alt=\"SAMPLE Spodenki cargo\" \/>\t\t\t\t\t\t\t\t\t<\/a>\n\t\t\t\t\t\t\t\t\t\t\t\t\t\t\t\t\t\t \t\t\t\t\t\t\t\t<\/div>\n\t\t\t\t\t\t\t\t<div class=\"image-tools top right show-on-hover\">\n\t\t\t\t\t\t\t\t\t\t\t\t\t\t\t\t\t<\/div>\n\t\t\t\t\t\t\t\t\t\t\t\t\t\t\t\t\t<div class=\"image-tools grid-tools text-center hide-for-small bottom hover-slide-in show-on-hover\">\n\t\t\t\t\t\t\t\t\t\t\t\t\t\t\t\t\t\t\t<\/div>\n\t\t\t\t\t\t\t\t\t\t\t\t\t\t\t\t\t\t\t\t\t\t\t<\/div>\n\n\t\t\t\t\t\t\t<div class=\"box-text text-center\" >\n\t\t\t\t\t\t\t\t<div class=\"title-wrapper\"><p class=\"name product-title woocommerce-loop-product__title\"><a href=\"https:\/\/pgwear.net\/pl\/p\/sample-spodenki-cargo\/\" class=\"woocommerce-LoopProduct-link woocommerce-loop-product__link\">SAMPLE Spodenki cargo<\/a><\/p><\/div><div class=\"price-wrapper\">\n\t<span class=\"price\"><span class=\"woocommerce-Price-amount amount\"><bdi>69,00&nbsp;<span class=\"woocommerce-Price-currencySymbol\">&#122;&#322;<\/span><\/bdi><\/span><\/span>\n<\/div>\t\t\t\t\t\t\t<\/div>\n\t\t\t\t\t\t<\/div>\n\t\t\t\t\t\t<\/div>\n\t\t\t\t\t<\/div><div class=\"col\" >\n\t\t\t\t\t\t<div class=\"col-inner\">\n\t\t\t\t\t\t\n<div class=\"badge-container absolute left top z-1\">\n\n<\/div>\n\t\t\t\t\t\t<div class=\"product-small box has-hover box-label box-text-bottom\">\n\t\t\t\t\t\t\t<div class=\"box-image\" >\n\t\t\t\t\t\t\t\t<div class=\"image-cover\" style=\"padding-top:154%;\">\n\t\t\t\t\t\t\t\t\t<a href=\"https:\/\/pgwear.net\/pl\/p\/sample-spodenki-kapielowe\/\" aria-label=\"SAMPLE Spodenki k\u0105pielowe\">\n\t\t\t\t\t\t\t\t\t\t<img loading=\"lazy\" decoding=\"async\" width=\"482\" height=\"564\" src=\"https:\/\/pgwear.net\/wp-content\/uploads\/2026\/03\/swimmingshorts_upscaled.png\" class=\"attachment-woocommerce_thumbnail size-woocommerce_thumbnail\" alt=\"SAMPLE Spodenki k\u0105pielowe\" srcset=\"https:\/\/pgwear.net\/wp-content\/uploads\/2026\/03\/swimmingshorts_upscaled.png 482w, https:\/\/pgwear.net\/wp-content\/uploads\/2026\/03\/swimmingshorts_upscaled-256x300.png 256w\" sizes=\"auto, (max-width: 482px) 100vw, 482px\" \/>\t\t\t\t\t\t\t\t\t<\/a>\n\t\t\t\t\t\t\t\t\t\t\t\t\t\t\t\t\t\t \t\t\t\t\t\t\t\t<\/div>\n\t\t\t\t\t\t\t\t<div class=\"image-tools top right show-on-hover\">\n\t\t\t\t\t\t\t\t\t\t\t\t\t\t\t\t\t<\/div>\n\t\t\t\t\t\t\t\t\t\t\t\t\t\t\t\t\t<div class=\"image-tools grid-tools text-center hide-for-small bottom hover-slide-in show-on-hover\">\n\t\t\t\t\t\t\t\t\t\t\t\t\t\t\t\t\t\t\t<\/div>\n\t\t\t\t\t\t\t\t\t\t\t\t\t\t\t\t\t\t\t\t\t\t\t<\/div>\n\n\t\t\t\t\t\t\t<div class=\"box-text text-center\" >\n\t\t\t\t\t\t\t\t<div class=\"title-wrapper\"><p class=\"name product-title woocommerce-loop-product__title\"><a href=\"https:\/\/pgwear.net\/pl\/p\/sample-spodenki-kapielowe\/\" class=\"woocommerce-LoopProduct-link woocommerce-loop-product__link\">SAMPLE Spodenki k\u0105pielowe<\/a><\/p><\/div><div class=\"price-wrapper\">\n\t<span class=\"price\"><span class=\"woocommerce-Price-amount amount\"><bdi>69,00&nbsp;<span class=\"woocommerce-Price-currencySymbol\">&#122;&#322;<\/span><\/bdi><\/span><\/span>\n<\/div>\t\t\t\t\t\t\t<\/div>\n\t\t\t\t\t\t<\/div>\n\t\t\t\t\t\t<\/div>\n\t\t\t\t\t<\/div><div class=\"col\" >\n\t\t\t\t\t\t<div class=\"col-inner\">\n\t\t\t\t\t\t\n<div class=\"badge-container absolute left top z-1\">\n\n<\/div>\n\t\t\t\t\t\t<div class=\"product-small box has-hover box-label box-text-bottom\">\n\t\t\t\t\t\t\t<div class=\"box-image\" >\n\t\t\t\t\t\t\t\t<div class=\"image-cover\" style=\"padding-top:154%;\">\n\t\t\t\t\t\t\t\t\t<a href=\"https:\/\/pgwear.net\/pl\/p\/sample-spodenki-sportowe\/\" aria-label=\"SAMPLE Spodenki sportowe\">\n\t\t\t\t\t\t\t\t\t\t<img loading=\"lazy\" decoding=\"async\" width=\"488\" height=\"568\" src=\"https:\/\/pgwear.net\/wp-content\/uploads\/2026\/03\/sportshorts_upscaled.png\" class=\"attachment-woocommerce_thumbnail size-woocommerce_thumbnail\" alt=\"SAMPLE Spodenki sportowe\" srcset=\"https:\/\/pgwear.net\/wp-content\/uploads\/2026\/03\/sportshorts_upscaled.png 488w, https:\/\/pgwear.net\/wp-content\/uploads\/2026\/03\/sportshorts_upscaled-258x300.png 258w\" sizes=\"auto, (max-width: 488px) 100vw, 488px\" \/>\t\t\t\t\t\t\t\t\t<\/a>\n\t\t\t\t\t\t\t\t\t\t\t\t\t\t\t\t\t\t \t\t\t\t\t\t\t\t<\/div>\n\t\t\t\t\t\t\t\t<div class=\"image-tools top right show-on-hover\">\n\t\t\t\t\t\t\t\t\t\t\t\t\t\t\t\t\t<\/div>\n\t\t\t\t\t\t\t\t\t\t\t\t\t\t\t\t\t<div class=\"image-tools grid-tools text-center hide-for-small bottom hover-slide-in show-on-hover\">\n\t\t\t\t\t\t\t\t\t\t\t\t\t\t\t\t\t\t\t<\/div>\n\t\t\t\t\t\t\t\t\t\t\t\t\t\t\t\t\t\t\t\t\t\t\t<\/div>\n\n\t\t\t\t\t\t\t<div class=\"box-text text-center\" >\n\t\t\t\t\t\t\t\t<div class=\"title-wrapper\"><p class=\"name product-title woocommerce-loop-product__title\"><a href=\"https:\/\/pgwear.net\/pl\/p\/sample-spodenki-sportowe\/\" class=\"woocommerce-LoopProduct-link woocommerce-loop-product__link\">SAMPLE Spodenki sportowe<\/a><\/p><\/div><div class=\"price-wrapper\">\n\t<span class=\"price\"><span class=\"woocommerce-Price-amount amount\"><bdi>69,00&nbsp;<span class=\"woocommerce-Price-currencySymbol\">&#122;&#322;<\/span><\/bdi><\/span><\/span>\n<\/div>\t\t\t\t\t\t\t<\/div>\n\t\t\t\t\t\t<\/div>\n\t\t\t\t\t\t<\/div>\n\t\t\t\t\t<\/div><div class=\"col\" >\n\t\t\t\t\t\t<div class=\"col-inner\">\n\t\t\t\t\t\t\n<div class=\"badge-container absolute left top z-1\">\n\n<\/div>\n\t\t\t\t\t\t<div class=\"product-small box has-hover box-label box-text-bottom\">\n\t\t\t\t\t\t\t<div class=\"box-image\" >\n\t\t\t\t\t\t\t\t<div class=\"image-cover\" style=\"padding-top:154%;\">\n\t\t\t\t\t\t\t\t\t<a href=\"https:\/\/pgwear.net\/pl\/p\/sample-szalik-zakardowy\/\" aria-label=\"SAMPLE Szalik \u017cakardowy\">\n\t\t\t\t\t\t\t\t\t\t<img loading=\"lazy\" decoding=\"async\" width=\"480\" height=\"690\" src=\"https:\/\/pgwear.net\/wp-content\/uploads\/2026\/03\/jacquard_upscaled.png\" class=\"attachment-woocommerce_thumbnail size-woocommerce_thumbnail\" alt=\"SAMPLE Szalik \u017cakardowy\" srcset=\"https:\/\/pgwear.net\/wp-content\/uploads\/2026\/03\/jacquard_upscaled.png 480w, https:\/\/pgwear.net\/wp-content\/uploads\/2026\/03\/jacquard_upscaled-209x300.png 209w\" sizes=\"auto, (max-width: 480px) 100vw, 480px\" \/>\t\t\t\t\t\t\t\t\t<\/a>\n\t\t\t\t\t\t\t\t\t\t\t\t\t\t\t\t\t\t \t\t\t\t\t\t\t\t<\/div>\n\t\t\t\t\t\t\t\t<div class=\"image-tools top right show-on-hover\">\n\t\t\t\t\t\t\t\t\t\t\t\t\t\t\t\t\t<\/div>\n\t\t\t\t\t\t\t\t\t\t\t\t\t\t\t\t\t<div class=\"image-tools grid-tools text-center hide-for-small bottom hover-slide-in show-on-hover\">\n\t\t\t\t\t\t\t\t\t\t\t\t\t\t\t\t\t\t\t<\/div>\n\t\t\t\t\t\t\t\t\t\t\t\t\t\t\t\t\t\t\t\t\t\t\t<\/div>\n\n\t\t\t\t\t\t\t<div class=\"box-text text-center\" >\n\t\t\t\t\t\t\t\t<div class=\"title-wrapper\"><p class=\"name product-title woocommerce-loop-product__title\"><a href=\"https:\/\/pgwear.net\/pl\/p\/sample-szalik-zakardowy\/\" class=\"woocommerce-LoopProduct-link woocommerce-loop-product__link\">SAMPLE Szalik \u017cakardowy<\/a><\/p><\/div><div class=\"price-wrapper\">\n\t<span class=\"price\"><span class=\"woocommerce-Price-amount amount\"><bdi>23,00&nbsp;<span class=\"woocommerce-Price-currencySymbol\">&#122;&#322;<\/span><\/bdi><\/span><\/span>\n<\/div>\t\t\t\t\t\t\t<\/div>\n\t\t\t\t\t\t<\/div>\n\t\t\t\t\t\t<\/div>\n\t\t\t\t\t<\/div><div class=\"col\" >\n\t\t\t\t\t\t<div class=\"col-inner\">\n\t\t\t\t\t\t\n<div class=\"badge-container absolute left top z-1\">\n\n<\/div>\n\t\t\t\t\t\t<div class=\"product-small box has-hover box-label box-text-bottom\">\n\t\t\t\t\t\t\t<div class=\"box-image\" >\n\t\t\t\t\t\t\t\t<div class=\"image-cover\" style=\"padding-top:154%;\">\n\t\t\t\t\t\t\t\t\t<a href=\"https:\/\/pgwear.net\/pl\/p\/sample-t-shirt\/\" aria-label=\"SAMPLE T-shirt\">\n\t\t\t\t\t\t\t\t\t\t<img loading=\"lazy\" decoding=\"async\" width=\"496\" height=\"588\" src=\"https:\/\/pgwear.net\/wp-content\/uploads\/2026\/03\/tshirt_upscaled.png\" class=\"attachment-woocommerce_thumbnail size-woocommerce_thumbnail\" alt=\"SAMPLE T-shirt\" srcset=\"https:\/\/pgwear.net\/wp-content\/uploads\/2026\/03\/tshirt_upscaled.png 496w, https:\/\/pgwear.net\/wp-content\/uploads\/2026\/03\/tshirt_upscaled-253x300.png 253w\" sizes=\"auto, (max-width: 496px) 100vw, 496px\" \/>\t\t\t\t\t\t\t\t\t<\/a>\n\t\t\t\t\t\t\t\t\t\t\t\t\t\t\t\t\t\t \t\t\t\t\t\t\t\t<\/div>\n\t\t\t\t\t\t\t\t<div class=\"image-tools top right show-on-hover\">\n\t\t\t\t\t\t\t\t\t\t\t\t\t\t\t\t\t<\/div>\n\t\t\t\t\t\t\t\t\t\t\t\t\t\t\t\t\t<div class=\"image-tools grid-tools text-center hide-for-small bottom hover-slide-in show-on-hover\">\n\t\t\t\t\t\t\t\t\t\t\t\t\t\t\t\t\t\t\t<\/div>\n\t\t\t\t\t\t\t\t\t\t\t\t\t\t\t\t\t\t\t\t\t\t\t<\/div>\n\n\t\t\t\t\t\t\t<div class=\"box-text text-center\" >\n\t\t\t\t\t\t\t\t<div class=\"title-wrapper\"><p class=\"name product-title woocommerce-loop-product__title\"><a href=\"https:\/\/pgwear.net\/pl\/p\/sample-t-shirt\/\" class=\"woocommerce-LoopProduct-link woocommerce-loop-product__link\">SAMPLE T-shirt<\/a><\/p><\/div><div class=\"price-wrapper\">\n\t<span class=\"price\"><span class=\"woocommerce-Price-amount amount\"><bdi>46,00&nbsp;<span class=\"woocommerce-Price-currencySymbol\">&#122;&#322;<\/span><\/bdi><\/span><\/span>\n<\/div>\t\t\t\t\t\t\t<\/div>\n\t\t\t\t\t\t<\/div>\n\t\t\t\t\t\t<\/div>\n\t\t\t\t\t<\/div><div class=\"col\" >\n\t\t\t\t\t\t<div class=\"col-inner\">\n\t\t\t\t\t\t\n<div class=\"badge-container absolute left top z-1\">\n\n<\/div>\n\t\t\t\t\t\t<div class=\"product-small box has-hover box-label box-text-bottom\">\n\t\t\t\t\t\t\t<div class=\"box-image\" >\n\t\t\t\t\t\t\t\t<div class=\"image-cover\" style=\"padding-top:154%;\">\n\t\t\t\t\t\t\t\t\t<a href=\"https:\/\/pgwear.net\/pl\/p\/sample-track-top\/\" aria-label=\"SAMPLE Track Top\">\n\t\t\t\t\t\t\t\t\t\t<img loading=\"lazy\" decoding=\"async\" width=\"482\" height=\"588\" src=\"https:\/\/pgwear.net\/wp-content\/uploads\/2026\/03\/tracktop_upscaled.png\" class=\"attachment-woocommerce_thumbnail size-woocommerce_thumbnail\" alt=\"SAMPLE Track Top\" srcset=\"https:\/\/pgwear.net\/wp-content\/uploads\/2026\/03\/tracktop_upscaled.png 482w, https:\/\/pgwear.net\/wp-content\/uploads\/2026\/03\/tracktop_upscaled-246x300.png 246w\" sizes=\"auto, (max-width: 482px) 100vw, 482px\" \/>\t\t\t\t\t\t\t\t\t<\/a>\n\t\t\t\t\t\t\t\t\t\t\t\t\t\t\t\t\t\t \t\t\t\t\t\t\t\t<\/div>\n\t\t\t\t\t\t\t\t<div class=\"image-tools top right show-on-hover\">\n\t\t\t\t\t\t\t\t\t\t\t\t\t\t\t\t\t<\/div>\n\t\t\t\t\t\t\t\t\t\t\t\t\t\t\t\t\t<div class=\"image-tools grid-tools text-center hide-for-small bottom hover-slide-in show-on-hover\">\n\t\t\t\t\t\t\t\t\t\t\t\t\t\t\t\t\t\t\t<\/div>\n\t\t\t\t\t\t\t\t\t\t\t\t\t\t\t\t\t\t\t\t\t\t\t<\/div>\n\n\t\t\t\t\t\t\t<div class=\"box-text text-center\" >\n\t\t\t\t\t\t\t\t<div class=\"title-wrapper\"><p class=\"name product-title woocommerce-loop-product__title\"><a href=\"https:\/\/pgwear.net\/pl\/p\/sample-track-top\/\" class=\"woocommerce-LoopProduct-link woocommerce-loop-product__link\">SAMPLE Track Top<\/a><\/p><\/div><div class=\"price-wrapper\">\n\t<span class=\"price\"><span class=\"woocommerce-Price-amount amount\"><bdi>69,00&nbsp;<span class=\"woocommerce-Price-currencySymbol\">&#122;&#322;<\/span><\/bdi><\/span><\/span>\n<\/div>\t\t\t\t\t\t\t<\/div>\n\t\t\t\t\t\t<\/div>\n\t\t\t\t\t\t<\/div>\n\t\t\t\t\t<\/div><\/div>\n","protected":false},"excerpt":{"rendered":"","protected":false},"author":48308,"featured_media":0,"parent":0,"menu_order":0,"comment_status":"closed","ping_status":"closed","template":"","meta":{"_acf_changed":false,"footnotes":""},"class_list":["post-241151","page","type-page","status-publish","hentry"],"acf":[],"_links":{"self":[{"href":"https:\/\/pgwear.net\/pl\/wp-json\/wp\/v2\/pages\/241151","targetHints":{"allow":["GET"]}}],"collection":[{"href":"https:\/\/pgwear.net\/pl\/wp-json\/wp\/v2\/pages"}],"about":[{"href":"https:\/\/pgwear.net\/pl\/wp-json\/wp\/v2\/types\/page"}],"author":[{"embeddable":true,"href":"https:\/\/pgwear.net\/pl\/wp-json\/wp\/v2\/users\/48308"}],"replies":[{"embeddable":true,"href":"https:\/\/pgwear.net\/pl\/wp-json\/wp\/v2\/comments?post=241151"}],"version-history":[{"count":13,"href":"https:\/\/pgwear.net\/pl\/wp-json\/wp\/v2\/pages\/241151\/revisions"}],"predecessor-version":[{"id":241551,"href":"https:\/\/pgwear.net\/pl\/wp-json\/wp\/v2\/pages\/241151\/revisions\/241551"}],"wp:attachment":[{"href":"https:\/\/pgwear.net\/pl\/wp-json\/wp\/v2\/media?parent=241151"}],"curies":[{"name":"wp","href":"https:\/\/api.w.org\/{rel}","templated":true}]}}