{"id":3,"date":"2021-09-29T14:12:07","date_gmt":"2021-09-29T12:12:07","guid":{"rendered":"http:\/\/dev.pgwear.net\/?page_id=3"},"modified":"2024-02-02T14:49:03","modified_gmt":"2024-02-02T13:49:03","slug":"polityka-prywatnosci","status":"publish","type":"page","link":"https:\/\/pgwear.net\/pl\/polityka-prywatnosci\/","title":{"rendered":"Polityka prywatno\u015bci"},"content":{"rendered":"<p>I Postanowienia og\u00f3lne<\/p>\n<ol>\n<li>Niniejsza Polityka ochrony prywatno\u015bci okre\u015bla spos\u00f3b zbierania, przetwarzania, analizowania i przechowywania danych osobowych koniecznych do \u015bwiadczenia us\u0142ug drog\u0105 elektroniczn\u0105 za po\u015brednictwem serwisu internetowego w domenie www.pgwear.net ( zwanym dalej: Serwis).<\/li>\n<li>Administratorem danych osobowych U\u017cytkownik\u00f3w jest PGWEAR Piotr Nierodzik, ul. Rzemie\u015blnicza 30\/46, 15-773 Bia\u0142ystok, NIP: 5422856418(zwanym dalej: Administrator).<\/li>\n<li>Dane osobowe przetwarzane s\u0105 zgodnie z Rozporz\u0105dzeniem Parlamentu Europejskiego i Rady (UE) 2016\/679 z dnia 27 kwietnia 2016 r. w sprawie ochrony os\u00f3b fizycznych w zwi\u0105zku z przetwarzaniem danych osobowych i w sprawie swobodnego przep\u0142ywu takich danych oraz uchylenia dyrektywy 95\/46\/WE (og\u00f3lne rozporz\u0105dzenie o ochronie danych) (dalej: RODO).<\/li>\n<li>Zbierane przez Administratora dane b\u0119d\u0105: \u2013 przetwarzane zgodnie z prawem, \u2013 przetwarzane w wyra\u017anie okre\u015blonych celach i niepoddawane dalszemu przetwarzaniu niezgodnemu z tymi celami, \u2013 merytorycznie poprawne i adekwatne w stosunku do cel\u00f3w, w jakich s\u0105 przetwarzane, \u2013 przechowywane nie d\u0142u\u017cej ni\u017c jest to niezb\u0119dne do osi\u0105gni\u0119cia celu przetwarzania.<\/li>\n<\/ol>\n<p>II. Cel i podstawy prawne przetwarzania danych<\/p>\n<ol>\n<li>Administrator przetwarza dane osobowe niezb\u0119dne do \u015bwiadczenia i rozwoju oferowanych us\u0142ug dost\u0119pnych za po\u015brednictwem Serwisu oraz poszczeg\u00f3lnych jego funkcjonalno\u015bci.<\/li>\n<li>Dane osobowe przetwarzane b\u0119d\u0105 w nast\u0119puj\u0105cych celach:\n<ul>\n<li>a) rejestracji konta, weryfikacji to\u017csamo\u015bci U\u017cytkownika oraz realizacji umowy o \u015bwiadczeniu us\u0142ug drog\u0105 elektroniczn\u0105 zgodnie z ustaw\u0105 z dnia 18 lipca 2002 r. o \u015bwiadczeniu us\u0142ug drog\u0105 elektroniczn\u0105, w tym w szczeg\u00f3lno\u015bci poprzez zapewnienie mo\u017cliwo\u015bci korzystania z konta U\u017cytkownika \u2013 na podstawie akceptacji warunk\u00f3w Regulaminu (art. 6 ust. 1 lit. b RODO);<\/li>\n<li>b) komunikacji z U\u017cytkownikiem w celu dostarczeniu mu niezb\u0119dnych informacji oraz utrzymywania pozytywnych i dobrych relacji z Nim, co stanowi prawnie uzasadniony interes Administratora (art. 6 ust. 1 lit. f RODO);<\/li>\n<li>c) reklamowanie przez Administratora produkt\u00f3w i\/lub us\u0142ug poprzez kierowanie drog\u0105 elektroniczn\u0105 Informacji marketingowych (newsletter) o ile U\u017cytkownik wyrazi\u0142 zgod\u0119 na otrzymywanie takich powiadomie\u0144 za po\u015brednictwem e-mail (art.6 ust. 1 lit. a RODO);<\/li>\n<li>d) w celach analitycznych i statystycznych na podstawie prawnie uzasadnionego interesu Administratora polegaj\u0105cego na prowadzeniu weryfikacji aktywno\u015bci U\u017cytkownik\u00f3w i ich preferencji dla optymalizacji us\u0142ug i produkt\u00f3w oraz stosowanych funkcjonalno\u015bci Serwisu (art. 6 ust. 1 lit. f RODO);<\/li>\n<li>e) ewentualnego ustalenia, dochodzenia roszcze\u0144 lub obrony przed nimi na podstawie prawnie uzasadnionego interesu Administratora polegaj\u0105cego na ochronie jej praw (art. 6 ust. 1 lit. f RODO).<\/li>\n<\/ul>\n<\/li>\n<li>W ka\u017cdym z wymienionych powy\u017cej przypadk\u00f3w (ust 2) podanie danych jest dobrowolne, jednak konieczne do zawarcia umowy lub skorzystania z innych funkcjonalno\u015bci Serwisu.<\/li>\n<\/ol>\n<p>III. Okres przetwarzania danych osobowych<\/p>\n<ol>\n<li>Dane osobowe b\u0119d\u0105 przetwarzane przez okres, w kt\u00f3rym osoba pozostaje aktywnym U\u017cytkownikiem Serwisu (za\u0142o\u017cy\u0142a konto U\u017cytkownika, kt\u00f3re jest aktywne), a po tym czasie przez okres niezb\u0119dny do zachowania zgodno\u015bci z przepisami prawa, dochodzenia lub obrony przed ewentualnymi roszczeniami, jednak nie d\u0142u\u017cej ni\u017c 3 lat liczone od dnia rozwi\u0105zania umowy o \u015bwiadczeniu us\u0142ug drog\u0105 elektroniczn\u0105.<\/li>\n<li>Dane przetwarzane na podstawie zgody b\u0119d\u0105 przetwarzane do czasu wycofania udzielonej zgody z zastrze\u017ceniem, \u017ce wycofanie tej zgody nie ma wp\u0142ywu na zgodno\u015b\u0107 przetwarzania danych, kt\u00f3rego dokonano przed tym wycofaniem.<\/li>\n<\/ol>\n<p>IV. Informacje o przetwarzaniu<\/p>\n<ol>\n<li>Dane osobowe w zale\u017cno\u015bci od celu przetwarzania mog\u0105 zosta\u0107 ujawnione:\n<ul>\n<li>a. podmiotom powi\u0105zanym z Administratorem<\/li>\n<li>b. podmiotom wsp\u00f3\u0142pracuj\u0105cym z Administratorem,<\/li>\n<li>c. podwykonawcom, w szczeg\u00f3lno\u015bci podmiotom dostarczaj\u0105cym i obs\u0142uguj\u0105cym wybrane systemy i rozwi\u0105zania informatyczne,<\/li>\n<li>d. podmiotom obs\u0142uguj\u0105cym p\u0142atno\u015bci internetowe,<\/li>\n<li>e. podmiotom \u015bwiadcz\u0105cym us\u0142ugi kuriersko-pocztowe,<\/li>\n<li>f. kancelariom prawnym.<\/li>\n<\/ul>\n<\/li>\n<li>Dane osobowe przetwarzane przez Administratorem, nie b\u0119d\u0105 przekazywane poza Europejski Obszar Gospodarczy ani do organizacji mi\u0119dzynarodowych.<\/li>\n<li>Do zarz\u0105dzania plikami cookie i podobnymi wykorzystywanymi technologiami (piksele \u015bledz\u0105ce, web beacons itp.) oraz powi\u0105zanymi zgodami u\u017cywamy narz\u0119dzia do wyra\u017cania zgody &#8220;Real Cookie Banner&#8221;. Szczeg\u00f3\u0142y na temat tego, jak dzia\u0142a &#8220;Real Cookie Banner&#8221; mo\u017cna znale\u017a\u0107 na <a href=\"https:\/\/devowl.io\/rcb\/data-processing\/\" target=\"_blank\" rel=\"noopener noreferrer nofollow\">https:\/\/devowl.io\/rcb\/data-processing\/<\/a>.Podstaw\u0105 prawn\u0105 przetwarzania danych osobowych w tym kontek\u015bcie jest art. 6 ust. 1 lit. c RODO oraz art. 6 ust. 1 lit. f RODO. Naszym uzasadnionym interesem jest zarz\u0105dzanie plikami cookie i podobnymi wykorzystywanymi technologiami oraz zwi\u0105zanymi z nimi zgodami.\n<p>Podanie danych osobowych nie jest wymagane umownie ani konieczne do zawarcia umowy. Nie s\u0105 Pa\u0144stwo zobowi\u0105zani do podania danych osobowych. Je\u015bli nie podadz\u0105 Pa\u0144stwo danych osobowych, nie b\u0119dziemy mogli zarz\u0105dza\u0107 Pa\u0144stwa zgodami.<\/li>\n<\/ol>\n<p>V. Prawa os\u00f3b, kt\u00f3rych dane dotycz\u0105<\/p>\n<ol>\n<li>U\u017cytkownik Serwisu ma prawo:\n<ul>\n<li>dost\u0119pu do tre\u015bci swoich danych osobowych poprzez panel klienta w Serwisie<\/li>\n<li>zmiany danych w panelu Klienta w Serwisie<\/li>\n<li>usuni\u0119cia danych \u2013 aby usun\u0105\u0107 dane nale\u017cy napisa\u0107 e-mail z pro\u015bb\u0105 o usuni\u0119cie na adres: shop@pgwear.net<\/li>\n<li>ograniczenia przetwarzania danych<\/li>\n<li>przenoszenia danych<\/li>\n<li>wniesienia sprzeciwu wobec przetwarzania odbywaj\u0105cego si\u0119 na podstawie prawienie usprawiedliwionego interesu administratora<\/li>\n<li>wycofania zgody w dowolnym momencie bez wp\u0142ywu na zgodno\u015b\u0107 z prawem przetwarzania, kt\u00f3rego dokonano na podstawie tej zgody przed jej wycofaniem<\/li>\n<\/ul>\n<\/li>\n<li>U\u017cytkownik ma prawo do wniesienia skargi do Prezesa Urz\u0119du Ochrony Danych Osobowych w sytuacji, w kt\u00f3rej uzna, \u017ce przetwarzanie narusza jego prawa i wolno\u015bci.<\/li>\n<li>W procesie przetwarzania danych nie dochodzi do zautomatyzowanego podejmowania decyzji w tym do profilowania.<\/li>\n<\/ol>\n<p>VI. Postanowienia ko\u0144cowe<\/p>\n<ol>\n<li>Administrator zastrzega sobie prawo do wprowadzenia zmian w niniejszej Polityce prywatno\u015bci jednocze\u015bnie zapewnia, \u017ce prawa U\u017cytkownik\u00f3w wynikaj\u0105ce z niniejszego dokumenty nie zostan\u0105 ograniczone.<\/li>\n<li>O wszelkich zmiana w Polityce prywatno\u015bci U\u017cytkownik zostanie poinformowany poprzez komunikat dost\u0119pny w Serwisie.<\/li>\n<\/ol>\n<p>Aktualizacja polityki prywatno\u015bci: 13.06.2023<\/p>\n","protected":false},"excerpt":{"rendered":"<p>I Postanowienia og\u00f3lne Niniejsza Polityka ochrony prywatno\u015bci okre\u015bla spos\u00f3b zbierania, przetwarzania, analizowania i przechowywania danych osobowych koniecznych do \u015bwiadczenia us\u0142ug drog\u0105 elektroniczn\u0105 za po\u015brednictwem serwisu internetowego w domenie www.pgwear.net ( zwanym dalej: Serwis). Administratorem danych osobowych U\u017cytkownik\u00f3w jest PGWEAR Piotr Nierodzik, ul. Rzemie\u015blnicza 30\/46, 15-773 Bia\u0142ystok, NIP: 5422856418(zwanym dalej: Administrator). Dane osobowe przetwarzane s\u0105 zgodnie [&#8230;]\n","protected":false},"author":1,"featured_media":0,"parent":0,"menu_order":0,"comment_status":"closed","ping_status":"open","template":"","meta":{"_acf_changed":false,"footnotes":""},"class_list":["post-3","page","type-page","status-publish","hentry"],"acf":[],"_links":{"self":[{"href":"https:\/\/pgwear.net\/pl\/wp-json\/wp\/v2\/pages\/3","targetHints":{"allow":["GET"]}}],"collection":[{"href":"https:\/\/pgwear.net\/pl\/wp-json\/wp\/v2\/pages"}],"about":[{"href":"https:\/\/pgwear.net\/pl\/wp-json\/wp\/v2\/types\/page"}],"author":[{"embeddable":true,"href":"https:\/\/pgwear.net\/pl\/wp-json\/wp\/v2\/users\/1"}],"replies":[{"embeddable":true,"href":"https:\/\/pgwear.net\/pl\/wp-json\/wp\/v2\/comments?post=3"}],"version-history":[{"count":0,"href":"https:\/\/pgwear.net\/pl\/wp-json\/wp\/v2\/pages\/3\/revisions"}],"wp:attachment":[{"href":"https:\/\/pgwear.net\/pl\/wp-json\/wp\/v2\/media?parent=3"}],"curies":[{"name":"wp","href":"https:\/\/api.w.org\/{rel}","templated":true}]}}