{"id":32177,"date":"2022-09-09T09:55:23","date_gmt":"2022-09-09T07:55:23","guid":{"rendered":"https:\/\/pgwear.net\/?page_id=32177"},"modified":"2024-09-11T11:09:23","modified_gmt":"2024-09-11T09:09:23","slug":"newsletter","status":"publish","type":"page","link":"https:\/\/pgwear.net\/pl\/newsletter\/","title":{"rendered":"Newsletter"},"content":{"rendered":"\n\t<section class=\"section has-parallax\" id=\"section_725538024\">\n\t\t<div class=\"section-bg fill\" data-parallax-container=\".section\" data-parallax-background data-parallax=\"-7\">\n\t\t\t<img loading=\"lazy\" decoding=\"async\" width=\"1536\" height=\"1024\" src=\"https:\/\/pgwear.net\/wp-content\/uploads\/2024\/01\/pgwear-ss24-tenerife-93-1536x1024.jpg\" class=\"bg attachment-1536x1536 size-1536x1536\" alt=\"\" \/>\t\t\t\t\t\t<div class=\"section-bg-overlay absolute fill\"><\/div>\n\t\t\t\n\n\t\t<\/div>\n\n\t\t\n\n\t\t<div class=\"section-content relative\">\n\t\t\t\n<div class=\"row row-collapse align-center\"  id=\"row-1012173481\">\n\n\t<div id=\"col-1693124529\" class=\"col medium-5 small-10 large-7\"  >\n\t\t\t\t<div class=\"col-inner text-center\" style=\"background-color:rgba(255, 255, 255, 0.686);\" >\n\t\t\t\n\t\t\t\n<div class=\"container section-title-container\" ><h1 class=\"section-title section-title-bold-center\"><b aria-hidden=\"true\"><\/b><span class=\"section-title-main\" >Zapisz si\u0119 na newsletter<\/span><b aria-hidden=\"true\"><\/b><\/h1><\/div>\n<div class=\"row\"  id=\"row-1295251287\">\n\n\t<div id=\"col-663714868\" class=\"col hide-for-small medium-3 small-12 large-3\"  >\n\t\t\t\t<div class=\"col-inner text-center\"  >\n\t\t\t\n\t\t\t\n\t<div class=\"img has-hover x md-x lg-x y md-y lg-y\" id=\"image_1813675094\">\n\t\t\t\t\t\t\t\t<div class=\"img-inner dark\" >\n\t\t\t<img loading=\"lazy\" decoding=\"async\" width=\"75\" height=\"100\" src=\"https:\/\/pgwear.net\/wp-content\/uploads\/2021\/11\/pgwear-logo.png\" class=\"attachment-large size-large\" alt=\"\" \/>\t\t\t\t\t\t\n\t\t\t\t\t<\/div>\n\t\t\t\t\t\t\t\t\n<style>\n#image_1813675094 {\n  width: 81%;\n}\n<\/style>\n\t<\/div>\n\t\n\t\t<\/div>\n\t\t\t\t\t<\/div>\n\n\t\n\n\t<div id=\"col-1021203468\" class=\"col medium-9 small-12 large-9\"  >\n\t\t\t\t<div class=\"col-inner text-left\"  >\n\t\t\t\n\t\t\t\n<h4><span style=\"font-size: 160%;\">10% zni\u017cki na nast\u0119pne zam\u00f3wienie<\/span><\/h4>\n<p>Zni\u017ck\u0119 otrzymasz po potwierdzeniu zapisu na newsletter.<\/p>\n\t\t<\/div>\n\t\t\t\t\t<\/div>\n\n\t\n<\/div>\n\n<p><iframe loading=\"lazy\" width=\"540\" height=\"350\" src=\"https:\/\/0a47a9c4.sibforms.com\/serve\/MUIFAJ21NQYK56rDBJBa-zafnwFXr7Dr8iIGW1fLoikLZpPoXim4DT0FGREYPWqQ6PKI3MSm0W6HG2-YrBOA6vWJidmBiWRJljAG4cBkffTje1wUQx1psALyEUIIHTSyQY5LlVVIIt18-Ioagzg1fpUP6lUGWZW8OI4ixpv1Zjj79zklFdqTm9SdYzbwUovXiuvR79C8OeM1w2F2\" frameborder=\"0\" scrolling=\"auto\" allowfullscreen style=\"display: block;margin-left: auto;margin-right: auto;max-width: 100%;\"><\/iframe><br \/>\n\n\t\t<\/div>\n\t\t\t\t\n<style>\n#col-1693124529 > .col-inner {\n  padding: 50px 50px 30px 50px;\n}\n<\/style>\n\t<\/div>\n\n\t\n<\/div>\n\t\t<\/div>\n\n\t\t\n<style>\n#section_725538024 {\n  padding-top: 100px;\n  padding-bottom: 100px;\n  min-height: 519px;\n}\n#section_725538024 .section-bg-overlay {\n  background-color: rgba(0, 0, 0, 0.593);\n}\n#section_725538024 .section-bg img {\n  object-position: 62% 35%;\n}\n@media (min-width:550px) {\n  #section_725538024 {\n    padding-top: 30px;\n    padding-bottom: 30px;\n  }\n}\n<\/style>\n\t<\/section>\n\t\n","protected":false},"excerpt":{"rendered":"","protected":false},"author":48308,"featured_media":0,"parent":0,"menu_order":0,"comment_status":"closed","ping_status":"closed","template":"page-blank.php","meta":{"_acf_changed":false,"footnotes":""},"class_list":["post-32177","page","type-page","status-publish","hentry"],"acf":[],"_links":{"self":[{"href":"https:\/\/pgwear.net\/pl\/wp-json\/wp\/v2\/pages\/32177","targetHints":{"allow":["GET"]}}],"collection":[{"href":"https:\/\/pgwear.net\/pl\/wp-json\/wp\/v2\/pages"}],"about":[{"href":"https:\/\/pgwear.net\/pl\/wp-json\/wp\/v2\/types\/page"}],"author":[{"embeddable":true,"href":"https:\/\/pgwear.net\/pl\/wp-json\/wp\/v2\/users\/48308"}],"replies":[{"embeddable":true,"href":"https:\/\/pgwear.net\/pl\/wp-json\/wp\/v2\/comments?post=32177"}],"version-history":[{"count":26,"href":"https:\/\/pgwear.net\/pl\/wp-json\/wp\/v2\/pages\/32177\/revisions"}],"predecessor-version":[{"id":170143,"href":"https:\/\/pgwear.net\/pl\/wp-json\/wp\/v2\/pages\/32177\/revisions\/170143"}],"wp:attachment":[{"href":"https:\/\/pgwear.net\/pl\/wp-json\/wp\/v2\/media?parent=32177"}],"curies":[{"name":"wp","href":"https:\/\/api.w.org\/{rel}","templated":true}]}}