{"id":4844,"date":"2021-11-15T10:34:27","date_gmt":"2021-11-15T09:34:27","guid":{"rendered":"https:\/\/dev.pgwear.net\/?page_id=4844"},"modified":"2024-03-18T14:15:12","modified_gmt":"2024-03-18T13:15:12","slug":"regulamin","status":"publish","type":"page","link":"https:\/\/pgwear.net\/pl\/regulamin\/","title":{"rendered":"Regulamin"},"content":{"rendered":"<p><strong>Regulamin sklepu<\/strong><\/p>\n<p>Poni\u017cszy Regulamin okre\u015bla og&oacute;lne warunki sprzeda\u017cy obowi\u0105zuj\u0105ce w naszym sklepie internetowym dost\u0119pnym pod adresem https:\/\/pgwear.net\/, prowadzonym przez PGWEAR Piotr Nierodzik, ul. Rzemie\u015blnicza 30\/46, Bia\u0142ystok 15-773, NIP: PL5422856418, REGON: 200180817.<br \/>\n            Dzia\u0142alno\u015b\u0107 gospodarcza jest zarejestrowana w Centralnej Ewidencji i Informacji o Dzia\u0142alno\u015bci Gospodarczej (CEIDG), prowadzonej przez Ministra w\u0142a\u015bciwego do spraw gospodarki.\n            <\/p>\n<h2>1.&nbsp;Zakres obowi\u0105zywania regulaminu<\/h2>\n<p>Regulamin obowi\u0105zuje dla wszystkich zam&oacute;wie\u0144 sk\u0142adanych przez Konsument&oacute;w i Przedsi\u0119biorc&oacute;w za po\u015brednictwem naszego sklepu internetowego.<\/p>\n<p>Konsumentem jest zgodnie z art. 22 Kodeksu cywilnego osoba fizyczna dokonuj\u0105c\u0105 z przedsi\u0119biorc\u0105 czynno\u015bci prawnej niezwi\u0105zanej bezpo\u015brednio z jej dzia\u0142alno\u015bci\u0105 gospodarcz\u0105 lub zawodow\u0105.<\/p>\n<p>Przedsi\u0119biorc\u0105 jest zgodnie z art. 43 Kodeksu cywilnego osoba fizyczna, osoba prawna i jednostka organizacyjna nieb\u0119d\u0105ca osob\u0105 prawn\u0105, kt&oacute;rej ustawa przyznaje zdolno\u015b\u0107 prawn\u0105, prowadz\u0105ca we w\u0142asnym imieniu dzia\u0142alno\u015b\u0107 gospodarcz\u0105 lub zawodow\u0105.<\/p>\n<p>Inne lub uzupe\u0142niaj\u0105ce Regulaminy i Og&oacute;lne Warunki Handlowe stosowane przez Przedsi\u0119biorc&oacute;w nie znajduj\u0105 zastosowania <span style=\"font-size:11.0pt\"><span style=\"font-family:&quot;Calibri&quot;,sans-serif\">&ndash;<\/span><\/span> stan\u0105 si\u0119 one cz\u0119\u015bci\u0105 umowy wy\u0142\u0105cznie, gdy udzielimy na to wyra\u017anej, pisemnej zgody.<\/p>\n<h2>2.&nbsp;Zawarcie umowy <\/h2>\n<p>Umowa sprzeda\u017cy zostaje zawarta z PGWEAR Piotr Nierodzik.<\/p>\n<p>Prezentacja produkt&oacute;w w naszym sklepie internetowym stanowi ofert\u0119 zawarcia umowy sprzeda\u017cy. W celu zawarcia umowy nale\u017cy doda\u0107 wybrane produkty do koszyka zakupowego i z\u0142o\u017cy\u0107 zam&oacute;wienie. Koszyk zakupowy i wprowadzane w formularzach dane mo\u017cna modyfikowa\u0107 przed z\u0142o\u017ceniem zam&oacute;wienia korzystaj\u0105c w tym celu z dost\u0119pnych funkcjonalno\u015bci i komunikat&oacute;w ukazuj\u0105cych si\u0119 w trakcie procesu sk\u0142adania zam&oacute;wienia.<\/p>\n<p>Klikaj\u0105c na stronie z podsumowaniem zam&oacute;wienia w przycisk potwierdzaj\u0105cy i finalizuj\u0105cy zam&oacute;wienie, sk\u0142adaj\u0105 Pa\u0144stwo wi\u0105\u017c\u0105ce zam&oacute;wienie na produkty znajduj\u0105ce si\u0119 w koszyku zakupowym. Z chwil\u0105 wp\u0142yni\u0119cia i zarejestrowania Pa\u0144stwa zam&oacute;wienia w systemie informatycznym naszego sklepu internetowego zawarta zostaje umowa sprzeda\u017cy. Po z\u0142o\u017ceniu zam&oacute;wienia otrzymaj\u0105 Pa\u0144stwo od nas wiadomo\u015b\u0107 e-mail z potwierdzeniem zam&oacute;wienia i zawarcia umowy.<\/p>\n<h2>3.&nbsp;J\u0119zyk i zasady utrwalania umowy<\/h2>\n<p>Umow\u0119 sprzeda\u017cy mo\u017cna zawrze\u0107 w j\u0119zyku Polskim, Angielskim, Niemieckim<\/p>\n<p>Zachowujemy tre\u015b\u0107 umowy i przesy\u0142amy Pa\u0144stwu e-mailem dane dotycz\u0105ce zam\u00f3wienia oraz nasz Regulamin. Mog\u0105 Pa\u0144stwo tak\u017ce sprawdzi\u0107 informacje dotycz\u0105ce Pa\u0144stwa zam\u00f3wie\u0144 za po\u015brednictwem konta klienta. Regulamin udost\u0119pniany jest r\u00f3wnie\u017c na stronie internetowej naszego sklepu internetowego w spos\u00f3b umo\u017clwiaj\u0105cy Pa\u0144stwu jego pozyskanie, odtwarzanie i utrwalanie tre\u015bci.<\/p>\n<h2>4.&nbsp;Dostawa produkt&oacute;w <\/h2>\n<p>W niekt&oacute;rych przypadkach do podanych cen produkt&oacute;w nale\u017cy jeszcze doliczy\u0107 koszty przesy\u0142ki. Zam&oacute;wione produkty dostarczane s\u0105 za po\u015brednictwem wsp&oacute;\u0142pracuj\u0105cych z nami firm kurierskich. Szczeg&oacute;\u0142owe informacje o mo\u017cliwych sposobach i terminach dostawy oraz kosztach przesy\u0142ki prezentowane s\u0105 w trakcie sk\u0142adania zam&oacute;wienia oraz w specjalnej zak\u0142adce informacyjnej na stronie naszego sklepu.<\/p>\n<p>Oferowane w sklepie produkty sprzedajemy wy\u0142\u0105cznie w drodze wysy\u0142kowej. Niestety nie ma mo\u017cliwo\u015bci odbioru osobistego.<\/p>\n<p>Nie wysy\u0142amy produkt&oacute;w do paczkomat&oacute;w.<\/p>\n<h2>5.&nbsp;P\u0142atno\u015bci<\/h2>\n<p>W naszym sklepie internetowym dost\u0119pne s\u0105 dla Pa\u0144stwa nast\u0119puj\u0105ce formy p\u0142atno\u015bci:<\/p>\n<ul>\n<li> P\u0142atno\u015bci elektroniczne (e-p\u0142atno\u015bci) za po\u015brednictwem serwisu p\u0142atno\u015bci internetowych.<\/li>\n<\/ul>\n<ul>\n<li>P\u0142atno\u015b\u0107 tradycyjnym przelewem na rachunek bankowy naszego sklepu. W przypadku wyboru tej formy p\u0142atno\u015bci \u2013 po dokonanym zam\u00f3wieniu prze\u015blemy Pa\u0144stwu za po\u015brednictwem wiadomo\u015bci e-mail dane do realizacji przelewu. Realizacja zam\u00f3wienia zostanie rozpocz\u0119ta po zaksi\u0119gowaniu na naszym koncie pe\u0142nej kwoty wymaganej wp\u0142aty za z\u0142o\u017cone zam\u00f3wienie.<\/li>\n<\/ul>\n<p>Szczeg&oacute;\u0142owe informacje o mo\u017cliwych sposobach dokonania zap\u0142aty, w tym o zintegrowanych z naszym sklepem serwisach p\u0142atno\u015bci internetowych i dost\u0119pnych rodzajach e-p\u0142atno\u015bci oraz ewentualnych dodatkowych kosztach, prezentowane s\u0105 w trakcie sk\u0142adania zam&oacute;wienia oraz na stronie naszego sklepu w specjalnej zak\u0142adce informacyjnej dotycz\u0105cej sposob&oacute;w p\u0142atno\u015bci.<\/p>\n<h2>6.&nbsp;Prawo do odst\u0105pienia od umowy<\/h2>\n<p>Konsumentom przys\u0142uguje ustawowe prawo do odst\u0105pienia od umowy, zgodnie z informacjami zawartymi w pouczeniu o prawie odst\u0105pienia od umowy.<\/p>\n<p>Prawo do odst\u0105pienia od umowy przys\u0142uguje r&oacute;wnie\u017c osobom fizycznym zawieraj\u0105cym umow\u0119 bezpo\u015brednio zwi\u0105zan\u0105 z ich dzia\u0142alno\u015bci\u0105 gospodarcz\u0105, gdy z tre\u015bci tej umowy wynika, \u017ce nie ma ona dla tych os&oacute;b charakteru zawodowego wynikaj\u0105cego w szczeg&oacute;lno\u015bci z przedmiotu wykonywanej przez nich dzia\u0142alno\u015bci gospodarczej, udost\u0119pnionego na podstawie przepis&oacute;w o Centralnej Ewidencji i Informacji o Dzia\u0142alno\u015bci Gospodarczej. Pozosta\u0142ym przedsi\u0119biorcom prawo do odst\u0105pienia od umowy nie przys\u0142uguje.<\/p>\n<h2>7.&nbsp;Szkody powsta\u0142e podczas transportu<\/h2>\n<p>Dotyczy Konsument&oacute;w: w przypadku konsumenckiego zakupu na odleg\u0142o\u015b\u0107 nasz sklep zawsze ponosi ryzyko przypadkowego uszkodzenia lub utraty rzeczy w transporcie. Je\u017celi zam&oacute;wione produkty zostan\u0105 dostarczone z oczywistymi uszkodzeniami, powsta\u0142ymi w czasie transportu, uprzejmie prosimy o mo\u017cliwie jak najszybsze zg\u0142oszenie takiej wady u dor\u0119czyciela i kontakt z nami. Op&oacute;\u017anienie w zg\u0142oszeniu takiej reklamacji lub nawi\u0105zaniu kontaktu nie ma \u017cadnych konsekwencji dla Pa\u0144stwa ustawowych praw (opisanych poni\u017cej w punkcie dot. reklamacji) i ich zaspokojenia. Szybsze zg\u0142oszenie stanowi jednak dla nas pomoc przy dochodzeniu naszych roszcze\u0144 wobec przewo\u017anika lub ubezpieczyciela transportu.<\/p>\n<p>Dotyczy Przedsi\u0119biorc&oacute;w (z wyj\u0105tkiem os&oacute;b fizycznych zawieraj\u0105cych umow\u0119 bezpo\u015brednio zwi\u0105zan\u0105 z ich dzia\u0142alno\u015bci\u0105 gospodarcz\u0105, gdy z tre\u015bci tej umowy wynika, \u017ce nie ma ona dla tych os&oacute;b charakteru zawodowego &ndash; tzw. &bdquo;quasi-konsumenci&quot;, czyli przedsi\u0119biorcy jednoosobowi korzystaj\u0105cy z niekt&oacute;rych praw konsument&oacute;w): ryzyko przypadkowej utraty lub przypadkowego pogorszenia stanu produktu przechodzi na Pa\u0144stwa w momencie jego wydania przez nas spedytorowi, przewo\u017anikowi lub innej osobie lub instytucji zajmuj\u0105cej si\u0119 realizacj\u0105 wysy\u0142ki. Nie ponosimy odpowiedzialno\u015bci za utrat\u0119, ubytek lub uszkodzenie produktu powsta\u0142e od momentu przyj\u0119cia go do przewozu a\u017c do wydania go Pa\u0144stwu oraz za zawinione przez przewo\u017anika op&oacute;\u017anienie w dostarczeniu przesy\u0142ki.<\/p>\n<h2>8.&nbsp;Reklamacje: zgodno\u015b\u0107 towaru z umow\u0105 \/ wady <\/h2>\n<p><strong>Dotyczy Konsument&oacute;w<\/strong>: jeste\u015bmy zobowi\u0105zani dostarczy\u0107 towar bez wad. W przypadku braku zgodno\u015bci towaru z umow\u0105 Konsumentowi przys\u0142uguj\u0105 uprawnienia okre\u015blone w rozdziale 5a ustawy o prawach konsumenta. Na zasadach tam okre\u015blonych Konsument mo\u017ce \u017c\u0105da\u0107 naprawy lub wymiany towaru niezgodnego z umow\u0105, b\u0105d\u017a z\u0142o\u017cy\u0107 o\u015bwiadczenie o obni\u017ceniu ceny towaru albo odst\u0105pi\u0107 od umowy. Ponosimy odpowiedzialno\u015b\u0107 za brak zgodno\u015bci towaru z umow\u0105 ujawniony w ci\u0105gu 2 lat od jego dostarczenia, chyba \u017ce dla danego towaru okre\u015blili\u015bmy d\u0142u\u017cszy termin przydatno\u015bci do u\u017cycia &ndash; w takim przypadku obowi\u0105zuje ten d\u0142u\u017cszy termin.<\/p>\n<p>W razie braku zgodno\u015bci towaru z umow\u0105 powy\u017csze postanowienia dotycz\u0105ce Konsumenta stosuje si\u0119 r&oacute;wnie\u017c do osoby fizycznej zawieraj\u0105cej umow\u0119 bezpo\u015brednio zwi\u0105zan\u0105 z jej dzia\u0142alno\u015bci\u0105 gospodarcz\u0105, gdy z tre\u015bci tej umowy wynika, \u017ce nie ma ona dla tej osoby charakteru zawodowego, wynikaj\u0105cego w szczeg&oacute;lno\u015bci z przedmiotu wykonywanej przez ni\u0105 dzia\u0142alno\u015bci gospodarczej, udost\u0119pnionego na podstawie przepis&oacute;w o Centralnej Ewidencji i Informacji o Dzia\u0142alno\u015bci Gospodarczej.<\/p>\n<p><u>Reklamacje mo\u017cna sk\u0142ada\u0107:<\/u><\/p>\n<ul>\n<li>za po\u015brednictwem poczty elektronicznej na adres: shop@pgwear.net<\/li>\n<li>na pi\u015bmie na adres: PGWEAR Piotr Nierodzik, Ul. Prz\u0119dzalniana 8, 15-688 Bia\u0142ystok<\/li>\n<li>kontakt telefoniczny jest mo\u017cliwy pod numerem telefonu: +48 881 497 600<\/li>\n<\/ul>\n<p>Informacje dotycz\u0105ce ewentualnej dodatkowej gwarancji i jej szczeg&oacute;\u0142owe warunki s\u0105 zawsze do\u0142\u0105czane do produktu oraz dost\u0119pne na stronach informacyjnych sklepu internetowego. <\/p>\n<p><strong>Dotyczy Przedsi\u0119biorc&oacute;w<\/strong> (z wyj\u0105tkiem os&oacute;b fizycznych zawieraj\u0105cych umow\u0119 bezpo\u015brednio zwi\u0105zan\u0105 z ich dzia\u0142alno\u015bci\u0105 gospodarcz\u0105, gdy z tre\u015bci tej umowy wynika, \u017ce nie ma ona dla tych os&oacute;b charakteru zawodowego &ndash; tzw. &bdquo;quasi-konsumenci&quot;, czyli przedsi\u0119biorcy jednoosobowi korzystaj\u0105cy z niekt&oacute;rych praw konsument&oacute;w): uprawnienia z tytu\u0142u r\u0119kojmi zostaj\u0105 utracone, je\u017celi nie zbadali Pa\u0144stwo towaru w czasie i w spos&oacute;b przyj\u0119ty przy rzeczach tego rodzaju i nie zawiadomi\u0142 nas niezw\u0142ocznie o wadzie, a w przypadku gdy wada wysz\u0142a na jaw dopiero p&oacute;\u017aniej &ndash; je\u017celi nie zawiadomiono nas niezw\u0142ocznie po jej stwierdzeniu. W przypadku braku zawiadomienia o wadzie, towar uznaje si\u0119 za przyj\u0119ty. Reklamacje mo\u017cna sk\u0142ada\u0107 drog\u0105 elektroniczn\u0105 oraz pisemnie na adres wskazany powy\u017cej. Ponosimy odpowiedzialno\u015b\u0107 wy\u0142\u0105cznie za typowe szkody przewidywalne w momencie zawarcia umowy i ich normalne nast\u0119pstwa, nie ponosimy odpowiedzialno\u015bci z tytu\u0142u utraconych korzy\u015bci. W stosunku do przedsi\u0119biorc&oacute;w (z wyj\u0105tkiem przedsi\u0119biorc&oacute;w jednoosobowych korzystaj\u0105cych z niekt&oacute;rych praw konsument&oacute;w) nasza odpowiedzialno\u015b\u0107, bez wzgl\u0119du na jej podstaw\u0119 prawn\u0105, jest ograniczona &ndash; zar&oacute;wno w ramach pojedynczego roszczenia, jak r&oacute;wnie\u017c za wszelkie roszczenia \u0142\u0105cznie &ndash; do wysoko\u015bci zap\u0142aconej ceny oraz koszt&oacute;w dostawy z tytu\u0142u zawartej z nami umowy sprzeda\u017cy.<\/p>\n<h2>9.&nbsp;Us\u0142ugi \u015bwiadczone drog\u0105 elektroniczn\u0105<\/h2>\n<p>W celu korzystania z naszego sklepu internetowego, w tym do przegl\u0105dania asortymentu oraz sk\u0142adania zam&oacute;wie\u0144 niezb\u0119dne jest posiadanie urz\u0105dzenia multimedialnego z zainstalowan\u0105 przegl\u0105dark\u0105 internetow\u0105 i dost\u0119pem do sieci Internet oraz poczty elektronicznej. W ustawieniach przegl\u0105darki zaleca si\u0119 w\u0142\u0105czenie mo\u017cliwo\u015bci obs\u0142ugi skrypt&oacute;w JavaScript oraz zapisu plik&oacute;w Cookies. U\u017cytkownicy zobowi\u0105zani s\u0105 do korzystania ze sklepu internetowego w spos&oacute;b zgodny z prawem i dobrymi obyczajami, obowi\u0105zuje zakaz dostarczania tre\u015bci o charakterze bezprawnym.<\/p>\n<p>Podejmujemy wszelkie niezb\u0119dne dzia\u0142ania w celu zapewnienia w pe\u0142ni poprawnego dzia\u0142ania serwisu i interfejsu naszego sklepu internetowego w zakresie jaki wynika z aktualnej wiedzy technicznej i zobowi\u0105zujemy si\u0119 usun\u0105\u0107 w rozs\u0105dnym terminie wszelkie zg\u0142oszone przez u\u017cytkownik&oacute;w nieprawid\u0142owo\u015bci i problemy techniczne. Powy\u017csze dotyczy r&oacute;wnie\u017c mo\u017cliwo\u015bci zapisania si\u0119 do newslettera lub opcjonalnej mo\u017cliwo\u015bci za\u0142o\u017cenia konta klienta &ndash; je\u017celi us\u0142ugi te s\u0105 \u015bwiadczone w ramach naszego sklepu. O wszelkich wykrytych nieprawid\u0142owo\u015bciach lub przerwach w funkcjonowaniu serwisu i us\u0142ug naszego sklepu internetowego mog\u0105 nas Pa\u0144stwo powiadomi\u0107 za po\u015brednictwem danych kontaktowych wskazanych w punkcie powy\u017cej. W reklamacji dotycz\u0105cej nieprawid\u0142owo\u015bci zwi\u0105zanych z technicznym funkcjonowaniem serwisu sklepu internetowego prosimy o wskazanie rodzaju oraz daty wyst\u0105pienia nieprawid\u0142owo\u015bci.<\/p>\n<h2>10.&nbsp;Postanowienia dotycz\u0105ce korzystania z ochrony kupuj\u0105cego Trusted Shops <\/h2>\n<p>Za po\u015brednictwem ochrony kupuj\u0105cego oferowanej przez Trusted Shops AG mog\u0105 Pa\u0144stwo bezp\u0142atnie zabezpieczy\u0107 z\u0142o\u017cone u nas zam\u00f3wienia do maksymalnej wysoko\u015bci wynosz\u0105cej 10.000 z\u0142oty. Obowi\u0105zuj\u0105 warunki ochrony kupuj\u0105cego Trusted Shops, kt\u00f3re mo\u017cna znale\u017a\u0107 <a href=\"https:\/\/www.trustedshops.com\/tsdocument\/BUYER_AUTO_PROTECTION_TERMS_pl.pdf\" target=\"_blank\" rel=\"noopener nofollow\">tutaj<\/a>. Ochrona kupuj\u0105cego zostaje zawarta poprzez klikni\u0119cie w odpowiednio oznaczony przycisk na karcie narz\u0119dzia Trustcard, kt\u00f3ra po z\u0142o\u017ceniu zam\u00f3wienia pojawia si\u0119 jako okno pop-up na stronie z podzi\u0119kowaniem za dokonanie zam\u00f3wienia w naszym sklepie. Aby m\u00f3c zaoferowa\u0107 Pa\u0144stwu ochron\u0119 kupuj\u0105cego, Trustcard musi uzyska\u0107 dost\u0119p do danych dotycz\u0105cych zam\u00f3wienia przechowywanych w pami\u0119ci podr\u0119cznej Pa\u0144stwa przegl\u0105darki. Dost\u0119p jest wy\u0142\u0105cznie lokalny i \u017cadne dane dotycz\u0105ce zam\u00f3wie\u0144 nie s\u0105 przekazywane do Trusted Shops, je\u017celi aktywnie nie zdecyduj\u0105 si\u0119 Pa\u0144stwo na obj\u0119cie swojego zakupu ochron\u0105 kupuj\u0105cego lub nie wyrazili zgody na przekazanie danych dotycz\u0105cych zam\u00f3wie\u0144 do Trusted Shops. Je\u015bli wyra\u017c\u0105 Pa\u0144stwo zgod\u0119, w\u00f3wczas do Trusted Shops zostanie przes\u0142ana warto\u015b\u0107 hash Pa\u0144stwa adresu e-mail oraz numer zam\u00f3wienia i kwota zam\u00f3wienia. Je\u015bli s\u0105 ju\u017c Pa\u0144stwo zarejestrowani do korzystania z us\u0142ug Trusted Shops dla Kupuj\u0105cych, Pa\u0144stwa zam\u00f3wienie w naszym sklepie b\u0119dzie automatycznie zabezpieczone gwarancj\u0105 Trusted Shops. Je\u015bli nie s\u0105 Pa\u0144stwo jeszcze zarejestrowani, mog\u0105 Pa\u0144stwo zarejestrowa\u0107 si\u0119 za po\u015brednictwem karty zaufania Trustcard w spos\u00f3b opisany powy\u017cej. Informacje dotycz\u0105ce ochrony danych w Trusted Shops zosta\u0142y za\u0142\u0105czone do warunk\u00f3w korzystania z us\u0142ug Trusted Shops, do kt\u00f3rych odsy\u0142a link zamieszczony powy\u017cej.<\/p>\n<h2>11.&nbsp;Pozas\u0105dowe rozwi\u0105zywanie spor&oacute;w<\/h2>\n<p>Informujemy, \u017ce Konsumentom przys\u0142uguje mo\u017cliwo\u015b\u0107 skorzystania z pozas\u0105dowego sposobu rozpatrywania reklamacji i dochodzenia roszcze\u0144. Informacje o sposobie dost\u0119pu do ww. trybu i procedur rozstrzygania spor&oacute;w, znajduj\u0105 si\u0119 pod nast\u0119puj\u0105cym adresem: <a href=\"https:\/\/www.uokik.gov.pl\/\" target=\"_blank\" rel=\"noopener nofollow\">www.uokik.gov.pl<\/a> w zak\u0142adce &bdquo;<a href=\"https:\/\/www.uokik.gov.pl\/pozasadowe_rozwiazywanie_sporow_konsumenckich.php\" target=\"_blank\" rel=\"noopener nofollow\">Polubowne rozwi\u0105zywanie spor&oacute;w konsumenckich<\/a>&rdquo;. <\/p>\n<p>Ponadto pod adresem: <a href=\"https:\/\/ec.europa.eu\/consumers\/odr\/main\/index.cfm?event=main.home2.show&amp;lng=PL\" target=\"_blank\" rel=\"noopener nofollow\">http:\/\/ec.europa.eu\/consumers\/odr<\/a> Konsumenci maj\u0105 dost\u0119p do internetowej platformy rozstrzygania spor&oacute;w konsumenckich (tzw. platforma ODR). Platforma ODR stanowi wieloj\u0119zyczn\u0105, interaktywn\u0105 stron\u0119 internetow\u0105 dla obs\u0142ugi Konsument&oacute;w i przedsi\u0119biorc&oacute;w d\u0105\u017c\u0105cych do pozas\u0105dowego rozstrzygni\u0119cia spor&oacute;w wynikaj\u0105cych z zawarcia na odleg\u0142o\u015b\u0107 umowy sprzeda\u017cy lub umowy o \u015bwiadczenie us\u0142ug. <\/p>\n<p>Skorzystanie z ww. pozas\u0105dowych sposob&oacute;w dochodzenia roszcze\u0144 i rozstrzygania spor&oacute;w jest dobrowolne i mo\u017ce mie\u0107 miejsce wy\u0142\u0105cznie, gdy obie strony sporu (Konsument i sprzedawca) wyra\u017c\u0105 na to zgod\u0119.\n            <\/p>\n<h2>12.&nbsp;Postanowienia ko\u0144cowe<\/h2>\n<p>\u017badne z postanowie\u0144 niniejszego Regulaminu nie ma na celu naruszenia ustawowych praw Konsumenta. W przypadku jakichkolwiek sprzeczno\u015bci postanowie\u0144 niniejszego Regulaminu z prawami Konsument\u00f3w wynikaj\u0105cymi z powszechnie obowi\u0105zuj\u0105cych przepis\u00f3w \u2013 w miejsce zakwestionowanych postanowie\u0144 Regulaminu stosowane b\u0119d\u0105 zawsze ustawowe regulacje.<\/p>\n<p>W przypadku Przedsi\u0119biorc&oacute;w dla wszystkich um&oacute;w zawartych z nami obowi\u0105zuje prawo polskie z wy\u0142\u0105czeniem Konwencji Narod&oacute;w Zjednoczonych o umowach mi\u0119dzynarodowej sprzeda\u017cy towar&oacute;w.<\/p>\n<p>W przypadku Przedsi\u0119biorc&oacute;w, os&oacute;b prawnych prawa publicznego lub wyodr\u0119bnionych podmiot&oacute;w publiczno-prawnym, s\u0105dem wy\u0142\u0105cznie w\u0142a\u015bciwym dla rozstrzygania<span style=\"font-size:11pt\"><span style=\"font-family:&quot;Calibri&quot;,sans-serif\"><em> <\/em><\/span><\/span>wszystkich spor&oacute;w wynikaj\u0105cych ze stosunk&oacute;w umownych mi\u0119dzy nami i Pa\u0144stwem b\u0119dzie s\u0105d w\u0142a\u015bciwy dla naszej siedziby. Zdanie poprzednie nie dotyczy os&oacute;b fizycznych zawieraj\u0105cych umow\u0119 bezpo\u015brednio zwi\u0105zan\u0105 z ich dzia\u0142alno\u015bci\u0105 gospodarcz\u0105, gdy z tre\u015bci tej umowy wynika, \u017ce nie ma ona dla tych os&oacute;b charakteru zawodowego, wynikaj\u0105cego w szczeg&oacute;lno\u015bci z przedmiotu wykonywanej przez nie dzia\u0142alno\u015bci gospodarczej, udost\u0119pnionego na podstawie przepis&oacute;w o Centralnej Ewidencji i Informacji o Dzia\u0142alno\u015bci Gospodarczej.<\/p>\n","protected":false},"excerpt":{"rendered":"<p>Regulamin sklepu Poni\u017cszy Regulamin okre\u015bla og&oacute;lne warunki sprzeda\u017cy obowi\u0105zuj\u0105ce w naszym sklepie internetowym dost\u0119pnym pod adresem https:\/\/pgwear.net\/, prowadzonym przez PGWEAR Piotr Nierodzik, ul. Rzemie\u015blnicza 30\/46, Bia\u0142ystok 15-773, NIP: PL5422856418, REGON: 200180817. Dzia\u0142alno\u015b\u0107 gospodarcza jest zarejestrowana w Centralnej Ewidencji i Informacji o Dzia\u0142alno\u015bci Gospodarczej (CEIDG), prowadzonej przez Ministra w\u0142a\u015bciwego do spraw gospodarki. 1.&nbsp;Zakres obowi\u0105zywania regulaminu Regulamin [&#8230;]\n","protected":false},"author":1,"featured_media":0,"parent":0,"menu_order":0,"comment_status":"closed","ping_status":"closed","template":"","meta":{"_acf_changed":false,"footnotes":""},"class_list":["post-4844","page","type-page","status-publish","hentry"],"acf":[],"_links":{"self":[{"href":"https:\/\/pgwear.net\/pl\/wp-json\/wp\/v2\/pages\/4844","targetHints":{"allow":["GET"]}}],"collection":[{"href":"https:\/\/pgwear.net\/pl\/wp-json\/wp\/v2\/pages"}],"about":[{"href":"https:\/\/pgwear.net\/pl\/wp-json\/wp\/v2\/types\/page"}],"author":[{"embeddable":true,"href":"https:\/\/pgwear.net\/pl\/wp-json\/wp\/v2\/users\/1"}],"replies":[{"embeddable":true,"href":"https:\/\/pgwear.net\/pl\/wp-json\/wp\/v2\/comments?post=4844"}],"version-history":[{"count":0,"href":"https:\/\/pgwear.net\/pl\/wp-json\/wp\/v2\/pages\/4844\/revisions"}],"wp:attachment":[{"href":"https:\/\/pgwear.net\/pl\/wp-json\/wp\/v2\/media?parent=4844"}],"curies":[{"name":"wp","href":"https:\/\/api.w.org\/{rel}","templated":true}]}}