{"id":4849,"date":"2021-11-15T10:36:45","date_gmt":"2021-11-15T09:36:45","guid":{"rendered":"https:\/\/dev.pgwear.net\/?page_id=4849"},"modified":"2024-03-25T12:28:12","modified_gmt":"2024-03-25T11:28:12","slug":"wysylka-mapa-dostaw","status":"publish","type":"page","link":"https:\/\/pgwear.net\/pl\/wysylka-mapa-dostaw\/","title":{"rendered":"Wysy\u0142ka \/ Mapa dostaw"},"content":{"rendered":"<div class=\"row row-collapse row-full-width align-equal align-center\"  id=\"row-749396671\">\n\n\t<div id=\"col-762269614\" class=\"col medium-6 small-12 large-6\"  >\n\t\t\t\t<div class=\"col-inner text-center\"  >\n\t\t\t\n\t\t\t\n\t<div class=\"img has-hover x md-x lg-x y md-y lg-y\" id=\"image_723302607\">\n\t\t<a class=\"image-lightbox lightbox-gallery\" title=\"\" href=\"https:\/\/pgwear.net\/wp-content\/uploads\/2022\/04\/europa.png\">\t\t\t\t\t\t<div class=\"img-inner image-zoom-long dark\" >\n\t\t\t<img loading=\"lazy\" decoding=\"async\" width=\"556\" height=\"527\" src=\"https:\/\/pgwear.net\/wp-content\/uploads\/2022\/04\/europa.png\" class=\"attachment-original size-original\" alt=\"\" srcset=\"https:\/\/pgwear.net\/wp-content\/uploads\/2022\/04\/europa.png 556w, https:\/\/pgwear.net\/wp-content\/uploads\/2022\/04\/europa-300x284.png 300w\" sizes=\"auto, (max-width: 556px) 100vw, 556px\" \/>\t\t\t\t\t\t\n\t\t\t\t\t<\/div>\n\t\t\t\t\t\t<\/a>\t\t\n<style>\n#image_723302607 {\n  width: 75%;\n}\n<\/style>\n\t<\/div>\n\t\n\t\t<\/div>\n\t\t\t\t\t<\/div>\n\n\t\n\n\t<div id=\"col-801295786\" class=\"col medium-6 small-12 large-6\"  >\n\t\t\t\t<div class=\"col-inner\"  >\n\t\t\t\n\t\t\t\n<div class=\"row row-collapse align-equal align-center\"  id=\"row-1150206891\">\n\n\t<div id=\"col-1252913514\" class=\"col medium-6 small-12 large-6\"  >\n\t\t\t\t<div class=\"col-inner\"  >\n\t\t\t\n\t\t\t\n<div class=\"message-box relative dark\" style=\"padding-top:15px;padding-bottom:15px;\"><div class=\"message-box-bg-image bg-fill fill\" ><\/div><div class=\"message-box-bg-overlay bg-fill fill\" style=\"background-color:rgb(89, 89, 89);\"><\/div><div class=\"container relative\"><div class=\"inner last-reset\">\n<div class=\"row align-middle align-center\"  id=\"row-1117901035\">\n\n\t<div id=\"col-2071359002\" class=\"col small-12 large-12\"  >\n\t\t\t\t<div class=\"col-inner\"  >\n\t\t\t\n\t\t\t\n<h2>1 dzie\u0144<\/h2>\n<p>Polska <span class=\"red\">*<\/span><\/p>\n\t\t<\/div>\n\t\t\t\t\t<\/div>\n\n\t\n<\/div>\n<\/div><\/div><\/div>\n<div class=\"message-box relative dark\" style=\"padding-top:15px;padding-bottom:15px;\"><div class=\"message-box-bg-image bg-fill fill\" ><\/div><div class=\"message-box-bg-overlay bg-fill fill\" style=\"background-color:rgb(129, 129, 129);\"><\/div><div class=\"container relative\"><div class=\"inner last-reset\">\n<div class=\"row align-middle align-center\"  id=\"row-1879562416\">\n\n\t<div id=\"col-782553818\" class=\"col small-12 large-12\"  >\n\t\t\t\t<div class=\"col-inner\"  >\n\t\t\t\n\t\t\t\n<h2>2 dni<\/h2>\n<p>Niemcy <span class=\"red\">*<\/span><br \/>\nS\u0142owacja <span class=\"red\">*<\/span><br \/>\nCzechy <span class=\"red\">*<\/span><br \/>\nLuksemburg <span class=\"red\">*<\/span><br \/>\nBelgia <span class=\"red\">*<\/span><br \/>\nHolandia <span class=\"red\">*<\/span><br \/>\nDania <span class=\"red\">*<\/span><br \/>\nLitwa <span class=\"red\">*<\/span><br \/>\nEstonia <span class=\"red\">*<\/span><br \/>\n\u0141otwa <span class=\"red\">*<\/span><br \/>\nW\u0119gry <span class=\"red\">*<\/span><br \/>\nAustria <span class=\"red\">*<\/span><br \/>\nChorwacja <span class=\"red\">*<\/span><br \/>\nSzwajcaria<\/p>\n\t\t<\/div>\n\t\t\t\t\t<\/div>\n\n\t\n<\/div>\n<\/div><\/div><\/div>\n<div class=\"message-box relative dark\" style=\"padding-top:15px;padding-bottom:15px;\"><div class=\"message-box-bg-image bg-fill fill\" ><\/div><div class=\"message-box-bg-overlay bg-fill fill\" style=\"background-color:rgb(169, 169, 169);\"><\/div><div class=\"container relative\"><div class=\"inner last-reset\">\n<div class=\"row align-middle align-center\"  id=\"row-1287704625\">\n\n\t<div id=\"col-955616111\" class=\"col small-12 large-12\"  >\n\t\t\t\t<div class=\"col-inner\"  >\n\t\t\t\n\t\t\t\n<h2>3 dni<\/h2>\n<p>W\u0142ochy <span class=\"red\">*<\/span><br \/>\nWatykan <span class=\"red\">*<\/span><br \/>\nFrancja <span class=\"red\">*<\/span><br \/>\nWielka Brytania<br \/>\nRumunia <span class=\"red\">*<\/span><br \/>\nSzwecja <span class=\"red\">*<\/span><br \/>\nS\u0142owenia <span class=\"red\">*<\/span><\/p>\n\t\t<\/div>\n\t\t\t\t\t<\/div>\n\n\t\n<\/div>\n<\/div><\/div><\/div>\n\t\t<\/div>\n\t\t\t\t\t<\/div>\n\n\t\n\n\t<div id=\"col-213191658\" class=\"col medium-6 small-12 large-6\"  >\n\t\t\t\t<div class=\"col-inner\"  >\n\t\t\t\n\t\t\t\n<div class=\"message-box relative\" style=\"padding-top:15px;padding-bottom:15px;\"><div class=\"message-box-bg-image bg-fill fill\" ><\/div><div class=\"message-box-bg-overlay bg-fill fill\" style=\"background-color:rgb(211, 211, 211);\"><\/div><div class=\"container relative\"><div class=\"inner last-reset\">\n<div class=\"row align-middle align-center\"  id=\"row-824377458\">\n\n\t<div id=\"col-221009051\" class=\"col small-12 large-12\"  >\n\t\t\t\t<div class=\"col-inner\"  >\n\t\t\t\n\t\t\t\n<h2>4 dni lub wi\u0119cej<\/h2>\n<p>Hiszpania <span class=\"red\">*<\/span><br \/>\nPortugalia <span class=\"red\">*<\/span><br \/>\nMalta<br \/>\nCypr<br \/>\nGrecja<br \/>\nIrlandia<br \/>\nIslandia<br \/>\nNorwegia<br \/>\nFinlandia <span class=\"red\">*<\/span><br \/>\nBu\u0142garia <span class=\"red\">*<\/span><\/p>\n\t\t<\/div>\n\t\t\t\t\t<\/div>\n\n\t\n<\/div>\n<\/div><\/div><\/div>\n<div class=\"message-box relative\" style=\"padding-top:15px;padding-bottom:15px;\"><div class=\"message-box-bg-image bg-fill fill\" ><\/div><div class=\"message-box-bg-overlay bg-fill fill\" style=\"background-color:rgb(255, 255, 255);\"><\/div><div class=\"container relative\"><div class=\"inner last-reset\">\n<div class=\"row align-middle align-center\"  id=\"row-61312538\">\n\n\t<div id=\"col-1216898181\" class=\"col small-12 large-12\"  >\n\t\t\t\t<div class=\"col-inner\"  >\n\t\t\t\n\t\t\t\n<h2>6 dni lub wi\u0119cej<\/h2>\n<p>Serbia<br \/>\nBo\u015bnia i Hercegowina<br \/>\nMacedonia<br \/>\nAlbania<br \/>\nCzarnog\u00f3ra<br \/>\nUkraina<br \/>\nMo\u0142dawia<br \/>\nRosja<br \/>\nBia\u0142oru\u015b<\/p>\n\t\t<\/div>\n\t\t\t\t\t<\/div>\n\n\t\n<\/div>\n<\/div><\/div><\/div>\n<div class=\"message-box relative\" style=\"padding-top:15px;padding-bottom:15px;\"><div class=\"message-box-bg-image bg-fill fill\" ><\/div><div class=\"message-box-bg-overlay bg-fill fill\" style=\"background-color:rgb(230, 230, 230);\"><\/div><div class=\"container relative\"><div class=\"inner last-reset\">\n<div class=\"row align-middle align-center\"  id=\"row-1755383697\">\n\n\t<div id=\"col-274030757\" class=\"col small-12 large-12\"  >\n\t\t\t\t<div class=\"col-inner\"  >\n\t\t\t\n\t\t\t\n<h2><span class=\"red\">*<\/span> Darmowa wysy\u0142ka<\/h2>\n<p>Ka\u017cde zam\u00f3wienie powy\u017cej 200 z\u0142 wysy\u0142amy za darmo!<\/p>\n\t\t<\/div>\n\t\t\t\t\t<\/div>\n\n\t\n<\/div>\n<\/div><\/div><\/div>\n\t\t<\/div>\n\t\t\t\t\t<\/div>\n\n\t\n<\/div>\n\t\t<\/div>\n\t\t\t\t\t<\/div>\n\n\t\n\n<style>\n#row-749396671 > .col > .col-inner {\n  background-color: rgb(230, 230, 230);\n}\n<\/style>\n<\/div>\n\t<div id=\"gap-51423710\" class=\"gap-element clearfix\" style=\"display:block; height:auto;\">\n\t\t\n<style>\n#gap-51423710 {\n  padding-top: 33px;\n}\n<\/style>\n\t<\/div>\n\t\n<div class=\"row align-middle\"  id=\"row-1988851448\">\n\n\t<div id=\"col-1891243175\" class=\"col medium-4 small-12 large-4\"  >\n\t\t\t\t<div class=\"col-inner\"  >\n\t\t\t\n\t\t\t\n\t<div class=\"img has-hover x md-x lg-x y md-y lg-y\" id=\"image_1382030889\">\n\t\t\t\t\t\t\t\t<div class=\"img-inner dark\" >\n\t\t\t<img loading=\"lazy\" decoding=\"async\" width=\"352\" height=\"400\" src=\"https:\/\/pgwear.net\/wp-content\/uploads\/2021\/09\/PGwearLogo-1000x400-1.png\" class=\"attachment-original size-original\" alt=\"\" srcset=\"https:\/\/pgwear.net\/wp-content\/uploads\/2021\/09\/PGwearLogo-1000x400-1.png 352w, https:\/\/pgwear.net\/wp-content\/uploads\/2021\/09\/PGwearLogo-1000x400-1-264x300.png 264w\" sizes=\"auto, (max-width: 352px) 100vw, 352px\" \/>\t\t\t\t\t\t\t<div class=\"overlay\" style=\"background-color: rgba(255, 255, 255, 0)\"><\/div>\n\t\t\t\t\t\t\n\t\t\t\t\t<\/div>\n\t\t\t\t\t\t\t\t\n<style>\n#image_1382030889 {\n  width: 100%;\n}\n<\/style>\n\t<\/div>\n\t\n\t\t<\/div>\n\t\t\t\t\t<\/div>\n\n\t\n\n\t<div id=\"col-143828830\" class=\"col medium-8 small-12 large-8\"  >\n\t\t\t\t<div class=\"col-inner\"  >\n\t\t\t\n\t\t\t\n<div class=\"container section-title-container\" ><h3 class=\"section-title section-title-normal\"><b aria-hidden=\"true\"><\/b><span class=\"section-title-main\" >Wysy\u0142ka \/ Mapa dostaw<\/span><b aria-hidden=\"true\"><\/b><\/h3><\/div>\n\t<div id=\"text-3438862326\" class=\"text\">\n\t\t\n<p><strong>1.<\/strong> Wysy\u0142ki realizujemy firmami: GLS oraz Poczt\u0105 Polsk\u0105<br \/>\n<strong>2<\/strong>. Koszt dostawy na terenie Polski to: GLS: 21 PLN, Poczta Polska: 15 PLN<br \/>\n<strong>3.<\/strong> Zam\u00f3wienia realizowane s\u0105 w przeci\u0105gu 24 godzin<br \/>\n<strong>4.<\/strong> Czas dostarczenia zam\u00f3wienia na terenie Polski: GLS: 24h, Poczta Polska: 1-3 dni.<br \/>\n<strong>5.<\/strong> Realizujemy wysy\u0142ki na ca\u0142y \u015bwiat, dok\u0142adna cena wysy\u0142ki do Twojego kraju kalkulowana jest na etapie sk\u0142adania zam\u00f3wienia.<br \/>\n<strong>6.<\/strong> Zam\u00f3wienia powy\u017cej 200 PLN na terenie Polski wysy\u0142ane s\u0105 za darmo.<\/p>\n\t\t\n<style>\n#text-3438862326 {\n  font-size: 0.8rem;\n  line-height: 2.2;\n  text-align: left;\n}\n<\/style>\n\t<\/div>\n\t\n\t\t<\/div>\n\t\t\t\t\t<\/div>\n\n\t\n\n<style>\n#row-1988851448 > .col > .col-inner {\n  padding: 44px 0px 0px 0px;\n}\n<\/style>\n<\/div>\n\t<div id=\"gap-1594847997\" class=\"gap-element clearfix\" style=\"display:block; height:auto;\">\n\t\t\n<style>\n#gap-1594847997 {\n  padding-top: 61px;\n}\n<\/style>\n\t<\/div>\n\t\n<div class=\"row row-collapse row-full-width align-middle align-center\"  id=\"row-1656607743\">\n\n\t<div id=\"col-1206044930\" class=\"col medium-5 small-12 large-5\"  >\n\t\t\t\t<div class=\"col-inner text-center\"  >\n\t\t\t\n\t\t\t\n\t<div class=\"img has-hover x md-x lg-x y md-y lg-y\" id=\"image_643571405\">\n\t\t<a class=\"image-lightbox lightbox-gallery\" title=\"\" href=\"https:\/\/pgwear.net\/wp-content\/uploads\/2022\/04\/world.png\">\t\t\t\t\t\t<div class=\"img-inner image-zoom-long dark\" style=\"margin:0px 0px 46px 0px;\">\n\t\t\t<img loading=\"lazy\" decoding=\"async\" width=\"964\" height=\"574\" src=\"https:\/\/pgwear.net\/wp-content\/uploads\/2022\/04\/world.png\" class=\"attachment-original size-original\" alt=\"\" srcset=\"https:\/\/pgwear.net\/wp-content\/uploads\/2022\/04\/world.png 964w, https:\/\/pgwear.net\/wp-content\/uploads\/2022\/04\/world-300x179.png 300w, https:\/\/pgwear.net\/wp-content\/uploads\/2022\/04\/world-768x457.png 768w, https:\/\/pgwear.net\/wp-content\/uploads\/2022\/04\/world-866x516.png 866w\" sizes=\"auto, (max-width: 964px) 100vw, 964px\" \/>\t\t\t\t\t\t\n\t\t\t\t\t<\/div>\n\t\t\t\t\t\t<\/a>\t\t\n<style>\n#image_643571405 {\n  width: 100%;\n}\n<\/style>\n\t<\/div>\n\t\n\t\t<\/div>\n\t\t\t\t\t<\/div>\n\n\t\n\n\t<div id=\"col-841571212\" class=\"col medium-2 small-12 large-2\"  >\n\t\t\t\t<div class=\"col-inner\"  >\n\t\t\t\n\t\t\t\n<div class=\"message-box relative dark\" style=\"padding-top:15px;padding-bottom:15px;\"><div class=\"message-box-bg-image bg-fill fill\" ><\/div><div class=\"message-box-bg-overlay bg-fill fill\" style=\"background-color:rgb(89, 89, 89);\"><\/div><div class=\"container relative\"><div class=\"inner last-reset\">\n<div class=\"row align-middle align-center\"  id=\"row-806133559\">\n\n\t<div id=\"col-1178803620\" class=\"col small-12 large-12\"  >\n\t\t\t\t<div class=\"col-inner\"  >\n\t\t\t\n\t\t\t\n<h2>1 dzie\u0144<\/h2>\n\t\t<\/div>\n\t\t\t\t\t<\/div>\n\n\t\n<\/div>\n<\/div><\/div><\/div>\n<div class=\"message-box relative dark\" style=\"padding-top:15px;padding-bottom:15px;\"><div class=\"message-box-bg-image bg-fill fill\" ><\/div><div class=\"message-box-bg-overlay bg-fill fill\" style=\"background-color:rgb(129, 129, 129);\"><\/div><div class=\"container relative\"><div class=\"inner last-reset\">\n<div class=\"row align-middle align-center\"  id=\"row-1242322143\">\n\n\t<div id=\"col-1530863098\" class=\"col small-12 large-12\"  >\n\t\t\t\t<div class=\"col-inner\"  >\n\t\t\t\n\t\t\t\n<h2>2 dni<\/h2>\n\t\t<\/div>\n\t\t\t\t\t<\/div>\n\n\t\n<\/div>\n<\/div><\/div><\/div>\n<div class=\"message-box relative dark\" style=\"padding-top:15px;padding-bottom:15px;\"><div class=\"message-box-bg-image bg-fill fill\" ><\/div><div class=\"message-box-bg-overlay bg-fill fill\" style=\"background-color:rgb(169, 169, 169);\"><\/div><div class=\"container relative\"><div class=\"inner last-reset\">\n<div class=\"row align-middle align-center\"  id=\"row-1504162911\">\n\n\t<div id=\"col-1915886191\" class=\"col small-12 large-12\"  >\n\t\t\t\t<div class=\"col-inner\"  >\n\t\t\t\n\t\t\t\n<h2>3 dni<\/h2>\n\t\t<\/div>\n\t\t\t\t\t<\/div>\n\n\t\n<\/div>\n<\/div><\/div><\/div>\n<div class=\"message-box relative\" style=\"padding-top:15px;padding-bottom:15px;\"><div class=\"message-box-bg-image bg-fill fill\" ><\/div><div class=\"message-box-bg-overlay bg-fill fill\" style=\"background-color:rgb(211, 211, 211);\"><\/div><div class=\"container relative\"><div class=\"inner last-reset\">\n<div class=\"row align-middle align-center\"  id=\"row-956148483\">\n\n\t<div id=\"col-623562857\" class=\"col small-12 large-12\"  >\n\t\t\t\t<div class=\"col-inner\"  >\n\t\t\t\n\t\t\t\n<h2>4 dni lub wi\u0119cej<\/h2>\n\t\t<\/div>\n\t\t\t\t\t<\/div>\n\n\t\n<\/div>\n<\/div><\/div><\/div>\n<div class=\"message-box relative bord\" style=\"padding-top:15px;padding-bottom:15px;\"><div class=\"message-box-bg-image bg-fill fill\" ><\/div><div class=\"message-box-bg-overlay bg-fill fill\" style=\"background-color:rgb(255, 255, 255);\"><\/div><div class=\"container relative\"><div class=\"inner last-reset\">\n<div class=\"row align-middle align-center\"  id=\"row-817210815\">\n\n\t<div id=\"col-316932441\" class=\"col small-12 large-12\"  >\n\t\t\t\t<div class=\"col-inner\"  >\n\t\t\t\n\t\t\t\n<h2>6 dni lub wi\u0119cej<\/h2>\n\t\t<\/div>\n\t\t\t\t\t<\/div>\n\n\t\n<\/div>\n<\/div><\/div><\/div>\n\t\t<\/div>\n\t\t\t\t\t<\/div>\n\n\t\n<\/div>\n\t<div id=\"gap-1685710400\" class=\"gap-element clearfix\" style=\"display:block; height:auto;\">\n\t\t\n<style>\n#gap-1685710400 {\n  padding-top: 101px;\n}\n<\/style>\n\t<\/div>\n\t\n","protected":false},"excerpt":{"rendered":"","protected":false},"author":1,"featured_media":0,"parent":0,"menu_order":0,"comment_status":"closed","ping_status":"closed","template":"page-blank.php","meta":{"_acf_changed":false,"footnotes":""},"class_list":["post-4849","page","type-page","status-publish","hentry"],"acf":[],"_links":{"self":[{"href":"https:\/\/pgwear.net\/pl\/wp-json\/wp\/v2\/pages\/4849","targetHints":{"allow":["GET"]}}],"collection":[{"href":"https:\/\/pgwear.net\/pl\/wp-json\/wp\/v2\/pages"}],"about":[{"href":"https:\/\/pgwear.net\/pl\/wp-json\/wp\/v2\/types\/page"}],"author":[{"embeddable":true,"href":"https:\/\/pgwear.net\/pl\/wp-json\/wp\/v2\/users\/1"}],"replies":[{"embeddable":true,"href":"https:\/\/pgwear.net\/pl\/wp-json\/wp\/v2\/comments?post=4849"}],"version-history":[{"count":0,"href":"https:\/\/pgwear.net\/pl\/wp-json\/wp\/v2\/pages\/4849\/revisions"}],"wp:attachment":[{"href":"https:\/\/pgwear.net\/pl\/wp-json\/wp\/v2\/media?parent=4849"}],"curies":[{"name":"wp","href":"https:\/\/api.w.org\/{rel}","templated":true}]}}